{"id":3245,"date":"2022-04-27T19:02:05","date_gmt":"2022-04-27T17:02:05","guid":{"rendered":"https:\/\/cleopatra.medialoods.com\/?post_type=product&#038;p=3245"},"modified":"2026-04-27T17:44:31","modified_gmt":"2026-04-27T15:44:31","slug":"raindance-air-chroom","status":"publish","type":"product","link":"https:\/\/cleopatra.nl\/fr\/shop\/modulair-stoom\/opties-specificaties\/raindance-air\/","title":{"rendered":"Raindance Air180 | chroom"},"content":{"rendered":"<p>La Raindance Air de Hansgrohe est une douche de t\u00eate de haute qualit\u00e9 qui s'installe facilement dans le toit de votre bain de vapeur Cleopatra.<\/p>\n<p>Le site\u00a0<strong>bain de vapeur douche de t\u00eate<\/strong>\u00a0est disponible dans les 2 dimensions suivantes :<\/p>\n<ul>\n<li>180 mm<\/li>\n<\/ul>\n<h4>SP\u00c9CIFICATIONS DU PRODUIT :<\/h4>\n<div class=\"productInformation\">\n<div class=\"text\">\n<ul>\n<li>Forme un jet puissant de pluie<\/li>\n<li>La plaque de recouvrement est en m\u00e9tal et enti\u00e8rement chrom\u00e9e.<\/li>\n<li>Le syst\u00e8me anti-calcaire QuickClean assure une longue dur\u00e9e de vie \u00e0 ce produit.<\/li>\n<\/ul>\n<h4><code>\t\t\t<div class=\"gmwcp_button\">\n\t\t\t\t\t<a href=\"https:\/\/cleopatra.nl\/fr\/shop\/modulair-stoom\/opties-specificaties\/raindance-air\/?action=catelog_single&#038;product_id=3245\" class=\"button\">\n\t\t\t\t    Download Catalog\t\t\t\t<\/a>\n\t\t\t<\/div>\n\t\t\t<\/code><\/h4>\n<p>&nbsp;<\/p>\n<\/div>\n<\/div>","protected":false},"excerpt":{"rendered":"<p>La Raindance Air de Hansgrohe est une douche de t\u00eate de haute qualit\u00e9 qui s'installe facilement dans le toit de votre bain de vapeur Cleopatra.<\/p>","protected":false},"featured_media":3246,"template":"","format":"standard","meta":{"_acf_changed":false},"product_brand":[347],"product_cat":[90,350,78,71],"product_tag":[],"class_list":{"0":"post-3245","1":"product","2":"type-product","3":"status-publish","4":"format-standard","5":"has-post-thumbnail","7":"product_brand-cleopatra","8":"product_cat-opties-specificaties","9":"product_cat-dakdouches","10":"product_cat-modulair-stoom","11":"product_cat-shop","13":"first","14":"instock","15":"taxable","16":"shipping-taxable","17":"purchasable","18":"product-type-simple"},"acf":[],"_links":{"self":[{"href":"https:\/\/cleopatra.nl\/fr\/wp-json\/wp\/v2\/product\/3245","targetHints":{"allow":["GET"]}}],"collection":[{"href":"https:\/\/cleopatra.nl\/fr\/wp-json\/wp\/v2\/product"}],"about":[{"href":"https:\/\/cleopatra.nl\/fr\/wp-json\/wp\/v2\/types\/product"}],"wp:featuredmedia":[{"embeddable":true,"href":"https:\/\/cleopatra.nl\/fr\/wp-json\/wp\/v2\/media\/3246"}],"wp:attachment":[{"href":"https:\/\/cleopatra.nl\/fr\/wp-json\/wp\/v2\/media?parent=3245"}],"wp:term":[{"taxonomy":"product_brand","embeddable":true,"href":"https:\/\/cleopatra.nl\/fr\/wp-json\/wp\/v2\/product_brand?post=3245"},{"taxonomy":"product_cat","embeddable":true,"href":"https:\/\/cleopatra.nl\/fr\/wp-json\/wp\/v2\/product_cat?post=3245"},{"taxonomy":"product_tag","embeddable":true,"href":"https:\/\/cleopatra.nl\/fr\/wp-json\/wp\/v2\/product_tag?post=3245"}],"curies":[{"name":"wp","href":"https:\/\/api.w.org\/{rel}","templated":true}]}}