{"id":3247,"date":"2022-04-27T19:02:05","date_gmt":"2022-04-27T17:02:05","guid":{"rendered":"https:\/\/cleopatra.medialoods.com\/?post_type=product&#038;p=3247"},"modified":"2026-04-26T21:18:56","modified_gmt":"2026-04-26T19:18:56","slug":"raindance-select-chroom","status":"publish","type":"product","link":"https:\/\/cleopatra.nl\/fr\/shop\/modulair-stoom\/opties-specificaties\/raindance-select\/","title":{"rendered":"Raindance Select | chrome"},"content":{"rendered":"<p>Le mod\u00e8le Raindance Select de Hansgrohe est une<strong>\u00a0douche de t\u00eate de haute qualit\u00e9<\/strong>\u00a0qui peut \u00eatre install\u00e9 dans toutes les toitures Cleopatra.<\/p>\n<p>Gr\u00e2ce au bouton Select, vous pouvez facilement passer d'un mode de pulv\u00e9risation \u00e0 l'autre :<\/p>\n<p>Pluie : puissant jet de pluie<\/p>\n<p>RainAir : jet de pluie complet et doux<\/p>\n<p>&nbsp;<\/p>\n<h4>MISE EN \u0152UVRE<\/h4>\n<p>Le Raindance Select est disponible en 4 versions diff\u00e9rentes (2 diam\u00e8tres diff\u00e9rents) :<\/p>\n<ul>\n<li>240 mm chrome<\/li>\n<li>300 mm chrome<\/li>\n<\/ul>\n<p>&nbsp;<\/p>\n<p><strong><em>Veuillez noter ! Pour les versions de 300 mm, il y a un suppl\u00e9ment de prix.<\/em><\/strong><\/p>","protected":false},"excerpt":{"rendered":"<p>Le mod\u00e8le Raindance Select de Hansgrohe est une<strong>\u00a0douche de t\u00eate de haute qualit\u00e9<\/strong>\u00a0qui peut \u00eatre install\u00e9 dans toutes les toitures Cleopatra.<\/p>","protected":false},"featured_media":3248,"template":"","format":"standard","meta":{"_acf_changed":false},"product_brand":[347],"product_cat":[90,78,71],"product_tag":[],"class_list":{"0":"post-3247","1":"product","2":"type-product","3":"status-publish","4":"format-standard","5":"has-post-thumbnail","7":"product_brand-cleopatra","8":"product_cat-opties-specificaties","9":"product_cat-modulair-stoom","10":"product_cat-shop","12":"first","13":"instock","14":"taxable","15":"shipping-taxable","16":"purchasable","17":"product-type-simple"},"acf":[],"_links":{"self":[{"href":"https:\/\/cleopatra.nl\/fr\/wp-json\/wp\/v2\/product\/3247","targetHints":{"allow":["GET"]}}],"collection":[{"href":"https:\/\/cleopatra.nl\/fr\/wp-json\/wp\/v2\/product"}],"about":[{"href":"https:\/\/cleopatra.nl\/fr\/wp-json\/wp\/v2\/types\/product"}],"wp:featuredmedia":[{"embeddable":true,"href":"https:\/\/cleopatra.nl\/fr\/wp-json\/wp\/v2\/media\/3248"}],"wp:attachment":[{"href":"https:\/\/cleopatra.nl\/fr\/wp-json\/wp\/v2\/media?parent=3247"}],"wp:term":[{"taxonomy":"product_brand","embeddable":true,"href":"https:\/\/cleopatra.nl\/fr\/wp-json\/wp\/v2\/product_brand?post=3247"},{"taxonomy":"product_cat","embeddable":true,"href":"https:\/\/cleopatra.nl\/fr\/wp-json\/wp\/v2\/product_cat?post=3247"},{"taxonomy":"product_tag","embeddable":true,"href":"https:\/\/cleopatra.nl\/fr\/wp-json\/wp\/v2\/product_tag?post=3247"}],"curies":[{"name":"wp","href":"https:\/\/api.w.org\/{rel}","templated":true}]}}