{"id":3255,"date":"2022-04-27T19:02:04","date_gmt":"2022-04-27T17:02:04","guid":{"rendered":"https:\/\/cleopatra.medialoods.com\/?post_type=product&#038;p=3255"},"modified":"2026-04-27T10:12:48","modified_gmt":"2026-04-27T08:12:48","slug":"geluidsmodule-bluetooth","status":"publish","type":"product","link":"https:\/\/cleopatra.nl\/fr\/shop\/stoomtechniek-prive\/stoomtechniek-opties-stoomtechniek-prive\/geluidsmodule-bluetooth-2-speakers-voor-cleo-steam\/","title":{"rendered":"Module de son Bluetooth"},"content":{"rendered":"<h4><strong>MODULE DE SON BLUETOOTH AVEC 2 HAUT-PARLEURS<\/strong><\/h4>\n<p>Ce module sonore fonctionne via Bluetooth et offre un son agr\u00e9able et clair dans votre salle de bains ou votre hammam. Les 2 haut-parleurs sont c\u00e2bl\u00e9s et peuvent \u00eatre int\u00e9gr\u00e9s dans un plafond ou un mur. Le module sonore ne peut \u00eatre utilis\u00e9 qu'en combinaison avec le Steam Deluxe.<\/p>\n<p>Les enceintes sont \u00e9tanches et peuvent \u00eatre peintes en couleur RAL moyennant un suppl\u00e9ment.<\/p>\n<p>&nbsp;<\/p>\n<h4><strong>CARACT\u00c9RISTIQUES TECHNIQUES<\/strong><\/h4>\n<ul>\n<li>4 Ohm<\/li>\n<li>Puissance nominale 60 W<\/li>\n<li>Puissance maximale 80 W<\/li>\n<\/ul>","protected":false},"excerpt":{"rendered":"<p>Ce module sonore fonctionne via Bluetooth et offre un son agr\u00e9able et clair dans votre salle de bains ou votre hammam. Les 2 haut-parleurs sont c\u00e2bl\u00e9s et peuvent \u00eatre int\u00e9gr\u00e9s dans un plafond ou un mur. Le module sonore ne peut \u00eatre utilis\u00e9 qu'en combinaison avec le Steam Deluxe.<\/p>","protected":false},"featured_media":3256,"template":"","format":"standard","meta":{"_acf_changed":false},"product_brand":[347],"product_cat":[100,71,80],"product_tag":[],"class_list":{"0":"post-3255","1":"product","2":"type-product","3":"status-publish","4":"format-standard","5":"has-post-thumbnail","7":"product_brand-cleopatra","8":"product_cat-stoomtechniek-opties-stoomtechniek-prive","9":"product_cat-shop","10":"product_cat-stoomtechniek-prive","12":"first","13":"instock","14":"taxable","15":"shipping-taxable","16":"purchasable","17":"product-type-simple"},"acf":[],"_links":{"self":[{"href":"https:\/\/cleopatra.nl\/fr\/wp-json\/wp\/v2\/product\/3255","targetHints":{"allow":["GET"]}}],"collection":[{"href":"https:\/\/cleopatra.nl\/fr\/wp-json\/wp\/v2\/product"}],"about":[{"href":"https:\/\/cleopatra.nl\/fr\/wp-json\/wp\/v2\/types\/product"}],"wp:featuredmedia":[{"embeddable":true,"href":"https:\/\/cleopatra.nl\/fr\/wp-json\/wp\/v2\/media\/3256"}],"wp:attachment":[{"href":"https:\/\/cleopatra.nl\/fr\/wp-json\/wp\/v2\/media?parent=3255"}],"wp:term":[{"taxonomy":"product_brand","embeddable":true,"href":"https:\/\/cleopatra.nl\/fr\/wp-json\/wp\/v2\/product_brand?post=3255"},{"taxonomy":"product_cat","embeddable":true,"href":"https:\/\/cleopatra.nl\/fr\/wp-json\/wp\/v2\/product_cat?post=3255"},{"taxonomy":"product_tag","embeddable":true,"href":"https:\/\/cleopatra.nl\/fr\/wp-json\/wp\/v2\/product_tag?post=3255"}],"curies":[{"name":"wp","href":"https:\/\/api.w.org\/{rel}","templated":true}]}}