{"id":3257,"date":"2022-04-27T19:02:04","date_gmt":"2022-04-27T17:02:04","guid":{"rendered":"https:\/\/cleopatra.medialoods.com\/?post_type=product&#038;p=3257"},"modified":"2026-04-27T13:10:08","modified_gmt":"2026-04-27T11:10:08","slug":"halosteam-zoutoplossing","status":"publish","type":"product","link":"https:\/\/cleopatra.nl\/fr\/shop\/stoomtechniek-prive\/stoomtechniek-opties-stoomtechniek-prive\/halosteam-stomen-in-zoutoplossing\/","title":{"rendered":"Halosteam saline"},"content":{"rendered":"<h4><strong>HALOSTEAM<\/strong><\/h4>\n<p>La vapeur dans une solution saline est une exp\u00e9rience merveilleuse. Le sel rend la peau douce et lisse et facilite la respiration. L'inhalation d'une solution saline est efficace, entre autres, contre les rhumes. La technique fonctionne avec une pompe doseuse qui introduit une solution saline dans le tuyau de vapeur avant qu'il ne p\u00e9n\u00e8tre dans la cabine. D\u00e8s que la vapeur passe devant la solution saline, celle-ci se transforme compl\u00e8tement en vapeur. L'odeur et le sel sont ainsi transport\u00e9s dans le nuage de vapeur et peuvent \u00eatre facilement inhal\u00e9s.<\/p>\n<p>&nbsp;<\/p>\n<h4><strong>NOTES<\/strong><\/h4>\n<ul>\n<li>Halosteam peut \u00eatre facilement recharg\u00e9 \u00e0 l'aide de conteneurs de 5 litres.<\/li>\n<li>Il est possible d'utiliser jusqu'\u00e0 3 pompes doseuses en combinaison avec des poussi\u00e8res polyvalentes.<\/li>\n<\/ul>","protected":false},"excerpt":{"rendered":"<p>La vapeur dans une solution saline est une exp\u00e9rience merveilleuse. Le sel rend la peau douce et lisse et facilite la respiration. L'inhalation d'une solution saline est efficace, entre autres, contre les rhumes. La technique fonctionne avec une pompe doseuse qui introduit une solution saline dans le tuyau de vapeur avant qu'il ne p\u00e9n\u00e8tre dans la cabine. D\u00e8s que la vapeur passe devant la solution saline, celle-ci se transforme compl\u00e8tement en vapeur. L'odeur et le sel sont ainsi transport\u00e9s dans le nuage de vapeur et peuvent \u00eatre facilement inhal\u00e9s.<\/p>","protected":false},"featured_media":3258,"template":"","format":"standard","meta":{"_acf_changed":false},"product_brand":[347],"product_cat":[100,71,80],"product_tag":[],"class_list":{"0":"post-3257","1":"product","2":"type-product","3":"status-publish","4":"format-standard","5":"has-post-thumbnail","7":"product_brand-cleopatra","8":"product_cat-stoomtechniek-opties-stoomtechniek-prive","9":"product_cat-shop","10":"product_cat-stoomtechniek-prive","12":"first","13":"instock","14":"taxable","15":"shipping-taxable","16":"purchasable","17":"product-type-simple"},"acf":[],"_links":{"self":[{"href":"https:\/\/cleopatra.nl\/fr\/wp-json\/wp\/v2\/product\/3257","targetHints":{"allow":["GET"]}}],"collection":[{"href":"https:\/\/cleopatra.nl\/fr\/wp-json\/wp\/v2\/product"}],"about":[{"href":"https:\/\/cleopatra.nl\/fr\/wp-json\/wp\/v2\/types\/product"}],"wp:featuredmedia":[{"embeddable":true,"href":"https:\/\/cleopatra.nl\/fr\/wp-json\/wp\/v2\/media\/3258"}],"wp:attachment":[{"href":"https:\/\/cleopatra.nl\/fr\/wp-json\/wp\/v2\/media?parent=3257"}],"wp:term":[{"taxonomy":"product_brand","embeddable":true,"href":"https:\/\/cleopatra.nl\/fr\/wp-json\/wp\/v2\/product_brand?post=3257"},{"taxonomy":"product_cat","embeddable":true,"href":"https:\/\/cleopatra.nl\/fr\/wp-json\/wp\/v2\/product_cat?post=3257"},{"taxonomy":"product_tag","embeddable":true,"href":"https:\/\/cleopatra.nl\/fr\/wp-json\/wp\/v2\/product_tag?post=3257"}],"curies":[{"name":"wp","href":"https:\/\/api.w.org\/{rel}","templated":true}]}}