{"id":3259,"date":"2022-04-27T19:02:04","date_gmt":"2022-04-27T17:02:04","guid":{"rendered":"https:\/\/cleopatra.medialoods.com\/?post_type=product&#038;p=3259"},"modified":"2026-04-26T21:18:55","modified_gmt":"2026-04-26T19:18:55","slug":"kleurlicht-led-spots","status":"publish","type":"product","link":"https:\/\/cleopatra.nl\/fr\/shop\/stoomtechniek-prive\/stoomtechniek-opties-stoomtechniek-prive\/kleurlicht-led-spots-2-stuks\/","title":{"rendered":"Lumi\u00e8re color\u00e9e | Spots LED"},"content":{"rendered":"<h4><strong>LUMI\u00c8RE COLOR\u00c9E SPOTS LED | 2 PI\u00c8CES<\/strong><\/h4>\n<p>Les spots LED \u00e0 lumi\u00e8re color\u00e9e cr\u00e9ent une atmosph\u00e8re unique dans n'importe quelle pi\u00e8ce. Le panneau de commande du g\u00e9n\u00e9rateur de vapeur vous permet de choisir la bonne couleur, de l'att\u00e9nuer ou de la faire pivoter automatiquement.<\/p>\n<p>&nbsp;<\/p>\n<p><strong>CARACT\u00c9RISTIQUES TECHNIQUES<\/strong><\/p>\n<ul>\n<li>Spots LED RVB 3 Watt - 5 Volt<\/li>\n<\/ul>","protected":false},"excerpt":{"rendered":"<p>Les spots LED \u00e0 lumi\u00e8re color\u00e9e cr\u00e9ent une atmosph\u00e8re unique dans n'importe quelle pi\u00e8ce. Le panneau de commande du g\u00e9n\u00e9rateur de vapeur vous permet de choisir la bonne couleur, de l'att\u00e9nuer ou de la faire pivoter automatiquement.<\/p>","protected":false},"featured_media":3260,"template":"","format":"standard","meta":{"_acf_changed":false},"product_brand":[347],"product_cat":[100,71,80],"product_tag":[],"class_list":{"0":"post-3259","1":"product","2":"type-product","3":"status-publish","4":"format-standard","5":"has-post-thumbnail","7":"product_brand-cleopatra","8":"product_cat-stoomtechniek-opties-stoomtechniek-prive","9":"product_cat-shop","10":"product_cat-stoomtechniek-prive","12":"first","13":"instock","14":"taxable","15":"shipping-taxable","16":"purchasable","17":"product-type-simple"},"acf":[],"_links":{"self":[{"href":"https:\/\/cleopatra.nl\/fr\/wp-json\/wp\/v2\/product\/3259","targetHints":{"allow":["GET"]}}],"collection":[{"href":"https:\/\/cleopatra.nl\/fr\/wp-json\/wp\/v2\/product"}],"about":[{"href":"https:\/\/cleopatra.nl\/fr\/wp-json\/wp\/v2\/types\/product"}],"wp:featuredmedia":[{"embeddable":true,"href":"https:\/\/cleopatra.nl\/fr\/wp-json\/wp\/v2\/media\/3260"}],"wp:attachment":[{"href":"https:\/\/cleopatra.nl\/fr\/wp-json\/wp\/v2\/media?parent=3259"}],"wp:term":[{"taxonomy":"product_brand","embeddable":true,"href":"https:\/\/cleopatra.nl\/fr\/wp-json\/wp\/v2\/product_brand?post=3259"},{"taxonomy":"product_cat","embeddable":true,"href":"https:\/\/cleopatra.nl\/fr\/wp-json\/wp\/v2\/product_cat?post=3259"},{"taxonomy":"product_tag","embeddable":true,"href":"https:\/\/cleopatra.nl\/fr\/wp-json\/wp\/v2\/product_tag?post=3259"}],"curies":[{"name":"wp","href":"https:\/\/api.w.org\/{rel}","templated":true}]}}