{"id":3261,"date":"2022-04-27T19:02:04","date_gmt":"2022-04-27T17:02:04","guid":{"rendered":"https:\/\/cleopatra.medialoods.com\/?post_type=product&#038;p=3261"},"modified":"2026-04-27T13:08:31","modified_gmt":"2026-04-27T11:08:31","slug":"kleurlicht-led-strip","status":"publish","type":"product","link":"https:\/\/cleopatra.nl\/fr\/shop\/stoomtechniek-prive\/stoomtechniek-opties-stoomtechniek-prive\/kleurlicht-led-strip-rgb-5-meter\/","title":{"rendered":"Lumi\u00e8re color\u00e9e | Bande LED"},"content":{"rendered":"<h4><strong>BANDE LUMINEUSE COLOR\u00c9E RGB (MAX 5 M\u00c8TRES)<\/strong><\/h4>\n<p>Vous souhaitez cr\u00e9er un bel \u00e9clairage homog\u00e8ne dans votre bain de vapeur, par exemple sous une banquette ? La bande LED de Cleopatra est alors une option id\u00e9ale. Fournie dans un profil\u00e9 en aluminium avec joint d'\u00e9tanch\u00e9it\u00e9, elle est facile \u00e0 mettre en \u0153uvre.<\/p>\n<p>&nbsp;<\/p>\n<p><strong>CARACT\u00c9RISTIQUES TECHNIQUES<\/strong><\/p>\n<ul>\n<li>Y compris profil\u00e9 en aluminium avec joint opalin<\/li>\n<li>A utiliser avec les Steam One, Smart, Deluxe<\/li>\n<li>Bo\u00eete de connexion s\u00e9par\u00e9e pour 230V incluse<\/li>\n<\/ul>","protected":false},"excerpt":{"rendered":"<p>Vous souhaitez cr\u00e9er un bel \u00e9clairage homog\u00e8ne dans votre bain de vapeur, par exemple sous une banquette ? La bande LED de Cleopatra est alors une option id\u00e9ale. Fournie dans un profil\u00e9 en aluminium avec joint d'\u00e9tanch\u00e9it\u00e9, elle est facile \u00e0 mettre en \u0153uvre.<\/p>","protected":false},"featured_media":3262,"template":"","format":"standard","meta":{"_acf_changed":false},"product_brand":[347],"product_cat":[100,71,80],"product_tag":[],"class_list":{"0":"post-3261","1":"product","2":"type-product","3":"status-publish","4":"format-standard","5":"has-post-thumbnail","7":"product_brand-cleopatra","8":"product_cat-stoomtechniek-opties-stoomtechniek-prive","9":"product_cat-shop","10":"product_cat-stoomtechniek-prive","12":"first","13":"instock","14":"taxable","15":"shipping-taxable","16":"purchasable","17":"product-type-simple"},"acf":[],"_links":{"self":[{"href":"https:\/\/cleopatra.nl\/fr\/wp-json\/wp\/v2\/product\/3261","targetHints":{"allow":["GET"]}}],"collection":[{"href":"https:\/\/cleopatra.nl\/fr\/wp-json\/wp\/v2\/product"}],"about":[{"href":"https:\/\/cleopatra.nl\/fr\/wp-json\/wp\/v2\/types\/product"}],"wp:featuredmedia":[{"embeddable":true,"href":"https:\/\/cleopatra.nl\/fr\/wp-json\/wp\/v2\/media\/3262"}],"wp:attachment":[{"href":"https:\/\/cleopatra.nl\/fr\/wp-json\/wp\/v2\/media?parent=3261"}],"wp:term":[{"taxonomy":"product_brand","embeddable":true,"href":"https:\/\/cleopatra.nl\/fr\/wp-json\/wp\/v2\/product_brand?post=3261"},{"taxonomy":"product_cat","embeddable":true,"href":"https:\/\/cleopatra.nl\/fr\/wp-json\/wp\/v2\/product_cat?post=3261"},{"taxonomy":"product_tag","embeddable":true,"href":"https:\/\/cleopatra.nl\/fr\/wp-json\/wp\/v2\/product_tag?post=3261"}],"curies":[{"name":"wp","href":"https:\/\/api.w.org\/{rel}","templated":true}]}}