{"id":3265,"date":"2022-04-27T19:02:03","date_gmt":"2022-04-27T17:02:03","guid":{"rendered":"https:\/\/cleopatra.medialoods.com\/?post_type=product&#038;p=3265"},"modified":"2026-04-27T13:08:53","modified_gmt":"2026-04-27T11:08:53","slug":"waterontharder","status":"publish","type":"product","link":"https:\/\/cleopatra.nl\/fr\/shop\/stoomtechniek-prive\/stoomtechniek-opties-stoomtechniek-prive\/waterontharder-incl-reserve-patroon\/","title":{"rendered":"Waterontharder | incl. patroon"},"content":{"rendered":"<h4><strong>ADOUCISSEUR D'EAU AVEC CARTOUCHE DE RECHANGE<\/strong><\/h4>\n<p>Un adoucisseur d'eau pour un g\u00e9n\u00e9rateur de vapeur n'est pas un luxe. Il permet de limiter au maximum la pr\u00e9sence de calcaire dans le g\u00e9n\u00e9rateur. Bien que les g\u00e9n\u00e9rateurs de Cleopatra puissent \u00eatre rinc\u00e9s, il reste toujours du calcaire. Trop de calcaire emp\u00eache le processus de vapeur de fonctionner correctement et peut entra\u00eener un dysfonctionnement. C'est pourquoi il convient de faire r\u00e9viser votre g\u00e9n\u00e9rateur r\u00e9guli\u00e8rement, en fonction de son utilisation.<\/p>","protected":false},"excerpt":{"rendered":"<p>Un adoucisseur d'eau pour un g\u00e9n\u00e9rateur de vapeur n'est pas un luxe. Il permet de limiter au maximum la pr\u00e9sence de calcaire dans le g\u00e9n\u00e9rateur. Bien que les g\u00e9n\u00e9rateurs de Cleopatra puissent \u00eatre rinc\u00e9s, il reste toujours du calcaire.<\/p>","protected":false},"featured_media":3266,"template":"","format":"standard","meta":{"_acf_changed":false},"product_brand":[347],"product_cat":[100,71,80],"product_tag":[],"class_list":{"0":"post-3265","1":"product","2":"type-product","3":"status-publish","4":"format-standard","5":"has-post-thumbnail","7":"product_brand-cleopatra","8":"product_cat-stoomtechniek-opties-stoomtechniek-prive","9":"product_cat-shop","10":"product_cat-stoomtechniek-prive","12":"first","13":"instock","14":"taxable","15":"shipping-taxable","16":"purchasable","17":"product-type-simple"},"acf":[],"_links":{"self":[{"href":"https:\/\/cleopatra.nl\/fr\/wp-json\/wp\/v2\/product\/3265","targetHints":{"allow":["GET"]}}],"collection":[{"href":"https:\/\/cleopatra.nl\/fr\/wp-json\/wp\/v2\/product"}],"about":[{"href":"https:\/\/cleopatra.nl\/fr\/wp-json\/wp\/v2\/types\/product"}],"wp:featuredmedia":[{"embeddable":true,"href":"https:\/\/cleopatra.nl\/fr\/wp-json\/wp\/v2\/media\/3266"}],"wp:attachment":[{"href":"https:\/\/cleopatra.nl\/fr\/wp-json\/wp\/v2\/media?parent=3265"}],"wp:term":[{"taxonomy":"product_brand","embeddable":true,"href":"https:\/\/cleopatra.nl\/fr\/wp-json\/wp\/v2\/product_brand?post=3265"},{"taxonomy":"product_cat","embeddable":true,"href":"https:\/\/cleopatra.nl\/fr\/wp-json\/wp\/v2\/product_cat?post=3265"},{"taxonomy":"product_tag","embeddable":true,"href":"https:\/\/cleopatra.nl\/fr\/wp-json\/wp\/v2\/product_tag?post=3265"}],"curies":[{"name":"wp","href":"https:\/\/api.w.org\/{rel}","templated":true}]}}