{"id":3267,"date":"2022-04-27T19:02:03","date_gmt":"2022-04-27T17:02:03","guid":{"rendered":"https:\/\/cleopatra.medialoods.com\/?post_type=product&#038;p=3267"},"modified":"2026-04-26T21:19:00","modified_gmt":"2026-04-26T19:19:00","slug":"wit-licht-led-spots-2","status":"publish","type":"product","link":"https:\/\/cleopatra.nl\/fr\/shop\/stoomtechniek-prive\/stoomtechniek-opties-stoomtechniek-prive\/wit-licht-led-sport-2-stuks\/","title":{"rendered":"Lumi\u00e8re blanche | Spots LED"},"content":{"rendered":"<h4><strong>SPOT LED LUMI\u00c8RE BLANCHE 2 PI\u00c8CES<\/strong><\/h4>\n<p>Ces spots blancs diffusent une lumi\u00e8re claire et chaude. Ils sont vendus par 2 unit\u00e9s et peuvent \u00eatre facilement \u00e9tendus avec des bo\u00eetes d'extension suppl\u00e9mentaires. Ces spots peuvent \u00eatre contr\u00f4l\u00e9s par les g\u00e9n\u00e9rateurs de vapeur Cleopatra via les commandes. Les spots LED peuvent \u00eatre r\u00e9gl\u00e9s \u00e0 l'intensit\u00e9 souhait\u00e9e.<\/p>\n<p>&nbsp;<\/p>\n<h4><strong>CARACT\u00c9RISTIQUES TECHNIQUES<\/strong><\/h4>\n<ul>\n<li>4 Watt - 12 Volt<\/li>\n<li>Extensible via RS485.<\/li>\n<li>Veuillez noter que ces projecteurs, s'ils sont command\u00e9s s\u00e9par\u00e9ment, n\u00e9cessitent toujours un transformateur s\u00e9par\u00e9. Celui-ci n'est pas inclus.<\/li>\n<\/ul>","protected":false},"excerpt":{"rendered":"<p>Ces spots blancs diffusent une lumi\u00e8re claire et chaude. Ils sont vendus par 2 unit\u00e9s et peuvent \u00eatre facilement \u00e9tendus avec des bo\u00eetes d'extension suppl\u00e9mentaires. Ces spots peuvent \u00eatre contr\u00f4l\u00e9s par les g\u00e9n\u00e9rateurs de vapeur Cleopatra.<\/p>","protected":false},"featured_media":3268,"template":"","format":"standard","meta":{"_acf_changed":false},"product_brand":[347],"product_cat":[100,71,80],"product_tag":[],"class_list":{"0":"post-3267","1":"product","2":"type-product","3":"status-publish","4":"format-standard","5":"has-post-thumbnail","7":"product_brand-cleopatra","8":"product_cat-stoomtechniek-opties-stoomtechniek-prive","9":"product_cat-shop","10":"product_cat-stoomtechniek-prive","12":"first","13":"instock","14":"taxable","15":"shipping-taxable","16":"purchasable","17":"product-type-simple"},"acf":[],"_links":{"self":[{"href":"https:\/\/cleopatra.nl\/fr\/wp-json\/wp\/v2\/product\/3267","targetHints":{"allow":["GET"]}}],"collection":[{"href":"https:\/\/cleopatra.nl\/fr\/wp-json\/wp\/v2\/product"}],"about":[{"href":"https:\/\/cleopatra.nl\/fr\/wp-json\/wp\/v2\/types\/product"}],"wp:featuredmedia":[{"embeddable":true,"href":"https:\/\/cleopatra.nl\/fr\/wp-json\/wp\/v2\/media\/3268"}],"wp:attachment":[{"href":"https:\/\/cleopatra.nl\/fr\/wp-json\/wp\/v2\/media?parent=3267"}],"wp:term":[{"taxonomy":"product_brand","embeddable":true,"href":"https:\/\/cleopatra.nl\/fr\/wp-json\/wp\/v2\/product_brand?post=3267"},{"taxonomy":"product_cat","embeddable":true,"href":"https:\/\/cleopatra.nl\/fr\/wp-json\/wp\/v2\/product_cat?post=3267"},{"taxonomy":"product_tag","embeddable":true,"href":"https:\/\/cleopatra.nl\/fr\/wp-json\/wp\/v2\/product_tag?post=3267"}],"curies":[{"name":"wp","href":"https:\/\/api.w.org\/{rel}","templated":true}]}}