{"id":3281,"date":"2022-04-27T19:01:56","date_gmt":"2022-04-27T17:01:56","guid":{"rendered":"https:\/\/cleopatra.medialoods.com\/?post_type=product&#038;p=3281"},"modified":"2026-04-27T13:39:20","modified_gmt":"2026-04-27T11:39:20","slug":"backwall-steam-smart-2","status":"publish","type":"product","link":"https:\/\/cleopatra.nl\/fr\/shop\/backwall-steam-smart\/","title":{"rendered":"Backwall Steam Smart"},"content":{"rendered":"<h4><strong>TECHNOLOGIE DE LA VAPEUR INTERNE<\/strong><\/h4>\n<p>Le Cleopatra BackWall Steam Smart est un syst\u00e8me facile \u00e0 installer qui permet de mettre en place un syst\u00e8me d'\u00e9vacuation des eaux us\u00e9es. <strong>g\u00e9n\u00e9rateur de vapeur ou de bien-\u00eatre dans le hammam<\/strong>\u00a0peuvent \u00eatre mont\u00e9s.<\/p>\n<p>Le BackWall se compose d'un cadre r\u00e9glable en aluminium o\u00f9 tous les composants de vapeur sont pr\u00e9mont\u00e9s. Apr\u00e8s le raccordement \u00e0 l'eau et \u00e0 l'\u00e9lectricit\u00e9, le BackWall est pr\u00eat \u00e0 \u00eatre carrel\u00e9. Le BackWall peut \u00eatre plac\u00e9 contre ou au ras du mur. De cette mani\u00e8re, le g\u00e9n\u00e9rateur de vapeur est enti\u00e8rement int\u00e9gr\u00e9 dans votre hammam. Le BackWall est \u00e9quip\u00e9 d'un panneau de service esth\u00e9tique pour une \u00e9tanch\u00e9it\u00e9 optimale ; il est \u00e9galement dot\u00e9 d'une plaque de recouvrement en verre. Ce panneau en verre est disponible en blanc, gris ou anthracite.<\/p>\n<p>Les dessins et d'autres informations sur le Cleopatra BackWall Steam sont disponibles dans la brochure BackWall au bas de cette description de produit.<\/p>\n<p>Souhaitez-vous \u00e9galement une douche dans votre cabine ? Alors, la douche et vapeur BackWall est parfaite pour vous. Cliquez sur\u00a0<a href=\"https:\/\/cleopatra.nl\/fr\/stoomtechniek\/backwall-steam\/\">ici<\/a>\u00a0pour plus d'informations.<\/p>\n<h4><strong><br \/>\nG\u00c9N\u00c9RATEUR DE VAPEUR<\/strong><\/h4>\n<p>Avec le BackWall, vous avez le choix entre les trois produits de haute qualit\u00e9 suivants\u00a0<strong>g\u00e9n\u00e9rateurs de vapeur\u00a0<\/strong>ci-dessous. Veuillez noter que seuls les g\u00e9n\u00e9rateurs d'une puissance maximale de 9,0 kW peuvent \u00eatre plac\u00e9s sur le mur arri\u00e8re.<\/p>\n<p>Le site\u00a0<a href=\"https:\/\/cleopatra.nl\/fr\/cleopatra-stoom-generator-cleo-steam-smart.html\/\">Cleo Steam Smart <\/a>est un g\u00e9n\u00e9rateur de vapeur moderne et fiable, adapt\u00e9 \u00e0 une utilisation domestique ou semi-professionnelle du bain de vapeur. Qu'offre le Cleo Steam Smart ?<\/p>\n<ul>\n<li><em>Processus de vaporisation en continu<\/em>\u00a0pour un bain de vapeur optimal. Le Cleo Steam Smart est caract\u00e9ris\u00e9 par le logiciel SteamLogic : en prenant des mesures tr\u00e8s pr\u00e9cises du climat de la cabine, le logiciel SteamLogic trouve la courbe de vapeur parfaite pour votre cabine. Le r\u00e9sultat est le suivant : (1) le climat souhait\u00e9 est atteint rapidement, (2) le climat est tr\u00e8s stable (contrairement \u00e0 la plupart des g\u00e9n\u00e9rateurs de vapeur du march\u00e9, il n'y a pas de moments sans production de vapeur dans la cabine), et (3) le processus de vapeur est uniforme.<\/li>\n<li><em>Esth\u00e9tique.\u00a0<\/em>Le Cleo Steam Smart est command\u00e9 par l'\u00e9l\u00e9gante commande Cleo Touch, une commande en verre plat avec des symboles \u00e9clair\u00e9s en blanc. Le contr\u00f4leur peut \u00eatre plac\u00e9 \u00e0 l'int\u00e9rieur ou \u00e0 l'ext\u00e9rieur du bain de vapeur. Il permet de contr\u00f4ler les fonctions suivantes : (1) marche\/arr\u00eat de la vapeur, (2) marche\/arr\u00eat de la lumi\u00e8re blanche ou color\u00e9e, (3) marche\/arr\u00eat du parfum et r\u00e9glage en trois \u00e9tapes, et (4) temp\u00e9rature r\u00e9glable en trois \u00e9tapes.<\/li>\n<li><em>Luminoth\u00e9rapie en option<\/em>. Avec le Cleo Steam Smart, vous pouvez contr\u00f4ler les lumi\u00e8res color\u00e9es optionnelles. Vous pouvez faire changer les couleurs ou les mettre en pause, ou encore choisir une couleur en particulier. Vous pouvez ainsi profiter chez vous des nombreux effets physiques et psychologiques prouv\u00e9s des diff\u00e9rentes couleurs de lumi\u00e8re.<\/li>\n<li><em>S\u00e9curit\u00e9 suppl\u00e9mentaire<\/em>\u00a0par le biais du capteur de s\u00e9curit\u00e9 (conforme aux normes les plus r\u00e9centes) ; si le capteur de temp\u00e9rature de la cabine est d\u00e9fectueux, le capteur de s\u00e9curit\u00e9 arr\u00eate la technologie de la vapeur.<\/li>\n<\/ul>\n<h4><strong><br \/>\nNOTES<\/strong><\/h4>\n<ul>\n<li>La puissance requise est calcul\u00e9e comme suit : Longueur de la cabine X largeur x hauteur x 1,25 = kW (puissance) n\u00e9cessaire.<\/li>\n<li>Nous supposons ici que la cabine est isol\u00e9e conform\u00e9ment \u00e0 la r\u00e9glementation et que sa hauteur int\u00e9rieure est de 220 cm maximum.<\/li>\n<li>A partir de 4,5 kW, un courant de puissance (400V) est n\u00e9cessaire.<\/li>\n<\/ul>\n<h4><strong><br \/>\nMANUEL<\/strong><\/h4>\n<p>Cliquez ici : <a href=\"https:\/\/cleopatra.nl\/wp-content\/uploads\/Backwall-installatie-handleiding-2022-r03-90548850-web.pdf\">Vapeur d'eau\u00a0<\/a><\/p>","protected":false},"excerpt":{"rendered":"<p>Le Cleopatra BackWall Steam Smart est un syst\u00e8me facile \u00e0 installer qui permet de mettre en place un syst\u00e8me d'\u00e9vacuation des eaux us\u00e9es. <strong>g\u00e9n\u00e9rateur de vapeur ou de bien-\u00eatre dans le hammam<\/strong>\u00a0peuvent \u00eatre mont\u00e9s.<\/p>","protected":false},"featured_media":5466,"template":"","format":"standard","meta":{"_acf_changed":false},"product_brand":[347],"product_cat":[71,99,80],"product_tag":[],"class_list":{"0":"post-3281","1":"product","2":"type-product","3":"status-publish","4":"format-standard","5":"has-post-thumbnail","7":"product_brand-cleopatra","8":"product_cat-shop","9":"product_cat-stoomtechniek-stoomtechniek-prive","10":"product_cat-stoomtechniek-prive","12":"first","13":"instock","14":"taxable","15":"shipping-taxable","16":"purchasable","17":"product-type-simple"},"acf":[],"_links":{"self":[{"href":"https:\/\/cleopatra.nl\/fr\/wp-json\/wp\/v2\/product\/3281","targetHints":{"allow":["GET"]}}],"collection":[{"href":"https:\/\/cleopatra.nl\/fr\/wp-json\/wp\/v2\/product"}],"about":[{"href":"https:\/\/cleopatra.nl\/fr\/wp-json\/wp\/v2\/types\/product"}],"wp:featuredmedia":[{"embeddable":true,"href":"https:\/\/cleopatra.nl\/fr\/wp-json\/wp\/v2\/media\/5466"}],"wp:attachment":[{"href":"https:\/\/cleopatra.nl\/fr\/wp-json\/wp\/v2\/media?parent=3281"}],"wp:term":[{"taxonomy":"product_brand","embeddable":true,"href":"https:\/\/cleopatra.nl\/fr\/wp-json\/wp\/v2\/product_brand?post=3281"},{"taxonomy":"product_cat","embeddable":true,"href":"https:\/\/cleopatra.nl\/fr\/wp-json\/wp\/v2\/product_cat?post=3281"},{"taxonomy":"product_tag","embeddable":true,"href":"https:\/\/cleopatra.nl\/fr\/wp-json\/wp\/v2\/product_tag?post=3281"}],"curies":[{"name":"wp","href":"https:\/\/api.w.org\/{rel}","templated":true}]}}