{"id":3284,"date":"2022-04-27T19:01:56","date_gmt":"2022-04-27T17:01:56","guid":{"rendered":"https:\/\/cleopatra.medialoods.com\/?post_type=product&#038;p=3284"},"modified":"2025-09-14T16:12:20","modified_gmt":"2025-09-14T14:12:20","slug":"deur-sluiting-2","status":"publish","type":"product","link":"https:\/\/cleopatra.nl\/fr\/shop\/deur-sluiting\/","title":{"rendered":"Verrouillage de s\u00e9curit\u00e9 de la porte du g\u00e9n\u00e9rateur de vapeur"},"content":{"rendered":"<p>Serrure de porte<\/p>\n<ul>\n<li>Cette serrure de porte est applicable pour les mod\u00e8les Basic, Total et Elite.<\/li>\n<li>Steam One (version 2021), Steam Smart (version 2021) et Steam Brain (version 2022)<\/li>\n<\/ul>","protected":false},"excerpt":{"rendered":"<p>Verrouillage de la porte Ce verrouillage de la porte est applicable aux appareils Basic, Total et Elite Steam One (version 2021), Steam Smart (version 2021) et Steam Brain (version 2022).<\/p>","protected":false},"featured_media":3285,"template":"","format":"standard","meta":{"_acf_changed":false},"product_brand":[],"product_cat":[71,60,134,105],"product_tag":[],"class_list":{"0":"post-3284","1":"product","2":"type-product","3":"status-publish","4":"format-standard","5":"has-post-thumbnail","7":"product_cat-shop","8":"product_cat-spare-parts","9":"product_cat-overige-professioneel","10":"product_cat-professioneel","12":"first","13":"instock","14":"taxable","15":"shipping-taxable","16":"purchasable","17":"product-type-simple"},"acf":[],"_links":{"self":[{"href":"https:\/\/cleopatra.nl\/fr\/wp-json\/wp\/v2\/product\/3284","targetHints":{"allow":["GET"]}}],"collection":[{"href":"https:\/\/cleopatra.nl\/fr\/wp-json\/wp\/v2\/product"}],"about":[{"href":"https:\/\/cleopatra.nl\/fr\/wp-json\/wp\/v2\/types\/product"}],"wp:featuredmedia":[{"embeddable":true,"href":"https:\/\/cleopatra.nl\/fr\/wp-json\/wp\/v2\/media\/3285"}],"wp:attachment":[{"href":"https:\/\/cleopatra.nl\/fr\/wp-json\/wp\/v2\/media?parent=3284"}],"wp:term":[{"taxonomy":"product_brand","embeddable":true,"href":"https:\/\/cleopatra.nl\/fr\/wp-json\/wp\/v2\/product_brand?post=3284"},{"taxonomy":"product_cat","embeddable":true,"href":"https:\/\/cleopatra.nl\/fr\/wp-json\/wp\/v2\/product_cat?post=3284"},{"taxonomy":"product_tag","embeddable":true,"href":"https:\/\/cleopatra.nl\/fr\/wp-json\/wp\/v2\/product_tag?post=3284"}],"curies":[{"name":"wp","href":"https:\/\/api.w.org\/{rel}","templated":true}]}}