{"id":3291,"date":"2022-04-27T19:01:55","date_gmt":"2022-04-27T17:01:55","guid":{"rendered":"https:\/\/cleopatra.medialoods.com\/?post_type=product&#038;p=3291"},"modified":"2026-04-26T23:20:10","modified_gmt":"2026-04-26T21:20:10","slug":"stortdouche-gebogen","status":"publish","type":"product","link":"https:\/\/cleopatra.nl\/fr\/shop\/sauna-accessoires\/douches-slangen\/overstromingsdouche-gebogen\/","title":{"rendered":"Douche \u00e0 gradins courb\u00e9e"},"content":{"rendered":"<h4>Douche thermostatique courbe, y compris joint \u00e0 rotule et rosace murale<\/h4>\n<ul>\n<li id=\"tw-target-text\" class=\"tw-data-text tw-text-large XcVN5d tw-ta\" dir=\"ltr\" data-placeholder=\"Vertaling\"><span class=\"Y2IQFc\" lang=\"nl\">Filet de raccordement 1\/2\" d\u00e9bit d'eau environ 75 l\/min. (\u00e0 3 bar de pression d'eau) dim. ext\u00e9rieur LxHxP environ 88x75x155 mm poids environ 650 g <\/span><\/li>\n<li class=\"tw-data-text tw-text-large XcVN5d tw-ta\" dir=\"ltr\" data-placeholder=\"Vertaling\"><span class=\"Y2IQFc\" lang=\"nl\">Filet de raccordement 3\/4\" d\u00e9bit d'eau environ 75 l\/min. (\u00e0 3 bar de pression d'eau) dim. ext\u00e9rieur LxHxP environ 88x75x155 mm poids environ 700 grammes <\/span><\/li>\n<li class=\"tw-data-text tw-text-large XcVN5d tw-ta\" dir=\"ltr\" data-placeholder=\"Vertaling\"><span class=\"Y2IQFc\" lang=\"nl\">Filet de raccordement 1\" d\u00e9bit d'eau environ 145 l\/min. (\u00e0 3 bar de pression d'eau) dim. ext\u00e9rieur LxHxD environ 142x90x200mm Poids environ 1,7 kg<\/span><\/li>\n<\/ul>","protected":false},"excerpt":{"rendered":"<p>Stortdouche gebogen incl. kogelgewricht en muurrozet Aansluitschroefdraad 1\/2\u201c waterstroom ca. 75 l\/min. (bij 3 bar waterdruk) dim. buiten: BxHxD ca. 88x75x155 mm gewicht ca. 650 gram Aansluitschroefdraad 3\/4\u201c waterstroom ca. 75 l\/min. (bij 3 bar waterdruk) dim. buiten: BxHxD ca. 88x75x155 mm gewicht ca. 700 gram Aansluitschroefdraad 1\u201c waterstroom ca. 145 l\/min. (bij 3 bar [&hellip;]<\/p>\n","protected":false},"featured_media":3292,"template":"","format":"standard","meta":{"_acf_changed":false},"product_brand":[347],"product_cat":[93,71,79],"product_tag":[],"class_list":{"0":"post-3291","1":"product","2":"type-product","3":"status-publish","4":"format-standard","5":"has-post-thumbnail","7":"product_brand-cleopatra","8":"product_cat-douches-slangen","9":"product_cat-shop","10":"product_cat-sauna-accessoires","12":"first","13":"instock","14":"taxable","15":"shipping-taxable","16":"purchasable","17":"product-type-simple"},"acf":[],"_links":{"self":[{"href":"https:\/\/cleopatra.nl\/fr\/wp-json\/wp\/v2\/product\/3291","targetHints":{"allow":["GET"]}}],"collection":[{"href":"https:\/\/cleopatra.nl\/fr\/wp-json\/wp\/v2\/product"}],"about":[{"href":"https:\/\/cleopatra.nl\/fr\/wp-json\/wp\/v2\/types\/product"}],"wp:featuredmedia":[{"embeddable":true,"href":"https:\/\/cleopatra.nl\/fr\/wp-json\/wp\/v2\/media\/3292"}],"wp:attachment":[{"href":"https:\/\/cleopatra.nl\/fr\/wp-json\/wp\/v2\/media?parent=3291"}],"wp:term":[{"taxonomy":"product_brand","embeddable":true,"href":"https:\/\/cleopatra.nl\/fr\/wp-json\/wp\/v2\/product_brand?post=3291"},{"taxonomy":"product_cat","embeddable":true,"href":"https:\/\/cleopatra.nl\/fr\/wp-json\/wp\/v2\/product_cat?post=3291"},{"taxonomy":"product_tag","embeddable":true,"href":"https:\/\/cleopatra.nl\/fr\/wp-json\/wp\/v2\/product_tag?post=3291"}],"curies":[{"name":"wp","href":"https:\/\/api.w.org\/{rel}","templated":true}]}}