{"id":3297,"date":"2022-04-27T19:01:54","date_gmt":"2022-04-27T17:01:54","guid":{"rendered":"https:\/\/cleopatra.medialoods.com\/?post_type=product&#038;p=3297"},"modified":"2026-04-27T10:09:33","modified_gmt":"2026-04-27T08:09:33","slug":"reunion-290-180x80cm","status":"publish","type":"product","link":"https:\/\/cleopatra.nl\/fr\/shop\/ligbaden-whirlpools\/vrijstaande-baden\/reunion-290\/","title":{"rendered":"R\u00e9union 290 | 180x80cm"},"content":{"rendered":"<h4>BAIGNOIRE SUR PIEDS ENCASTR\u00c9E DANS LE MUR<\/h4>\n<p>Le site\u00a0<b>baignoire autoportante<\/b>\u00a0Reunion est une baignoire autoportante de haute qualit\u00e9 qui peut \u00eatre plac\u00e9e contre un mur. Gr\u00e2ce \u00e0 ses dimensions g\u00e9n\u00e9reuses, la baignoire est confortable pour les personnes de petite et de grande taille. La baignoire a un aspect \u00e9l\u00e9gant gr\u00e2ce \u00e0 ses lignes douces et arrondies.<\/p>\n<p>Les dimensions ext\u00e9rieures de la baignoire sont : 1800 x 800 x 425 mm et la longueur du fond est de 1290 mm.<\/p>\n<div>Au bas de cette description de produit, vous trouverez les dessins de chaque version de la baignoire.<\/div>\n<p>La baignoire est livr\u00e9e avec un ensemble baignoire et une combinaison trop-plein\/vide.<\/p>\n<p>Vous voulez voir ce bain ? Vous \u00eates les bienvenus au Cleopatra\u00a0<a href=\"https:\/\/cleopatra.nl\/fr\/contact\/\" target=\"_blank\" rel=\"noopener\">salle d'exposition<\/a> \u00e0 Zaandam !<\/p>\n<p>&nbsp;<\/p>\n<h4>BATTERIE TAPE<\/h4>\n<p>Il est possible d'avoir une belle combinaison de rebords de baignoire mont\u00e9e sur la baignoire Madeira.<\/p>\n<p><strong>Veuillez noter ! Il n'est pas possible de monter l'EasyFill S ou E sur le Madeira.<\/strong><\/p>\n<p>&nbsp;<\/p>\n<h4>BAIGNOIRE BALN\u00c9O AUTOPORTANTE<\/h4>\n<p>La baignoire R\u00e9union est \u00e9galement disponible en tant que\u00a0<strong>baignoire baln\u00e9o autoportante<\/strong>! Vous avez le choix entre 4 syst\u00e8mes d'hydromassage :<\/p>\n<ul>\n<li>Wellness Spa Mini : 24 mini jets produisent une grande quantit\u00e9 de mini-bulles au fond de la baignoire, qui excitent votre corps encore plus doucement que les bulles du spa. Effet de picotement sur la peau et les muscles.<\/li>\n<\/ul>\n<ul>\n<li>Vous pouvez trouver plus d'informations sur les diff\u00e9rents syst\u00e8mes d'hydromassage pour ce bain <strong><em><a title=\"baignoire baln\u00e9o autoportante\" href=\"https:\/\/cleopatra.nl\/fr\/bubbelbaden\/\" target=\"_blank\" rel=\"noopener noreferrer\">ici<\/a><\/em><\/strong>.<\/li>\n<\/ul>\n<p>&nbsp;<\/p>\n<h4>LUMI\u00c8RE DANS LE BAIN<\/h4>\n<p>La baignoire Reunion est disponible avec un \u00e9clairage : une fa\u00e7on simple de cr\u00e9er plus d'atmosph\u00e8re dans la salle de bains. Vous avez le choix entre <a title=\"\u00e9clairage couleur de la baignoire\" href=\"https:\/\/cleopatra.nl\/fr\/catalog\/product\/view\/id\/43\/s\/ligbad-kleurverlichting\/\" target=\"_blank\" rel=\"noopener noreferrer\">l'\u00e9clairage des couleurs<\/a>\u00a0avec quatre couleurs diff\u00e9rentes.<\/p>","protected":false},"excerpt":{"rendered":"<p>Le site\u00a0<b>baignoire autoportante<\/b>\u00a0Reunion est une baignoire autoportante de haute qualit\u00e9 qui peut \u00eatre plac\u00e9e contre un mur. Gr\u00e2ce \u00e0 ses dimensions g\u00e9n\u00e9reuses, la baignoire est confortable pour les personnes de petite et de grande taille. La baignoire a un aspect \u00e9l\u00e9gant gr\u00e2ce \u00e0 ses lignes douces et arrondies.<\/p>","protected":false},"featured_media":3298,"template":"","format":"standard","meta":{"_acf_changed":false},"product_brand":[347],"product_cat":[87,76,71],"product_tag":[],"class_list":{"0":"post-3297","1":"product","2":"type-product","3":"status-publish","4":"format-standard","5":"has-post-thumbnail","7":"product_brand-cleopatra","8":"product_cat-vrijstaande-baden","9":"product_cat-ligbaden-whirlpools","10":"product_cat-shop","12":"first","13":"instock","14":"taxable","15":"shipping-taxable","16":"purchasable","17":"product-type-simple"},"acf":[],"_links":{"self":[{"href":"https:\/\/cleopatra.nl\/fr\/wp-json\/wp\/v2\/product\/3297","targetHints":{"allow":["GET"]}}],"collection":[{"href":"https:\/\/cleopatra.nl\/fr\/wp-json\/wp\/v2\/product"}],"about":[{"href":"https:\/\/cleopatra.nl\/fr\/wp-json\/wp\/v2\/types\/product"}],"wp:featuredmedia":[{"embeddable":true,"href":"https:\/\/cleopatra.nl\/fr\/wp-json\/wp\/v2\/media\/3298"}],"wp:attachment":[{"href":"https:\/\/cleopatra.nl\/fr\/wp-json\/wp\/v2\/media?parent=3297"}],"wp:term":[{"taxonomy":"product_brand","embeddable":true,"href":"https:\/\/cleopatra.nl\/fr\/wp-json\/wp\/v2\/product_brand?post=3297"},{"taxonomy":"product_cat","embeddable":true,"href":"https:\/\/cleopatra.nl\/fr\/wp-json\/wp\/v2\/product_cat?post=3297"},{"taxonomy":"product_tag","embeddable":true,"href":"https:\/\/cleopatra.nl\/fr\/wp-json\/wp\/v2\/product_tag?post=3297"}],"curies":[{"name":"wp","href":"https:\/\/api.w.org\/{rel}","templated":true}]}}