{"id":3304,"date":"2022-04-27T19:01:53","date_gmt":"2022-04-27T17:01:53","guid":{"rendered":"https:\/\/cleopatra.medialoods.com\/?post_type=product&#038;p=3304"},"modified":"2025-01-02T11:30:25","modified_gmt":"2025-01-02T10:30:25","slug":"spa-cushion-1504","status":"publish","type":"product","link":"https:\/\/cleopatra.nl\/fr\/shop\/spa-furniture\/spa-cushion-1500\/","title":{"rendered":"Coussin de spa 1500"},"content":{"rendered":"<h4>COUSSIN DE SPA 1500<\/h4>\n<h4><a name=\"_Toc69125851\"><\/a>COUSSINS DE SI\u00c8GE DE SPA<\/h4>\n<p>Le spa Cleopatra<strong>\u00a0coussin de si\u00e8ge\u00a0<\/strong>rend la douche et la cuisson \u00e0 la vapeur tr\u00e8s confortables.<\/p>\n<p>Le coussin de si\u00e8ge est sp\u00e9cialement con\u00e7u pour \u00eatre utilis\u00e9 dans des environnements humides et chauds tels que les hammams, les douches, les spas et les salles de bains.<\/p>\n<p>Le coussin du si\u00e8ge est facile \u00e0 nettoyer avec un chiffon et du liquide vaisselle.<br \/>\nVous trouverez la documentation sur l'entretien et la s\u00e9curit\u00e9 au bas de la page.<\/p>\n<p>Les dimensions du coussin de si\u00e8ge : 1500 (L) x 400 (l) x 50 (H) mm.<\/p>\n<p>Ce coussin de si\u00e8ge de douche (\u00e0 vapeur) est disponible en 3 couleurs diff\u00e9rentes :<\/p>\n<p>Blanc : RAL 9016<\/p>\n<p>Gris : RAL 7042<\/p>\n<p>Noir : RAL 7021<\/p>\n<p>&nbsp;<\/p>\n<p><strong>CONSEILS DE NETTOYAGE<\/strong><\/p>\n<p>Cliquez ici : <a href=\"https:\/\/cleopatra.nl\/wp-content\/uploads\/Spa-furniture-GHL-90549020-DE-EN-NL.pdf\">Conseils pour l'entretien du mobilier de spa<\/a><\/p>\n<p>&nbsp;<\/p>\n<p><strong>COULEUR<\/strong><\/p>\n<p>Disponible dans d'autres couleurs RAL sur demande. Souhaitez-vous recevoir ce coussin dans une autre taille ? Merci de nous contacter.<\/p>\n<p>&nbsp;<\/p>\n<p><strong>PROPRI\u00c9T\u00c9S DES MAT\u00c9RIAUX<\/strong><\/p>\n<p>Le rev\u00eatement des meubles de Spa pr\u00e9sente de nombreuses caract\u00e9ristiques int\u00e9ressantes, telles que :<br \/>\n- Tr\u00e8s peu de produits chimiques ont un effet sur la liaison chimique des mol\u00e9cules de silicium. Cela signifie que pratiquement aucun mat\u00e9riau ne colle au silicium. M\u00eame les marques de stylo \u00e0 bille peuvent \u00eatre facilement enlev\u00e9es du rev\u00eatement.<br \/>\n- R\u00e9sistant au froid et \u00e0 la chaleur. Les mol\u00e9cules de silicium sont stables entre -50 et +300 degr\u00e9s Celsius.<br \/>\n- Le silicium est un produit tr\u00e8s respectueux de la peau. La plupart des produits cosm\u00e9tiques tels que les cr\u00e8mes pour la peau, les rouges \u00e0 l\u00e8vres, etc. contiennent du silicium<br \/>\n- Le silicone est r\u00e9sistant aux UV<br \/>\n- Le silicium est recyclable<br \/>\n- Les produits Spa Furniture sont tr\u00e8s agr\u00e9ables au toucher, doux et tr\u00e8s flexibles.<br \/>\n- Aucun COV n'est utilis\u00e9 pour le processus de rev\u00eatement.<br \/>\n- Les dommages mineurs peuvent \u00eatre r\u00e9par\u00e9s sur place.<\/p>\n<p>&nbsp;<\/p>\n<p><strong>DURABLE<\/strong><br \/>\nLe rev\u00eatement des meubles de spa est compos\u00e9 de silicium ; la mati\u00e8re premi\u00e8re du silicium est le sable. Le sable est facilement disponible<br \/>\n\u00e0 la surface de la terre, de sorte qu'il n'est pas n\u00e9cessaire de forer profond\u00e9ment dans le sol pour l'obtenir, comme c'est le cas pour le p\u00e9trole.<br \/>\npar exemple, dans les rev\u00eatements \u00e0 base de produits p\u00e9trochimiques tels que le polyur\u00e9thane. Le silicium minier est moins<br \/>\nla taxation des ressources naturelles. Cela signifie que pour la production de silicium, il faut moins d'eau,<br \/>\nles mati\u00e8res premi\u00e8res et l'\u00e9nergie n\u00e9cessaires par rapport aux produits en PU et en PVC.<\/p>\n<p>&nbsp;<\/p>\n<p><strong>TRAVAIL SUR COMMANDE<\/strong><br \/>\nEn plus des produits du catalogue, il est possible de r\u00e9aliser des produits sur mesure, tant au niveau de la forme que de l'aspect.<br \/>\ncomme la couleur. Pour ce faire, nous travaillons en \u00e9troite collaboration avec les clients, les architectes et les designers. En collaboration avec ces<br \/>\nparties, nous transformons les id\u00e9es de conception en un produit, qui peut \u00eatre d\u00e9coup\u00e9 par une machine \u00e0 commande num\u00e9rique.<br \/>\nmachine \u00e0 d\u00e9couper la mousse.<br \/>\nUne fois la mousse coup\u00e9e selon les sp\u00e9cifications convenues, nous pouvons commencer le rev\u00eatement.<br \/>\nDans ce processus, l'enduit est appliqu\u00e9 manuellement sur le morceau de mousse \u00e0 structure ouverte pour cr\u00e9er une couche d'enduit.<br \/>\ncr\u00e9er une adh\u00e9sion m\u00e9canique \u00e0 la mousse. Ce rev\u00eatement scelle la mousse et lui conf\u00e8re une<br \/>\npeau souple et douce comme du cuir.<\/p>\n<p>&nbsp;<\/p>\n<p><strong>CARACT\u00c9RISTIQUES UNIQUES<\/strong><br \/>\n- Durable<br \/>\n- Processus de production sans COV<br \/>\n- R\u00e9sistant \u00e0 l'eau et \u00e0 la vapeur<br \/>\n- R\u00e9sistant au froid et au chaud<br \/>\n- Facile \u00e0 nettoyer<br \/>\n- Soft Touch (toucher doux)<br \/>\n- R\u00e9sistant aux UV<br \/>\n- Grande \u00e9lasticit\u00e9 et flexibilit\u00e9 durable<br \/>\n- Recyclable<br \/>\n- Forme et couleur personnalis\u00e9es (RAL)<\/p>","protected":false},"excerpt":{"rendered":"<p>Le spa Cleopatra<strong>\u00a0coussin de si\u00e8ge\u00a0<\/strong>rend la douche et la cuisson \u00e0 la vapeur tr\u00e8s confortables.<\/p>","protected":false},"featured_media":3909,"template":"","format":"standard","meta":{"_acf_changed":false},"product_brand":[],"product_cat":[91,78,71],"product_tag":[],"class_list":{"0":"post-3304","1":"product","2":"type-product","3":"status-publish","4":"format-standard","5":"has-post-thumbnail","7":"product_cat-spa-furniture","8":"product_cat-modulair-stoom","9":"product_cat-shop","11":"first","12":"instock","13":"taxable","14":"shipping-taxable","15":"purchasable","16":"product-type-simple"},"acf":[],"_links":{"self":[{"href":"https:\/\/cleopatra.nl\/fr\/wp-json\/wp\/v2\/product\/3304","targetHints":{"allow":["GET"]}}],"collection":[{"href":"https:\/\/cleopatra.nl\/fr\/wp-json\/wp\/v2\/product"}],"about":[{"href":"https:\/\/cleopatra.nl\/fr\/wp-json\/wp\/v2\/types\/product"}],"wp:featuredmedia":[{"embeddable":true,"href":"https:\/\/cleopatra.nl\/fr\/wp-json\/wp\/v2\/media\/3909"}],"wp:attachment":[{"href":"https:\/\/cleopatra.nl\/fr\/wp-json\/wp\/v2\/media?parent=3304"}],"wp:term":[{"taxonomy":"product_brand","embeddable":true,"href":"https:\/\/cleopatra.nl\/fr\/wp-json\/wp\/v2\/product_brand?post=3304"},{"taxonomy":"product_cat","embeddable":true,"href":"https:\/\/cleopatra.nl\/fr\/wp-json\/wp\/v2\/product_cat?post=3304"},{"taxonomy":"product_tag","embeddable":true,"href":"https:\/\/cleopatra.nl\/fr\/wp-json\/wp\/v2\/product_tag?post=3304"}],"curies":[{"name":"wp","href":"https:\/\/api.w.org\/{rel}","templated":true}]}}