{"id":3320,"date":"2022-04-27T19:56:32","date_gmt":"2022-04-27T17:56:32","guid":{"rendered":"https:\/\/cleopatra.medialoods.com\/?post_type=product&#038;p=3320"},"modified":"2025-01-02T11:30:16","modified_gmt":"2025-01-02T10:30:16","slug":"almeda-780-150x150cm","status":"publish","type":"product","link":"https:\/\/cleopatra.nl\/fr\/shop\/ligbaden-whirlpools\/ergonomische-ligbaden-luxus\/cleopatra-ligbad-almeda-780\/","title":{"rendered":"Almeda 780 | 150x150cm"},"content":{"rendered":"<div class=\"data item content\">\n<div class=\"product attribute description\">\n<div class=\"value\">\n<h4>Baignoire ergonomique Almeda<\/h4>\n<p>Le site\u00a0<strong>bain ergonomique<\/strong> Almeda est con\u00e7ue pour permettre de s'allonger confortablement dans le bain. La taille et la forme de la baignoire permettent \u00e0 2 ou 3 personnes de s'allonger jusqu'aux \u00e9paules. D\u00e9couvrez un confort unique, comme si vous \u00e9tiez allong\u00e9 dans un double fauteuil inclinable !<\/p>\n<p>Dans la magnifique baignoire d'Almeda :<\/p>\n<ul>\n<li>Le corps entier (y compris celui des personnes de grande taille) est immerg\u00e9 ;<\/li>\n<li>Le dos est bien soutenu par un dossier sp\u00e9cialement form\u00e9 et inclin\u00e9 ;<\/li>\n<li>Les bras et les jambes sont soutenus ;<\/li>\n<li>Vous ne pouvez plus vous enfoncer \/ glisser gr\u00e2ce \u00e0 la forme du si\u00e8ge ;<\/li>\n<li>Vous pouvez facilement vous lever de la baignoire car le fond de la baignoire est sur\u00e9lev\u00e9.<\/li>\n<\/ul>\n<p>Les dimensions de la baignoire sont les suivantes : 1500 x 1500 mm avec une profondeur de 600 mm ! Au bas de cette description de produit, vous trouverez les dessins et les instructions de montage de la baignoire.<\/p>\n<p>Vous voulez voir ou exp\u00e9rimenter la baignoire Almeda ?  Vous \u00eates les bienvenus au Cleopatra\u00a0<a href=\"https:\/\/cleopatra.nl\/fr\/cleopatra-showroom\/\" target=\"_self\" rel=\"noopener noreferrer\">salle d'exposition<\/a>\u00a0\u00e0 Zaandam ou \u00e0 un\u00a0<a href=\"https:\/\/cleopatra.nl\/fr\/verkooppunten\/\" target=\"_blank\" rel=\"noopener noreferrer\">atelier sanitaire<\/a>\u00a0dans votre quartier !<\/p>\n<p>La baignoire est livr\u00e9e avec un ensemble de baignoire et la combinaison trop-plein\/vide.<\/p>\n<p>Il est possible d'installer un robinet de bord de baignoire et une combinaison de douche. Esth\u00e9tique et \u00e9vite l'installation dans les murs.<\/p>\n<p>&nbsp;<\/p>\n<h4>Qualit\u00e9 de la baignoire<\/h4>\n<p>La qualit\u00e9 de nos baignoires est primordiale chez Cleopatra. Votre baignoire restera belle et blanche pendant des ann\u00e9es gr\u00e2ce \u00e0 la couche d'acrylique de 6 mm, y compris le renforcement robuste du fond des bords de la baignoire.<\/p>\n<p>&nbsp;<\/p>\n<h4>Accessoires de baignoire<\/h4>\n<ul>\n<li><em>Combinaison de Cleofill.<\/em> Produit de haute qualit\u00e9 avec une finition chrom\u00e9e. Au lieu d'un robinet, la baignoire est remplie par une combinaison de trop-plein.<\/li>\n<\/ul>\n<ul>\n<li><em>Robinets de baignoire.<\/em>\u00a0M\u00e9langeurs de baignoire de haute qualit\u00e9 de Hansgrohe avec un choix de plusieurs mod\u00e8les. La finition standard est le chrome, mais d'autres finitions sont \u00e9galement possibles. Les m\u00e9langeurs de bord de baignoire sont install\u00e9s sur votre baignoire dans notre usine, votre baignoire est donc pr\u00eate \u00e0 \u00eatre install\u00e9e !<\/li>\n<\/ul>\n<ul>\n<li><em>Poign\u00e9e.<\/em>\u00a0Manche de belle forme en chrome. Vous pouvez ainsi entrer et sortir du bain plus facilement et en toute s\u00e9curit\u00e9 !<\/li>\n<\/ul>\n<ul>\n<li><em>Lumi\u00e8re color\u00e9e.<\/em>\u00a0\u00c9clairage de la baignoire de haute qualit\u00e9 comprenant deux lampes LED et une commande plac\u00e9e sur le rebord de la baignoire.<\/li>\n<\/ul>\n<ul>\n<li><em>Coussin de nuque.<\/em>\u00a0Coussin confortable qui s'adapte \u00e0 la forme de votre t\u00eate. Indispensable pour le plaisir du bain.<\/li>\n<\/ul>\n<ul>\n<li><em>Huiles de bain.<\/em>\u00a0Soigne la peau, sans danger pour l'acrylique du bain, et disponible en 7 d\u00e9licieux parfums.<\/li>\n<\/ul>\n<p>&nbsp;<\/p>\n<h4>Syst\u00e8me tourbillonnaire<\/h4>\n<p>Un syst\u00e8me d'hydromassage de haute qualit\u00e9 rend votre bain encore plus agr\u00e9able.<\/p>\n<\/div>\n<\/div>\n<\/div>","protected":false},"excerpt":{"rendered":"<p>Le site\u00a0<strong>bain ergonomique<\/strong> Almeda est con\u00e7ue pour permettre de s'allonger confortablement dans le bain. La taille et la forme de la baignoire permettent \u00e0 2 ou 3 personnes de s'allonger jusqu'aux \u00e9paules. D\u00e9couvrez un confort unique, comme si vous \u00e9tiez allong\u00e9 dans un double fauteuil inclinable !<\/p>","protected":false},"featured_media":3486,"template":"","format":"standard","meta":{"_acf_changed":false},"product_brand":[],"product_cat":[85,76,71],"product_tag":[],"class_list":{"0":"post-3320","1":"product","2":"type-product","3":"status-publish","4":"format-standard","5":"has-post-thumbnail","7":"product_cat-trendy-ergonomische-ligbaden","8":"product_cat-ligbaden-whirlpools","9":"product_cat-shop","11":"first","12":"instock","13":"taxable","14":"shipping-taxable","15":"purchasable","16":"product-type-simple"},"acf":[],"_links":{"self":[{"href":"https:\/\/cleopatra.nl\/fr\/wp-json\/wp\/v2\/product\/3320","targetHints":{"allow":["GET"]}}],"collection":[{"href":"https:\/\/cleopatra.nl\/fr\/wp-json\/wp\/v2\/product"}],"about":[{"href":"https:\/\/cleopatra.nl\/fr\/wp-json\/wp\/v2\/types\/product"}],"wp:featuredmedia":[{"embeddable":true,"href":"https:\/\/cleopatra.nl\/fr\/wp-json\/wp\/v2\/media\/3486"}],"wp:attachment":[{"href":"https:\/\/cleopatra.nl\/fr\/wp-json\/wp\/v2\/media?parent=3320"}],"wp:term":[{"taxonomy":"product_brand","embeddable":true,"href":"https:\/\/cleopatra.nl\/fr\/wp-json\/wp\/v2\/product_brand?post=3320"},{"taxonomy":"product_cat","embeddable":true,"href":"https:\/\/cleopatra.nl\/fr\/wp-json\/wp\/v2\/product_cat?post=3320"},{"taxonomy":"product_tag","embeddable":true,"href":"https:\/\/cleopatra.nl\/fr\/wp-json\/wp\/v2\/product_tag?post=3320"}],"curies":[{"name":"wp","href":"https:\/\/api.w.org\/{rel}","templated":true}]}}