{"id":3332,"date":"2022-04-27T20:02:28","date_gmt":"2022-04-27T18:02:28","guid":{"rendered":"https:\/\/cleopatra.medialoods.com\/?post_type=product&#038;p=3332"},"modified":"2026-04-27T10:01:32","modified_gmt":"2026-04-27T08:01:32","slug":"bellona-930-190x85cm","status":"publish","type":"product","link":"https:\/\/cleopatra.nl\/fr\/shop\/ligbaden-whirlpools\/trendy-ergonomische-ligbaden\/cleopatra-ligbad-bellona-930\/","title":{"rendered":"Bellona 930 190x85cm"},"content":{"rendered":"<h4>Baignoire ergonomique Bellona<\/h4>\n<p>Le site\u00a0<strong>bain ergonomique<\/strong>\u00a0Bellona a \u00e9t\u00e9 m\u00e9ticuleusement con\u00e7u (en collaboration avec le meilleur designer\u00a0<a title=\"cleopatra et van berlo studios\" href=\"https:\/\/vanberlo.nl\/\" target=\"_blank\" rel=\"noopener noreferrer nofollow\">A. van Berlo<\/a>) pour r\u00e9unir confort optimal et beaut\u00e9. Le r\u00e9sultat est une baignoire luxueuse aux lignes douces o\u00f9 l'on peut s'allonger compl\u00e8tement d\u00e9tendu.<\/p>\n<p>Dans la magnifique baignoire Bellona :<\/p>\n<ul>\n<li>Le corps entier (y compris celui des personnes de grande taille) est immerg\u00e9 ;<\/li>\n<li>Le dos est bien soutenu par un dossier inclin\u00e9 ;<\/li>\n<li>Les pieds sont soutenus par la base de la baignoire ;<\/li>\n<li>Vous ne pouvez plus vous enfoncer \/ glisser gr\u00e2ce \u00e0 la forme du si\u00e8ge ;<\/li>\n<li>Vous pouvez facilement vous lever de la baignoire car le fond de la baignoire est sur\u00e9lev\u00e9.<\/li>\n<\/ul>\n<p>Les dimensions de la baignoire sont les suivantes : 1910x 850 mm avec une profondeur de 570 mm. Au bas de cette description de produit, vous trouverez les dessins de la baignoire.<\/p>\n<p>Vous voulez voir ou exp\u00e9rimenter la baignoire Bellona ?  Vous \u00eates les bienvenus au Cleopatra\u00a0<a href=\"https:\/\/cleopatra.nl\/fr\/cleopatra-showroom\/\" target=\"_blank\" rel=\"noopener noreferrer\">salle d'exposition<\/a>\u00a0\u00e0 Zaandam ou \u00e0 un\u00a0<a href=\"https:\/\/cleopatra.nl\/fr\/verkooppunten\/\" target=\"_blank\" rel=\"noopener noreferrer\">atelier sanitaire<\/a>\u00a0dans votre quartier !<\/p>\n<p>La baignoire est livr\u00e9e avec un ensemble de cuve de baignoire, un cadre et une combinaison de trop-plein\/vide.<\/p>\n<p>Il est possible d'installer un robinet de bord de baignoire et une combinaison de douche. Esth\u00e9tique et \u00e9vite l'installation dans les murs.<\/p>\n<p>&nbsp;<\/p>\n<h4>Qualit\u00e9 de la baignoire<\/h4>\n<p>La qualit\u00e9 de nos baignoires est primordiale chez Cleopatra. Votre baignoire restera belle et blanche pendant des ann\u00e9es gr\u00e2ce \u00e0 la couche d'acrylique de 6 mm, y compris le renforcement robuste du fond des bords de la baignoire.<\/p>\n<p>Par cons\u00e9quent, cette baignoire convient \u00e9galement \u00e0 un usage professionnel, par exemple dans les h\u00f4tels et les spas.<\/p>\n<p>&nbsp;<\/p>\n<h4>Accessoires de baignoire<\/h4>\n<ul>\n<li><em>Robinets de baignoire.<\/em>\u00a0M\u00e9langeurs de baignoire de haute qualit\u00e9 de Hansgrohe avec un choix de plusieurs mod\u00e8les. La finition standard est le chrome, mais d'autres finitions sont \u00e9galement possibles. Les m\u00e9langeurs de bord de baignoire sont install\u00e9s sur votre baignoire dans notre usine, votre baignoire est donc pr\u00eate \u00e0 \u00eatre install\u00e9e !<\/li>\n<\/ul>\n<ul>\n<li><em>Poign\u00e9e.<\/em>\u00a0Manche de belle forme en chrome. Vous pouvez ainsi entrer et sortir du bain plus facilement et en toute s\u00e9curit\u00e9 !<\/li>\n<\/ul>\n<ul>\n<li><em>Lumi\u00e8re color\u00e9e.<\/em>\u00a0\u00c9clairage de la baignoire de haute qualit\u00e9 comprenant deux lampes LED et une commande plac\u00e9e sur le rebord de la baignoire.<\/li>\n<\/ul>\n<ul>\n<li><em>Coussin de nuque.<\/em>\u00a0Coussin confortable qui s'adapte \u00e0 la forme de votre t\u00eate. Indispensable pour le plaisir du bain.<\/li>\n<\/ul>\n<ul>\n<li><em>Huiles de bain.<\/em>\u00a0Soigne la peau, sans danger pour l'acrylique du bain, et disponible en 7 d\u00e9licieux parfums.<\/li>\n<\/ul>\n<p>&nbsp;<\/p>\n<div>\n<h4>Syst\u00e8me tourbillonnaire<\/h4>\n<p>Un syst\u00e8me d'hydromassage de haute qualit\u00e9 rend votre bain encore plus agr\u00e9able.<\/p>\n<\/div>","protected":false},"excerpt":{"rendered":"<p>Le site\u00a0<strong>bain ergonomique<\/strong>\u00a0Bellona a \u00e9t\u00e9 m\u00e9ticuleusement con\u00e7u (en collaboration avec le meilleur designer\u00a0<a title=\"cleopatra et van berlo studios\" href=\"https:\/\/vanberlo.nl\/\" target=\"_blank\" rel=\"noopener noreferrer nofollow\">A. van Berlo<\/a>) pour r\u00e9unir confort optimal et beaut\u00e9. Le r\u00e9sultat est une baignoire luxueuse aux lignes douces o\u00f9 l'on peut s'allonger compl\u00e8tement d\u00e9tendu.<\/p>","protected":false},"featured_media":3540,"template":"","format":"standard","meta":{"_acf_changed":false},"product_brand":[347],"product_cat":[83,76,71],"product_tag":[],"class_list":{"0":"post-3332","1":"product","2":"type-product","3":"status-publish","4":"format-standard","5":"has-post-thumbnail","7":"product_brand-cleopatra","8":"product_cat-ergonomische-ligbaden-luxus","9":"product_cat-ligbaden-whirlpools","10":"product_cat-shop","12":"first","13":"instock","14":"taxable","15":"shipping-taxable","16":"purchasable","17":"product-type-simple"},"acf":[],"_links":{"self":[{"href":"https:\/\/cleopatra.nl\/fr\/wp-json\/wp\/v2\/product\/3332","targetHints":{"allow":["GET"]}}],"collection":[{"href":"https:\/\/cleopatra.nl\/fr\/wp-json\/wp\/v2\/product"}],"about":[{"href":"https:\/\/cleopatra.nl\/fr\/wp-json\/wp\/v2\/types\/product"}],"wp:featuredmedia":[{"embeddable":true,"href":"https:\/\/cleopatra.nl\/fr\/wp-json\/wp\/v2\/media\/3540"}],"wp:attachment":[{"href":"https:\/\/cleopatra.nl\/fr\/wp-json\/wp\/v2\/media?parent=3332"}],"wp:term":[{"taxonomy":"product_brand","embeddable":true,"href":"https:\/\/cleopatra.nl\/fr\/wp-json\/wp\/v2\/product_brand?post=3332"},{"taxonomy":"product_cat","embeddable":true,"href":"https:\/\/cleopatra.nl\/fr\/wp-json\/wp\/v2\/product_cat?post=3332"},{"taxonomy":"product_tag","embeddable":true,"href":"https:\/\/cleopatra.nl\/fr\/wp-json\/wp\/v2\/product_tag?post=3332"}],"curies":[{"name":"wp","href":"https:\/\/api.w.org\/{rel}","templated":true}]}}