{"id":3340,"date":"2022-04-27T20:06:22","date_gmt":"2022-04-27T18:06:22","guid":{"rendered":"https:\/\/cleopatra.medialoods.com\/?post_type=product&#038;p=3340"},"modified":"2026-04-27T10:08:20","modified_gmt":"2026-04-27T08:08:20","slug":"ameland-200-160x80cm","status":"publish","type":"product","link":"https:\/\/cleopatra.nl\/fr\/shop\/ligbaden-whirlpools\/vrijstaande-baden\/ameland-200-2\/","title":{"rendered":"Ameland 200 | 160x80cm"},"content":{"rendered":"<h4>BELLE BAIGNOIRE AUTOPORTANTE<\/h4>\n<p>Le site\u00a0<b>baignoire autoportante<\/b>\u00a0Ameland by Cleopatra est synonyme de petites dimensions \u00e0 l'ext\u00e9rieur et d'un int\u00e9rieur spacieux. La combinaison de trois bords fins et d'un bord \u00e9pais conf\u00e8re \u00e0 la baignoire sur pieds une apparence ultramoderne. La baignoire Ameland peut \u00eatre plac\u00e9e contre un mur.<\/p>\n<p>Les dimensions ext\u00e9rieures de la baignoire autoportante sont les suivantes : 1600 x 800 x 450 mm avec une longueur de fond de 1050 mm. Au bas de cette description de produit, vous trouverez les dessins de la baignoire.<\/p>\n<p>La baignoire est livr\u00e9e avec un ensemble baignoire et une combinaison trop-plein\/vide.<\/p>\n<p>Vous voulez voir ce bain ? Vous \u00eates les bienvenus au Cleopatra\u00a0<a href=\"https:\/\/cleopatra.nl\/fr\/contact\/\" target=\"_blank\" rel=\"noopener\">salle d'exposition<\/a> \u00e0 Zaandam !<\/p>\n<h4>BAIGNOIRE BALN\u00c9O AUTOPORTANTE<\/h4>\n<p>La baignoire Ameland est \u00e9galement disponible en tant que\u00a0<strong>baignoire baln\u00e9o autoportante<\/strong>! Vous avez le choix entre 4 syst\u00e8mes d'hydromassage :<\/p>\n<ul>\n<li>Wellness Spa Mini : 24 mini jets produisent une grande quantit\u00e9 de mini-bulles au fond de la baignoire, qui excitent votre corps encore plus doucement que les bulles du spa. Effet de picotement sur la peau et les muscles.<\/li>\n<\/ul>\n<ul>\n<li>Vous pouvez trouver plus d'informations sur les diff\u00e9rents syst\u00e8mes baln\u00e9o <a title=\"baignoire baln\u00e9o autoportante\" href=\"https:\/\/cleopatra.nl\/fr\/bubbelbaden\/\" target=\"_blank\" rel=\"noopener noreferrer\">ici<\/a>.<\/li>\n<\/ul>\n<p>&nbsp;<\/p>\n<h4>LUMI\u00c8RE DANS LE BAIN<\/h4>\n<p>La baignoire Ameland est disponible avec un \u00e9clairage : une fa\u00e7on simple de cr\u00e9er plus d'atmosph\u00e8re dans la salle de bains. Vous avez le choix entre une <a title=\"lumi\u00e8re blanche de bain\" href=\"https:\/\/cleopatra.nl\/fr\/ligbad-wit-licht.html\/\" target=\"_blank\" rel=\"noopener noreferrer\">lumi\u00e8re blanche<\/a>\u00a0ou un\u00a0<a title=\"\u00e9clairage couleur de la baignoire\" href=\"https:\/\/cleopatra.nl\/fr\/catalog\/product\/view\/id\/43\/s\/ligbad-kleurverlichting\/\" target=\"_blank\" rel=\"noopener noreferrer\">l'\u00e9clairage des couleurs<\/a>\u00a0avec quatre couleurs diff\u00e9rentes. Pour plus de d\u00e9tails, voir ci-dessous la rubrique Produits concern\u00e9s.<\/p>\n<p>&nbsp;<\/p>\n<p><strong>Il n'est pas possible d'installer des robinets de baignoire sur le bord de la baignoire.<\/strong><\/p>","protected":false},"excerpt":{"rendered":"<p>Le site\u00a0<b>baignoire autoportante<\/b>\u00a0Ameland by Cleopatra est synonyme de petites dimensions \u00e0 l'ext\u00e9rieur et d'un int\u00e9rieur spacieux. La combinaison de trois bords fins et d'un bord \u00e9pais conf\u00e8re \u00e0 la baignoire sur pieds une apparence ultramoderne. La baignoire Ameland peut \u00eatre plac\u00e9e contre un mur.<\/p>","protected":false},"featured_media":3566,"template":"","format":"standard","meta":{"_acf_changed":false},"product_brand":[347],"product_cat":[87,76,71],"product_tag":[],"class_list":{"0":"post-3340","1":"product","2":"type-product","3":"status-publish","4":"format-standard","5":"has-post-thumbnail","7":"product_brand-cleopatra","8":"product_cat-vrijstaande-baden","9":"product_cat-ligbaden-whirlpools","10":"product_cat-shop","12":"first","13":"instock","14":"taxable","15":"shipping-taxable","16":"purchasable","17":"product-type-simple"},"acf":[],"_links":{"self":[{"href":"https:\/\/cleopatra.nl\/fr\/wp-json\/wp\/v2\/product\/3340","targetHints":{"allow":["GET"]}}],"collection":[{"href":"https:\/\/cleopatra.nl\/fr\/wp-json\/wp\/v2\/product"}],"about":[{"href":"https:\/\/cleopatra.nl\/fr\/wp-json\/wp\/v2\/types\/product"}],"wp:featuredmedia":[{"embeddable":true,"href":"https:\/\/cleopatra.nl\/fr\/wp-json\/wp\/v2\/media\/3566"}],"wp:attachment":[{"href":"https:\/\/cleopatra.nl\/fr\/wp-json\/wp\/v2\/media?parent=3340"}],"wp:term":[{"taxonomy":"product_brand","embeddable":true,"href":"https:\/\/cleopatra.nl\/fr\/wp-json\/wp\/v2\/product_brand?post=3340"},{"taxonomy":"product_cat","embeddable":true,"href":"https:\/\/cleopatra.nl\/fr\/wp-json\/wp\/v2\/product_cat?post=3340"},{"taxonomy":"product_tag","embeddable":true,"href":"https:\/\/cleopatra.nl\/fr\/wp-json\/wp\/v2\/product_tag?post=3340"}],"curies":[{"name":"wp","href":"https:\/\/api.w.org\/{rel}","templated":true}]}}