{"id":3341,"date":"2022-04-27T20:06:49","date_gmt":"2022-04-27T18:06:49","guid":{"rendered":"https:\/\/cleopatra.medialoods.com\/?post_type=product&#038;p=3341"},"modified":"2026-04-27T10:06:17","modified_gmt":"2026-04-27T08:06:17","slug":"corsica-250-180x80cm","status":"publish","type":"product","link":"https:\/\/cleopatra.nl\/fr\/shop\/ligbaden-whirlpools\/vrijstaande-baden\/corsica-250\/","title":{"rendered":"Corse 250 | 180x80cm"},"content":{"rendered":"<h4>BAIGNOIRE MODERNE AUTOPORTANTE<\/h4>\n<p>Le site\u00a0<b>baignoire autoportante<\/b>\u00a0La Corse se caract\u00e9rise par de beaux bords \u00e9pais, des c\u00f4t\u00e9s l\u00e9g\u00e8rement inclin\u00e9s, des dimensions g\u00e9n\u00e9reuses et de belles lignes arrondies. La Corse est synonyme de beaut\u00e9 et de plaisir pur dans les salles de bains modernes et classiques. Et tout cela \u00e0 un prix abordable !<\/p>\n<p>Les dimensions ext\u00e9rieures de la baignoire autoportante sont les suivantes : 1800 x 785 x 400 mm et la longueur du fond est de 1480 mm. Au bas de cette description de produit, vous trouverez les dessins de la baignoire.<\/p>\n<p>La baignoire est livr\u00e9e avec un ensemble baignoire et une combinaison trop-plein\/vide.<\/p>\n<p>Vous voulez voir ce bain ? Vous \u00eates les bienvenus au Cleopatra\u00a0<a href=\"https:\/\/cleopatra.nl\/fr\/contact\/\" target=\"_blank\" rel=\"noopener\">salle d'exposition<\/a> \u00e0 Zaandam !<\/p>\n<h4>ROBINETS DE BAIGNOIRE AUTOPORTANTS<\/h4>\n<p>Votre baignoire autoportante est \u00e9quip\u00e9e d'un\u00a0<strong>grue autoportante<\/strong>.<\/p>\n<h4>LUMI\u00c8RE DANS LE BAIN<\/h4>\n<p>La baignoire Corsica est disponible avec un \u00e9clairage : une fa\u00e7on simple de cr\u00e9er plus d'atmosph\u00e8re dans la salle de bains. Vous pouvez choisir entre <a title=\"\u00e9clairage couleur de la baignoire\" href=\"https:\/\/cleopatra.nl\/fr\/catalog\/product\/view\/id\/43\/s\/ligbad-kleurverlichting\/\" target=\"_blank\" rel=\"noopener noreferrer\">l'\u00e9clairage des couleurs<\/a>\u00a0avec quatre couleurs diff\u00e9rentes. Pour plus de d\u00e9tails, voir ci-dessous la rubrique Produits concern\u00e9s.<\/p>\n<p>&nbsp;<\/p>\n<p><strong><em>Il n'est pas possible d'installer un syst\u00e8me d'hydromassage dans la baignoire Corsica.\u00a0<\/em><\/strong><\/p>","protected":false},"excerpt":{"rendered":"<p>Le site\u00a0<b>baignoire autoportante<\/b>\u00a0La Corse se caract\u00e9rise par de beaux bords \u00e9pais, des c\u00f4t\u00e9s l\u00e9g\u00e8rement inclin\u00e9s, des dimensions g\u00e9n\u00e9reuses et de belles lignes arrondies. La Corse est synonyme de beaut\u00e9 et de plaisir pur dans les salles de bains modernes et classiques. Et tout cela \u00e0 un prix abordable !<\/p>","protected":false},"featured_media":3561,"template":"","format":"standard","meta":{"_acf_changed":false},"product_brand":[347],"product_cat":[87,76,71],"product_tag":[],"class_list":{"0":"post-3341","1":"product","2":"type-product","3":"status-publish","4":"format-standard","5":"has-post-thumbnail","7":"product_brand-cleopatra","8":"product_cat-vrijstaande-baden","9":"product_cat-ligbaden-whirlpools","10":"product_cat-shop","12":"first","13":"instock","14":"taxable","15":"shipping-taxable","16":"purchasable","17":"product-type-simple"},"acf":[],"_links":{"self":[{"href":"https:\/\/cleopatra.nl\/fr\/wp-json\/wp\/v2\/product\/3341","targetHints":{"allow":["GET"]}}],"collection":[{"href":"https:\/\/cleopatra.nl\/fr\/wp-json\/wp\/v2\/product"}],"about":[{"href":"https:\/\/cleopatra.nl\/fr\/wp-json\/wp\/v2\/types\/product"}],"wp:featuredmedia":[{"embeddable":true,"href":"https:\/\/cleopatra.nl\/fr\/wp-json\/wp\/v2\/media\/3561"}],"wp:attachment":[{"href":"https:\/\/cleopatra.nl\/fr\/wp-json\/wp\/v2\/media?parent=3341"}],"wp:term":[{"taxonomy":"product_brand","embeddable":true,"href":"https:\/\/cleopatra.nl\/fr\/wp-json\/wp\/v2\/product_brand?post=3341"},{"taxonomy":"product_cat","embeddable":true,"href":"https:\/\/cleopatra.nl\/fr\/wp-json\/wp\/v2\/product_cat?post=3341"},{"taxonomy":"product_tag","embeddable":true,"href":"https:\/\/cleopatra.nl\/fr\/wp-json\/wp\/v2\/product_tag?post=3341"}],"curies":[{"name":"wp","href":"https:\/\/api.w.org\/{rel}","templated":true}]}}