{"id":3342,"date":"2022-04-27T20:07:09","date_gmt":"2022-04-27T18:07:09","guid":{"rendered":"https:\/\/cleopatra.medialoods.com\/?post_type=product&#038;p=3342"},"modified":"2026-04-27T10:08:01","modified_gmt":"2026-04-27T08:08:01","slug":"fiji-210-167x79cm","status":"publish","type":"product","link":"https:\/\/cleopatra.nl\/fr\/shop\/ligbaden-whirlpools\/vrijstaande-baden\/fiji-210\/","title":{"rendered":"Fidji 210 | 167x79cm"},"content":{"rendered":"<h4><b>\u00c9L\u00c9GANTE BAIGNOIRE AUTOPORTANTE<\/b><\/h4>\n<p>Le site\u00a0<b>baignoire autoportante<\/b>\u00a0Fiji by Cleopatra est synonyme de luxe et d'esth\u00e9tique. Des lignes fines, arrondies et lisses cr\u00e9ent de l'espace et du confort \u00e0 l'int\u00e9rieur de la baignoire et un look \u00e0 la mode \u00e0 l'ext\u00e9rieur. Se baigner dans la baignoire des Fidji est un vrai plaisir !<\/p>\n<p>Les dimensions ext\u00e9rieures de la baignoire autoportante sont les suivantes : 1670 x 790 x 450 mm avec une longueur de base de 1110 mm. Au bas de cette description de produit, vous trouverez les dessins de la baignoire.<\/p>\n<p>La baignoire est livr\u00e9e avec un ensemble baignoire et une combinaison trop-plein\/vide.<\/p>\n<p>Vous voulez voir ce bain ? Vous \u00eates les bienvenus au Cleopatra\u00a0<a href=\"https:\/\/cleopatra.nl\/fr\/contact\/\" target=\"_blank\" rel=\"noopener\">salle d'exposition<\/a> \u00e0 Zaandam !<\/p>\n<h4><b>ROBINETS DE BAIGNOIRE AUTOPORTANTS<\/b><\/h4>\n<p>Votre baignoire autoportante est livr\u00e9e avec un mitigeur autoportant de haute qualit\u00e9.<\/p>\n<p>&nbsp;<\/p>\n<p><strong><em>Il n'est pas possible d'installer une lampe de bain ou un syst\u00e8me d'hydromassage dans la baignoire Fiji 210.<\/em><\/strong><\/p>","protected":false},"excerpt":{"rendered":"<p>Le site\u00a0<b>baignoire autoportante<\/b>\u00a0Fiji by Cleopatra est synonyme de luxe et d'esth\u00e9tique. Des lignes fines, arrondies et lisses cr\u00e9ent de l'espace et du confort \u00e0 l'int\u00e9rieur de la baignoire et un look \u00e0 la mode \u00e0 l'ext\u00e9rieur. Se baigner dans la baignoire des Fidji est un vrai plaisir !<\/p>","protected":false},"featured_media":3553,"template":"","format":"standard","meta":{"_acf_changed":false},"product_brand":[347],"product_cat":[87,76,71],"product_tag":[],"class_list":{"0":"post-3342","1":"product","2":"type-product","3":"status-publish","4":"format-standard","5":"has-post-thumbnail","7":"product_brand-cleopatra","8":"product_cat-vrijstaande-baden","9":"product_cat-ligbaden-whirlpools","10":"product_cat-shop","12":"first","13":"instock","14":"taxable","15":"shipping-taxable","16":"purchasable","17":"product-type-simple"},"acf":[],"_links":{"self":[{"href":"https:\/\/cleopatra.nl\/fr\/wp-json\/wp\/v2\/product\/3342","targetHints":{"allow":["GET"]}}],"collection":[{"href":"https:\/\/cleopatra.nl\/fr\/wp-json\/wp\/v2\/product"}],"about":[{"href":"https:\/\/cleopatra.nl\/fr\/wp-json\/wp\/v2\/types\/product"}],"wp:featuredmedia":[{"embeddable":true,"href":"https:\/\/cleopatra.nl\/fr\/wp-json\/wp\/v2\/media\/3553"}],"wp:attachment":[{"href":"https:\/\/cleopatra.nl\/fr\/wp-json\/wp\/v2\/media?parent=3342"}],"wp:term":[{"taxonomy":"product_brand","embeddable":true,"href":"https:\/\/cleopatra.nl\/fr\/wp-json\/wp\/v2\/product_brand?post=3342"},{"taxonomy":"product_cat","embeddable":true,"href":"https:\/\/cleopatra.nl\/fr\/wp-json\/wp\/v2\/product_cat?post=3342"},{"taxonomy":"product_tag","embeddable":true,"href":"https:\/\/cleopatra.nl\/fr\/wp-json\/wp\/v2\/product_tag?post=3342"}],"curies":[{"name":"wp","href":"https:\/\/api.w.org\/{rel}","templated":true}]}}