{"id":3343,"date":"2022-04-27T20:07:29","date_gmt":"2022-04-27T18:07:29","guid":{"rendered":"https:\/\/cleopatra.medialoods.com\/?post_type=product&#038;p=3343"},"modified":"2026-04-27T10:06:31","modified_gmt":"2026-04-27T08:06:31","slug":"la-palma-260-170x80cm","status":"publish","type":"product","link":"https:\/\/cleopatra.nl\/fr\/shop\/ligbaden-whirlpools\/vrijstaande-baden\/la-palma-260\/","title":{"rendered":"La Palma 260 | 170x80cm"},"content":{"rendered":"<h4>\u00c9L\u00c9GANTE BAIGNOIRE AUTOPORTANTE<\/h4>\n<p>Le site\u00a0<b>baignoire autoportante<\/b>\u00a0La Palma de Cleopatra est le prototype d'une baignoire ovale agr\u00e9able, spacieuse et belle. Les bords \u00e9pais arrondis et les lignes courbes raffin\u00e9es conf\u00e8rent \u00e0 La Palma un aspect luxueux et assurent un sentiment de d\u00e9tente et d'insouciance.<\/p>\n<p>Les dimensions ext\u00e9rieures de la baignoire autoportante sont les suivantes : 1700 x 800 x 450 mm avec une longueur de fond de 1180 mm. Au bas de cette description de produit, vous trouverez les dessins de la baignoire.<\/p>\n<p>La baignoire est livr\u00e9e avec un ensemble baignoire et une combinaison trop-plein\/vide.<\/p>\n<p>Vous voulez voir ce bain ? Vous \u00eates les bienvenus au Cleopatra\u00a0<a href=\"https:\/\/cleopatra.nl\/fr\/contact\/\" target=\"_blank\" rel=\"noopener\">salle d'exposition<\/a> \u00e0 Zaandam !<\/p>\n<h4>BAIGNOIRE BALN\u00c9O AUTOPORTANTE<\/h4>\n<p>La baignoire La Palma est \u00e9galement disponible en tant que\u00a0<strong>baignoire baln\u00e9o autoportante<\/strong>! Vous avez le choix entre 3 syst\u00e8mes d'hydromassage :<\/p>\n<ul>\n<li>Wellness Spa Mini : 24 mini-jets produisent une grande quantit\u00e9 de mini-bulles au fond de la baignoire, qui stimulent votre corps encore plus doucement que les bulles du spa. Effet de picotement sur la peau et les muscles.<\/li>\n<\/ul>\n<ul>\n<li>Vous pouvez trouver plus d'informations sur les diff\u00e9rents syst\u00e8mes d'hydromassage pour ce bain <strong><em><a title=\"baignoire baln\u00e9o autoportante\" href=\"https:\/\/cleopatra.nl\/fr\/bubbelbaden\/\" target=\"_blank\" rel=\"noopener noreferrer\">ici<\/a><\/em><\/strong>.<\/li>\n<\/ul>\n<h4>LUMI\u00c8RE DANS LE BAIN<\/h4>\n<p>La baignoire La Palma est disponible avec une lumi\u00e8re : une fa\u00e7on simple de cr\u00e9er plus d'ambiance dans la salle de bains. <a title=\"\u00e9clairage couleur de la baignoire\" href=\"https:\/\/cleopatra.nl\/fr\/catalog\/product\/view\/id\/43\/s\/ligbad-kleurverlichting\/\" target=\"_blank\" rel=\"noopener noreferrer\">l'\u00e9clairage des couleurs<\/a>\u00a0avec quatre couleurs diff\u00e9rentes. Pour plus de d\u00e9tails, voir ci-dessous la rubrique Produits concern\u00e9s.<\/p>\n<p>&nbsp;<\/p>\n<h4>ROBINETS DE BAIGNOIRE AUTOPORTANTS<\/h4>\n<p>Votre baignoire autoportante est livr\u00e9e avec un mitigeur autoportant de haute qualit\u00e9.<\/p>","protected":false},"excerpt":{"rendered":"<p>Le site\u00a0<b>baignoire autoportante<\/b>\u00a0La Palma de Cleopatra est le prototype d'une baignoire ovale agr\u00e9able, spacieuse et belle. Les bords \u00e9pais arrondis et les lignes courbes raffin\u00e9es conf\u00e8rent \u00e0 La Palma un aspect luxueux et assurent un sentiment de d\u00e9tente et d'insouciance.<\/p>","protected":false},"featured_media":3546,"template":"","format":"standard","meta":{"_acf_changed":false},"product_brand":[347],"product_cat":[87,76,71],"product_tag":[],"class_list":{"0":"post-3343","1":"product","2":"type-product","3":"status-publish","4":"format-standard","5":"has-post-thumbnail","7":"product_brand-cleopatra","8":"product_cat-vrijstaande-baden","9":"product_cat-ligbaden-whirlpools","10":"product_cat-shop","12":"first","13":"instock","14":"taxable","15":"shipping-taxable","16":"purchasable","17":"product-type-simple"},"acf":[],"_links":{"self":[{"href":"https:\/\/cleopatra.nl\/fr\/wp-json\/wp\/v2\/product\/3343","targetHints":{"allow":["GET"]}}],"collection":[{"href":"https:\/\/cleopatra.nl\/fr\/wp-json\/wp\/v2\/product"}],"about":[{"href":"https:\/\/cleopatra.nl\/fr\/wp-json\/wp\/v2\/types\/product"}],"wp:featuredmedia":[{"embeddable":true,"href":"https:\/\/cleopatra.nl\/fr\/wp-json\/wp\/v2\/media\/3546"}],"wp:attachment":[{"href":"https:\/\/cleopatra.nl\/fr\/wp-json\/wp\/v2\/media?parent=3343"}],"wp:term":[{"taxonomy":"product_brand","embeddable":true,"href":"https:\/\/cleopatra.nl\/fr\/wp-json\/wp\/v2\/product_brand?post=3343"},{"taxonomy":"product_cat","embeddable":true,"href":"https:\/\/cleopatra.nl\/fr\/wp-json\/wp\/v2\/product_cat?post=3343"},{"taxonomy":"product_tag","embeddable":true,"href":"https:\/\/cleopatra.nl\/fr\/wp-json\/wp\/v2\/product_tag?post=3343"}],"curies":[{"name":"wp","href":"https:\/\/api.w.org\/{rel}","templated":true}]}}