{"id":3346,"date":"2022-04-27T20:08:33","date_gmt":"2022-04-27T18:08:33","guid":{"rendered":"https:\/\/cleopatra.medialoods.com\/?post_type=product&#038;p=3346"},"modified":"2026-04-27T10:07:22","modified_gmt":"2026-04-27T08:07:22","slug":"martinique-220-177x90cm","status":"publish","type":"product","link":"https:\/\/cleopatra.nl\/fr\/shop\/ligbaden-whirlpools\/vrijstaande-baden\/martinique-220\/","title":{"rendered":"Martinique 220 | 177x90cm"},"content":{"rendered":"<h4><b>BAIGNOIRE SPACIEUSE AUTOPORTANTE<\/b><\/h4>\n<p>Le site\u00a0<b>baignoire autoportante<\/b> La Martinique de Cl\u00e9op\u00e2tre se caract\u00e9rise par ses grandes dimensions et ses lignes harmonieuses et arrondies. Id\u00e9ale pour les personnes un peu plus grandes et les amateurs de bains spacieux et confortables. Sautez dans la Martinique et offrez-vous un moment de d\u00e9tente bien m\u00e9rit\u00e9 !<\/p>\n<p>Les dimensions ext\u00e9rieures de la baignoire autoportante sont les suivantes : 1770 x 900 x 420 mm et la longueur du fond est de 1280 mm. Au bas de cette description de produit, vous trouverez les dessins de la baignoire.<\/p>\n<p>La baignoire est livr\u00e9e avec un ensemble baignoire et une combinaison trop-plein\/vide.<\/p>\n<p>Vous voulez voir ce bain ? Vous \u00eates les bienvenus au Cleopatra\u00a0<a href=\"https:\/\/cleopatra.nl\/fr\/contact\/\" target=\"_blank\" rel=\"noopener\">salle d'exposition<\/a> \u00e0 Zaandam !<\/p>\n<h4><b>ROBINETS DE BAIGNOIRE AUTOPORTANTS<\/b><\/h4>\n<p>Votre baignoire autoportante est \u00e9quip\u00e9e d'un mitigeur autoportant de haute qualit\u00e9. Votre salle de bains n'en sera que plus belle et plus compl\u00e8te !<\/p>\n<p>&nbsp;<\/p>\n<p><strong><em>Il n'est pas possible d'installer une lampe de bain ou un syst\u00e8me d'hydromassage dans la baignoire Martinique.\u00a0<\/em><\/strong><\/p>","protected":false},"excerpt":{"rendered":"<p>Le site\u00a0<b>baignoire autoportante<\/b> La Martinique de Cl\u00e9op\u00e2tre se caract\u00e9rise par ses grandes dimensions et ses lignes harmonieuses et arrondies. Id\u00e9ale pour les personnes un peu plus grandes et les amateurs de bains spacieux et confortables. Sautez dans la Martinique et offrez-vous un moment de d\u00e9tente bien m\u00e9rit\u00e9 !<\/p>","protected":false},"featured_media":3528,"template":"","format":"standard","meta":{"_acf_changed":false},"product_brand":[347],"product_cat":[87,76,71],"product_tag":[],"class_list":{"0":"post-3346","1":"product","2":"type-product","3":"status-publish","4":"format-standard","5":"has-post-thumbnail","7":"product_brand-cleopatra","8":"product_cat-vrijstaande-baden","9":"product_cat-ligbaden-whirlpools","10":"product_cat-shop","12":"first","13":"instock","14":"taxable","15":"shipping-taxable","16":"purchasable","17":"product-type-simple"},"acf":[],"_links":{"self":[{"href":"https:\/\/cleopatra.nl\/fr\/wp-json\/wp\/v2\/product\/3346","targetHints":{"allow":["GET"]}}],"collection":[{"href":"https:\/\/cleopatra.nl\/fr\/wp-json\/wp\/v2\/product"}],"about":[{"href":"https:\/\/cleopatra.nl\/fr\/wp-json\/wp\/v2\/types\/product"}],"wp:featuredmedia":[{"embeddable":true,"href":"https:\/\/cleopatra.nl\/fr\/wp-json\/wp\/v2\/media\/3528"}],"wp:attachment":[{"href":"https:\/\/cleopatra.nl\/fr\/wp-json\/wp\/v2\/media?parent=3346"}],"wp:term":[{"taxonomy":"product_brand","embeddable":true,"href":"https:\/\/cleopatra.nl\/fr\/wp-json\/wp\/v2\/product_brand?post=3346"},{"taxonomy":"product_cat","embeddable":true,"href":"https:\/\/cleopatra.nl\/fr\/wp-json\/wp\/v2\/product_cat?post=3346"},{"taxonomy":"product_tag","embeddable":true,"href":"https:\/\/cleopatra.nl\/fr\/wp-json\/wp\/v2\/product_tag?post=3346"}],"curies":[{"name":"wp","href":"https:\/\/api.w.org\/{rel}","templated":true}]}}