{"id":3347,"date":"2022-04-27T20:08:57","date_gmt":"2022-04-27T18:08:57","guid":{"rendered":"https:\/\/cleopatra.medialoods.com\/?post_type=product&#038;p=3347"},"modified":"2026-04-27T10:06:49","modified_gmt":"2026-04-27T08:06:49","slug":"pelican-270-180x80cm","status":"publish","type":"product","link":"https:\/\/cleopatra.nl\/fr\/shop\/ligbaden-whirlpools\/vrijstaande-baden\/pelican-270\/","title":{"rendered":"P\u00e9lican 270 | 180x80cm"},"content":{"rendered":"<h4>BAIGNOIRE SPACIEUSE AUTOPORTANTE<\/h4>\n<p>Le site\u00a0<b>baignoire autoportante<\/b> Pelican by Cleopatra est id\u00e9al pour les personnes de petite et de grande taille. Il est spacieux et s'int\u00e8gre parfaitement dans les salles de bains modernes et rustiques.<\/p>\n<p>Les dimensions ext\u00e9rieures de la baignoire autoportante sont les suivantes : 1800 x 800 x 430 mm avec une longueur au sol de 1060 mm. Au bas de cette description de produit, vous trouverez les dessins de la baignoire.<\/p>\n<p>La baignoire est livr\u00e9e avec un ensemble baignoire et une combinaison trop-plein\/vide.<\/p>\n<p>Vous voulez voir ce bain ? Vous \u00eates les bienvenus au Cleopatra\u00a0<a href=\"https:\/\/cleopatra.nl\/fr\/contact\/\" target=\"_blank\" rel=\"noopener\">salle d'exposition<\/a> \u00e0 Zaandam !<\/p>\n<p>&nbsp;<\/p>\n<h4>BAIGNOIRE BALN\u00c9O AUTOPORTANTE<\/h4>\n<p>La baignoire P\u00e9lican est \u00e9galement disponible en tant que\u00a0<strong>baignoire baln\u00e9o autoportante<\/strong>!<\/p>\n<ul>\n<li>Wellness Spa Mini : 24 mini-jets produisent une grande quantit\u00e9 de mini-bulles au fond de la baignoire, qui stimulent votre corps encore plus doucement que les bulles du spa. Effet de picotement sur la peau et les muscles.<\/li>\n<\/ul>\n<ul>\n<li>Vous pouvez trouver plus d'informations sur les diff\u00e9rents syst\u00e8mes d'hydromassage pour ce bain <em><strong><a title=\"baignoire baln\u00e9o autoportante\" href=\"https:\/\/cleopatra.nl\/fr\/bubbelbaden\/\" target=\"_blank\" rel=\"noopener noreferrer\">ici<\/a><\/strong><\/em>.<\/li>\n<\/ul>\n<p>&nbsp;<\/p>\n<h4>LUMI\u00c8RE DANS LE BAIN<\/h4>\n<p>La baignoire P\u00e9lican est disponible avec un \u00e9clairage : une fa\u00e7on simple de cr\u00e9er plus d'atmosph\u00e8re dans la salle de bains. Vous avez le choix entre <a title=\"\u00e9clairage couleur de la baignoire\" href=\"https:\/\/cleopatra.nl\/fr\/catalog\/product\/view\/id\/43\/s\/ligbad-kleurverlichting\/\" target=\"_blank\" rel=\"noopener noreferrer\">l'\u00e9clairage des couleurs<\/a>\u00a0avec quatre couleurs diff\u00e9rentes.<\/p>\n<p>&nbsp;<\/p>\n<h4>ROBINETS DE BAIGNOIRE AUTOPORTANTS<\/h4>\n<p>A votre\u00a0<strong>baignoire autoportante<\/strong>\u00a0est un m\u00e9langeur autonome de haute qualit\u00e9. Votre salle de bains n'en sera que plus belle et plus compl\u00e8te !<\/p>","protected":false},"excerpt":{"rendered":"<p>Le site\u00a0<b>baignoire autoportante<\/b>\u00a0Pelican by Cleopatra est id\u00e9al pour les personnes de petite et de grande taille. Il est spacieux et s'int\u00e8gre parfaitement aux salles de bains modernes et rustiques.<\/p>","protected":false},"featured_media":3523,"template":"","format":"standard","meta":{"_acf_changed":false},"product_brand":[347],"product_cat":[87,76,71],"product_tag":[],"class_list":{"0":"post-3347","1":"product","2":"type-product","3":"status-publish","4":"format-standard","5":"has-post-thumbnail","7":"product_brand-cleopatra","8":"product_cat-vrijstaande-baden","9":"product_cat-ligbaden-whirlpools","10":"product_cat-shop","12":"first","13":"instock","14":"taxable","15":"shipping-taxable","16":"purchasable","17":"product-type-simple"},"acf":[],"_links":{"self":[{"href":"https:\/\/cleopatra.nl\/fr\/wp-json\/wp\/v2\/product\/3347","targetHints":{"allow":["GET"]}}],"collection":[{"href":"https:\/\/cleopatra.nl\/fr\/wp-json\/wp\/v2\/product"}],"about":[{"href":"https:\/\/cleopatra.nl\/fr\/wp-json\/wp\/v2\/types\/product"}],"wp:featuredmedia":[{"embeddable":true,"href":"https:\/\/cleopatra.nl\/fr\/wp-json\/wp\/v2\/media\/3523"}],"wp:attachment":[{"href":"https:\/\/cleopatra.nl\/fr\/wp-json\/wp\/v2\/media?parent=3347"}],"wp:term":[{"taxonomy":"product_brand","embeddable":true,"href":"https:\/\/cleopatra.nl\/fr\/wp-json\/wp\/v2\/product_brand?post=3347"},{"taxonomy":"product_cat","embeddable":true,"href":"https:\/\/cleopatra.nl\/fr\/wp-json\/wp\/v2\/product_cat?post=3347"},{"taxonomy":"product_tag","embeddable":true,"href":"https:\/\/cleopatra.nl\/fr\/wp-json\/wp\/v2\/product_tag?post=3347"}],"curies":[{"name":"wp","href":"https:\/\/api.w.org\/{rel}","templated":true}]}}