{"id":3349,"date":"2022-04-27T20:09:41","date_gmt":"2022-04-27T18:09:41","guid":{"rendered":"https:\/\/cleopatra.medialoods.com\/?post_type=product&#038;p=3349"},"modified":"2026-04-27T10:07:09","modified_gmt":"2026-04-27T08:07:09","slug":"tahiti-230-170x75cm","status":"publish","type":"product","link":"https:\/\/cleopatra.nl\/fr\/shop\/ligbaden-whirlpools\/vrijstaande-baden\/tahiti-230\/","title":{"rendered":"Tahiti 230 | 170x75cm"},"content":{"rendered":"<h4><b>BAIGNOIRE AUTOPORTANTE DESIGN<\/b><\/h4>\n<p>Le site\u00a0<b>baignoire autoportante<\/b>\u00a0Tahiti de Cleopatra est un plaisir pour les yeux et un d\u00e9lice pour le corps. Rectangulaire, mais avec des coins joliment arrondis et des bords qui s'\u00e9largissent sur les longs c\u00f4t\u00e9s. Le coin salon confortable permet de se reposer et de profiter pleinement de la salle de bains.<\/p>\n<p>Les dimensions ext\u00e9rieures de la baignoire autoportante sont les suivantes : 1700 x 750 x 440 mm avec une longueur de fond de 1360 mm. Au bas de cette description du produit, vous trouverez les dessins de la baignoire.<\/p>\n<p>La baignoire est livr\u00e9e avec un ensemble baignoire et une combinaison trop-plein\/vide.<\/p>\n<p>Vous voulez voir ce bain ? Vous \u00eates les bienvenus au Cleopatra\u00a0<a href=\"https:\/\/cleopatra.nl\/fr\/contact\/\" target=\"_blank\" rel=\"noopener\">salle d'exposition<\/a> \u00e0 Zaandam !<\/p>\n<p>&nbsp;<\/p>\n<h4><b>ROBINETS DE BAIGNOIRE AUTOPORTANTS<\/b><\/h4>\n<p>A votre\u00a0<strong>baignoire autoportante<\/strong>\u00a0est un m\u00e9langeur autonome de haute qualit\u00e9. Votre salle de bains n'en sera que plus belle et plus compl\u00e8te !<\/p>\n<p>&nbsp;<\/p>\n<p><strong>Il n'est pas possible d'installer une lumi\u00e8re dans la baignoire Tahiti.<\/strong><\/p>","protected":false},"excerpt":{"rendered":"<p>Le site\u00a0<b>baignoire autoportante<\/b>\u00a0Tahiti de Cleopatra est un plaisir pour les yeux et un d\u00e9lice pour le corps. Rectangulaire, mais avec des coins joliment arrondis et des bords qui s'\u00e9largissent sur les longs c\u00f4t\u00e9s. Le coin salon confortable permet de se reposer et de profiter pleinement de la salle de bains.<\/p>","protected":false},"featured_media":3509,"template":"","format":"standard","meta":{"_acf_changed":false},"product_brand":[347],"product_cat":[87,76,71],"product_tag":[],"class_list":{"0":"post-3349","1":"product","2":"type-product","3":"status-publish","4":"format-standard","5":"has-post-thumbnail","7":"product_brand-cleopatra","8":"product_cat-vrijstaande-baden","9":"product_cat-ligbaden-whirlpools","10":"product_cat-shop","12":"first","13":"instock","14":"taxable","15":"shipping-taxable","16":"purchasable","17":"product-type-simple"},"acf":[],"_links":{"self":[{"href":"https:\/\/cleopatra.nl\/fr\/wp-json\/wp\/v2\/product\/3349","targetHints":{"allow":["GET"]}}],"collection":[{"href":"https:\/\/cleopatra.nl\/fr\/wp-json\/wp\/v2\/product"}],"about":[{"href":"https:\/\/cleopatra.nl\/fr\/wp-json\/wp\/v2\/types\/product"}],"wp:featuredmedia":[{"embeddable":true,"href":"https:\/\/cleopatra.nl\/fr\/wp-json\/wp\/v2\/media\/3509"}],"wp:attachment":[{"href":"https:\/\/cleopatra.nl\/fr\/wp-json\/wp\/v2\/media?parent=3349"}],"wp:term":[{"taxonomy":"product_brand","embeddable":true,"href":"https:\/\/cleopatra.nl\/fr\/wp-json\/wp\/v2\/product_brand?post=3349"},{"taxonomy":"product_cat","embeddable":true,"href":"https:\/\/cleopatra.nl\/fr\/wp-json\/wp\/v2\/product_cat?post=3349"},{"taxonomy":"product_tag","embeddable":true,"href":"https:\/\/cleopatra.nl\/fr\/wp-json\/wp\/v2\/product_tag?post=3349"}],"curies":[{"name":"wp","href":"https:\/\/api.w.org\/{rel}","templated":true}]}}