{"id":3350,"date":"2022-04-27T20:10:06","date_gmt":"2022-04-27T18:10:06","guid":{"rendered":"https:\/\/cleopatra.medialoods.com\/?post_type=product&#038;p=3350"},"modified":"2026-04-27T10:07:44","modified_gmt":"2026-04-27T08:07:44","slug":"texel-240-160x80cm","status":"publish","type":"product","link":"https:\/\/cleopatra.nl\/fr\/shop\/ligbaden-whirlpools\/vrijstaande-baden\/texel-240\/","title":{"rendered":"Texel 240 | 160x80cm"},"content":{"rendered":"<h4><b>BAIGNOIRE AUTOPORTANTE CONFORTABLE TEXEL<\/b><\/h4>\n<p>Le site\u00a0<b>baignoire autoportante<\/b>\u00a0Texel by Cleopatra est synonyme de luxe et de confort. Des lignes fines, arrondies et souples cr\u00e9ent de l'espace et du confort \u00e0 l'int\u00e9rieur de la baignoire et un look tendance \u00e0 l'ext\u00e9rieur. Se baigner dans la baignoire de Texel est un vrai plaisir !<\/p>\n<p>Les dimensions ext\u00e9rieures de la baignoire autoportante sont les suivantes : 1600 x 800 x 460 mm avec une longueur de fond de 1270 mm. Au bas de cette description de produit, vous trouverez les dessins de la baignoire.<\/p>\n<p>La baignoire est livr\u00e9e avec un ensemble baignoire et une combinaison trop-plein\/vide.<\/p>\n<p>Vous voulez voir ce bain ?  Vous \u00eates les bienvenus au Cleopatra\u00a0<a href=\"https:\/\/cleopatra.nl\/fr\/contact\/\" target=\"_blank\" rel=\"noopener\">salle d'exposition<\/a> \u00e0 Zaandam !<\/p>\n<h4><b><br \/>\nROBINETS DE BAIGNOIRE AUTOPORTANTS<\/b><\/h4>\n<p>A votre\u00a0<strong>baignoire autoportante<\/strong>\u00a0est un m\u00e9langeur autonome de haute qualit\u00e9. Votre salle de bains n'en sera que plus belle et plus compl\u00e8te !<\/p>\n<p>&nbsp;<\/p>\n<p><strong><em>Il n'est pas possible d'installer un \u00e9clairage ou un syst\u00e8me d'hydromassage dans la baignoire Texel.<\/em>.<\/strong><\/p>","protected":false},"excerpt":{"rendered":"<p>Le site\u00a0<b>baignoire autoportante<\/b>\u00a0Texel by Cleopatra est synonyme de luxe et de confort. Des lignes fines, arrondies et souples cr\u00e9ent de l'espace et du confort \u00e0 l'int\u00e9rieur de la baignoire et un look tendance \u00e0 l'ext\u00e9rieur. Se baigner dans la baignoire de Texel est un vrai plaisir !<\/p>","protected":false},"featured_media":3504,"template":"","format":"standard","meta":{"_acf_changed":false},"product_brand":[347],"product_cat":[87,76,71],"product_tag":[],"class_list":{"0":"post-3350","1":"product","2":"type-product","3":"status-publish","4":"format-standard","5":"has-post-thumbnail","7":"product_brand-cleopatra","8":"product_cat-vrijstaande-baden","9":"product_cat-ligbaden-whirlpools","10":"product_cat-shop","12":"first","13":"instock","14":"taxable","15":"shipping-taxable","16":"purchasable","17":"product-type-simple"},"acf":[],"_links":{"self":[{"href":"https:\/\/cleopatra.nl\/fr\/wp-json\/wp\/v2\/product\/3350","targetHints":{"allow":["GET"]}}],"collection":[{"href":"https:\/\/cleopatra.nl\/fr\/wp-json\/wp\/v2\/product"}],"about":[{"href":"https:\/\/cleopatra.nl\/fr\/wp-json\/wp\/v2\/types\/product"}],"wp:featuredmedia":[{"embeddable":true,"href":"https:\/\/cleopatra.nl\/fr\/wp-json\/wp\/v2\/media\/3504"}],"wp:attachment":[{"href":"https:\/\/cleopatra.nl\/fr\/wp-json\/wp\/v2\/media?parent=3350"}],"wp:term":[{"taxonomy":"product_brand","embeddable":true,"href":"https:\/\/cleopatra.nl\/fr\/wp-json\/wp\/v2\/product_brand?post=3350"},{"taxonomy":"product_cat","embeddable":true,"href":"https:\/\/cleopatra.nl\/fr\/wp-json\/wp\/v2\/product_cat?post=3350"},{"taxonomy":"product_tag","embeddable":true,"href":"https:\/\/cleopatra.nl\/fr\/wp-json\/wp\/v2\/product_tag?post=3350"}],"curies":[{"name":"wp","href":"https:\/\/api.w.org\/{rel}","templated":true}]}}