{"id":3352,"date":"2022-04-27T20:11:14","date_gmt":"2022-04-27T18:11:14","guid":{"rendered":"https:\/\/cleopatra.medialoods.com\/?post_type=product&#038;p=3352"},"modified":"2026-04-27T18:02:16","modified_gmt":"2026-04-27T16:02:16","slug":"hawaii-twin-551","status":"publish","type":"product","link":"https:\/\/cleopatra.nl\/fr\/shop\/hawaii-twin-550\/","title":{"rendered":"Hawaii Twin 550"},"content":{"rendered":"<ul>\n<li>Cabine en acrylique int\u00e9gr\u00e9e.<\/li>\n<li>Cabine pour 2 personnes.<\/li>\n<li>\u00c9quip\u00e9 d'une douche et d'un g\u00e9n\u00e9rateur de vapeur<\/li>\n<li>Le g\u00e9n\u00e9rateur de vapeur doit \u00eatre plac\u00e9 \u00e0 l'ext\u00e9rieur.<\/li>\n<\/ul>\n<p><strong>Couleur du verre\u00a0<\/strong><\/p>\n<ul>\n<li>Couleur du verre transparent, bronze ou gris fum\u00e9<\/li>\n<\/ul>\n<p><strong>Sens de rotation de la porte<\/strong><\/p>\n<ul>\n<li>Charni\u00e8res debout \u00e0 droite ou \u00e0 gauche<\/li>\n<\/ul>\n<h4><strong><br \/>\nHAWAII TWIN ESSENTIAL<\/strong><\/h4>\n<p><strong>Cabine<\/strong><\/p>\n<ul>\n<li>Cabine en acrylique de haute qualit\u00e9<\/li>\n<li>Porte dans le cadre (blanc) - verre transparent<\/li>\n<li>Drainage<\/li>\n<li>Ventilation<\/li>\n<\/ul>\n<p><strong>Douche<\/strong><\/p>\n<ul>\n<li>M\u00e9langeur thermostatique<\/li>\n<li>Douche \u00e0 main et glissi\u00e8re<\/li>\n<\/ul>\n<p><strong>\u00c9clairage <\/strong><\/p>\n<ul>\n<li>\u00c9clairage LED (2 pi\u00e8ces)<\/li>\n<\/ul>\n<p><strong>Vapeur<\/strong><\/p>\n<ul>\n<li>Vapeur Un g\u00e9n\u00e9rateur de vapeur avec commande (3 kW - uniquement Colorado Twin = 4,5 kW)<\/li>\n<li>Aromath\u00e9rapie (dosage automatique 1 parfum)<\/li>\n<li>Entr\u00e9e de vapeur en plastique blanc<\/li>\n<li>Contr\u00f4les La vapeur doit \u00eatre plac\u00e9e \u00e0 l'ext\u00e9rieur de la cabine.<\/li>\n<\/ul>\n<h4><strong><br \/>\nHAWAII TWIN DELUXE<\/strong><\/h4>\n<p><strong>Cabine<\/strong><\/p>\n<ul>\n<li>Cabine en acrylique de haute qualit\u00e9<\/li>\n<li>Porte dans le cadre (blanc) - verre transparent<\/li>\n<li>Drainage<\/li>\n<li>Ventilation<\/li>\n<\/ul>\n<p><strong>Douche<\/strong><\/p>\n<ul>\n<li>M\u00e9langeur thermostatique<\/li>\n<li>Douche \u00e0 main et glissi\u00e8re<\/li>\n<li>Douche de toit 240 mm<\/li>\n<\/ul>\n<p><strong>\u00c9clairage <\/strong><\/p>\n<ul>\n<li>\u00c9clairage LED (2 pi\u00e8ces)<\/li>\n<\/ul>\n<p><strong>Vapeur<\/strong><\/p>\n<ul>\n<li>G\u00e9n\u00e9rateurs de vapeur Steam Smart avec commandes (3 kW - Colorado Twin uniquement = 4,5 kW)<\/li>\n<li>Aromath\u00e9rapie (dosage automatique 1 parfum)<\/li>\n<li>Entr\u00e9e de vapeur en plastique blanc<\/li>\n<li>Les commandes Steam Smart doivent \u00eatre plac\u00e9es \u00e0 l'ext\u00e9rieur de la cabine.<\/li>\n<\/ul>\n<h4><strong><br \/>\nHAWAII TWIN EXCLUSIVE<\/strong><\/h4>\n<p><strong>Cabine<\/strong><\/p>\n<ul>\n<li>Cabine en acrylique de haute qualit\u00e9<\/li>\n<li>Porte dans le cadre (blanc) - verre transparent<\/li>\n<li>Drainage<\/li>\n<li>Ventilation<\/li>\n<\/ul>\n<p><strong>Douche<\/strong><\/p>\n<ul>\n<li>M\u00e9langeur thermostatique<\/li>\n<li>Douche \u00e0 main et glissi\u00e8re<\/li>\n<li>Douche de toit 300 mm<\/li>\n<li>Douche lat\u00e9rale graisse corporelle (6 pi\u00e8ces)<\/li>\n<\/ul>\n<p><strong>\u00c9clairage <\/strong><\/p>\n<ul>\n<li>\u00c9clairage LED (2 pi\u00e8ces)<\/li>\n<\/ul>\n<p><strong>Vapeur<\/strong><\/p>\n<ul>\n<li>G\u00e9n\u00e9rateurs de vapeur Steam Deluxe avec commandes (3 kW - Colorado Twin uniquement = 4,5 kW)<\/li>\n<li>Aromath\u00e9rapie (dosage automatique 2 parfums)<\/li>\n<li>Entr\u00e9e de vapeur en plastique blanc<\/li>\n<li>Les commandes Steam Deluxe doivent \u00eatre plac\u00e9es \u00e0 l'ext\u00e9rieur de la cabine.<\/li>\n<\/ul>\n<p><strong>Musique<\/strong><\/p>\n<ul>\n<li>Module Bluetooth comprenant 2 haut-parleurs<\/li>\n<\/ul>\n<h4><\/h4>\n<h4>CABINE DE BIEN-\u00caTRE CLEOPATRA<\/h4>\n<p><span data-contrast=\"auto\">La Cl\u00e9op\u00e2tre<\/span><b><span data-contrast=\"auto\">cabine de vapeur et de bien-\u00eatre<\/span><\/b><span data-contrast=\"auto\">Hawaii Twin 550 est une cabine de haute qualit\u00e9 qui fait le bonheur des consommateurs depuis plus de 3 d\u00e9cennies. Une cabine qui restera belle, chaleureuse et efficace pendant des ann\u00e9es.<\/span><span data-ccp-props=\"{&quot;201341983&quot;:0,&quot;335559738&quot;:100,&quot;335559739&quot;:200,&quot;335559740&quot;:276}\">\u00a0<\/span><\/p>\n<p><span data-contrast=\"auto\">La cabine de vapeur et de bien-\u00eatre Hawaii Twin 550 est fabriqu\u00e9e en acrylique blanc, ce qui permet de ressentir rapidement et compl\u00e8tement la chaleur et la vapeur. L'acrylique est facile \u00e0 entretenir ; apr\u00e8s 20 ans, votre cabine aura toujours l'air neuve !<\/span><span data-ccp-props=\"{&quot;201341983&quot;:0,&quot;335559738&quot;:100,&quot;335559739&quot;:200,&quot;335559740&quot;:276}\">\u00a0<\/span><\/p>\n<p><span data-contrast=\"auto\">La cabine dispose de deux si\u00e8ges confortables et de dimensions r\u00e9duites :<\/span><span data-ccp-props=\"{&quot;201341983&quot;:0,&quot;335559738&quot;:100,&quot;335559739&quot;:200,&quot;335559740&quot;:276}\">\u00a0<\/span><\/p>\n<p><span data-contrast=\"auto\">Angle d'encastrement : 1270 x 1270 mm<\/span><span data-ccp-props=\"{&quot;201341983&quot;:0,&quot;335559738&quot;:100,&quot;335559739&quot;:200,&quot;335559740&quot;:276}\">\u00a0<\/span><\/p>\n<p><span data-contrast=\"auto\">Installation droite : 1510 x 1070 mm<\/span><span data-ccp-props=\"{&quot;201341983&quot;:0,&quot;335559738&quot;:100,&quot;335559739&quot;:200,&quot;335559740&quot;:276}\">\u00a0<\/span><\/p>\n<p><span data-contrast=\"auto\">Hauteur du filet : 2230 mm<\/span><span data-ccp-props=\"{&quot;201341983&quot;:0,&quot;335559738&quot;:100,&quot;335559739&quot;:200,&quot;335559740&quot;:276}\">\u00a0<\/span><\/p>\n<p><span data-contrast=\"auto\">Les dessins et les informations techniques de la cabine se trouvent au bas de cette description de produit.<\/span><span data-ccp-props=\"{&quot;201341983&quot;:0,&quot;335559738&quot;:100,&quot;335559739&quot;:200,&quot;335559740&quot;:276}\">\u00a0<\/span><\/p>\n<h4>OPTIONS DE CABINE<\/h4>\n<p><span data-contrast=\"auto\">Vous pouvez adapter la cabine \u00e0 vos go\u00fbts et \u00e0 votre espace :<\/span><span data-ccp-props=\"{&quot;201341983&quot;:0,&quot;335559738&quot;:100,&quot;335559739&quot;:200,&quot;335559740&quot;:276}\">\u00a0<\/span><\/p>\n<p><span data-contrast=\"auto\">Le verre est disponible en transparent, bronze et gris.<\/span><span data-ccp-props=\"{&quot;201341983&quot;:0,&quot;335559738&quot;:100,&quot;335559739&quot;:200,&quot;335559740&quot;:276}\">\u00a0<\/span><\/p>\n<p><span data-contrast=\"auto\">Le cadre de la porte et la poign\u00e9e sont de couleur blanche standard (RAL 9003) mais sont \u00e9galement disponibles dans la couleur RAL de votre choix.<\/span><span data-ccp-props=\"{&quot;201341983&quot;:0,&quot;335559738&quot;:100,&quot;335559739&quot;:200,&quot;335559740&quot;:276}\">\u00a0<\/span><\/p>\n<p><span data-contrast=\"auto\">Voulez-vous voir la cabine ? Vous \u00eates les bienvenus dans notre<\/span><a href=\"https:\/\/cleopatra.nl\/fr\/contact\/\" target=\"_blank\" rel=\"noopener\"><span data-contrast=\"none\">salle d'exposition<\/span><\/a><span data-contrast=\"auto\">\u00e0 Zaandam.<\/span><\/p>\n<h4>G\u00c9N\u00c9RATEUR DE VAPEUR ET DE BIEN-\u00caTRE<\/h4>\n<p><span data-contrast=\"auto\">Le Hawaii Twin 550 est \u00e9quip\u00e9 d'un g\u00e9n\u00e9rateur de vapeur et de bien-\u00eatre de 3.0 kW 230 V.<\/span><span data-ccp-props=\"{&quot;201341983&quot;:0,&quot;335559738&quot;:100,&quot;335559739&quot;:200,&quot;335559740&quot;:276}\">\u00a0<\/span><\/p>\n<p><span data-contrast=\"auto\">Cleopatra fabrique ses propres g\u00e9n\u00e9rateurs dans son usine aux Pays-Bas. Nous proposons trois mod\u00e8les de g\u00e9n\u00e9rateurs pour l'utilisateur priv\u00e9 :<\/span><span data-ccp-props=\"{&quot;201341983&quot;:0,&quot;335559738&quot;:100,&quot;335559739&quot;:200,&quot;335559740&quot;:276}\">\u00a0<\/span><\/p>\n<p><span data-contrast=\"auto\">Le site<em>\u202f<\/em><\/span><em><strong>Cleo Steam One<\/strong><\/em><span data-contrast=\"auto\"><em>\u202f<\/em>est un g\u00e9n\u00e9rateur de vapeur de haute qualit\u00e9 dot\u00e9 de fonctions standard.<\/span><span data-ccp-props=\"{&quot;201341983&quot;:0,&quot;335559738&quot;:100,&quot;335559739&quot;:200,&quot;335559740&quot;:276}\">\u00a0<\/span><\/p>\n<p><span data-contrast=\"auto\">Le site<\/span><span data-contrast=\"none\">\u202f<em><strong>Cleo Steam Smart<\/strong><\/em><\/span><span data-contrast=\"auto\"><em>\u202f<\/em>est un g\u00e9n\u00e9rateur de vapeur moderne qui r\u00e9duit les fluctuations de temp\u00e9rature et permet la luminoth\u00e9rapie (lumi\u00e8res multicolores).<\/span><span data-ccp-props=\"{&quot;201341983&quot;:0,&quot;335559738&quot;:100,&quot;335559739&quot;:200,&quot;335559740&quot;:276}\">\u00a0<\/span><\/p>\n<p><span data-contrast=\"auto\">Le site<\/span><span data-contrast=\"none\"><em><strong>Cleo Steam Deluxe<\/strong><\/em><\/span><span data-contrast=\"auto\">est un g\u00e9n\u00e9rateur de bien-\u00eatre complet qui offre les fonctions suivantes : vapeur, haloth\u00e9rapie (sel m\u00e9lang\u00e9 \u00e0 la vapeur), th\u00e9rapie par le froid (brume froide), luminoth\u00e9rapie, aromath\u00e9rapie et connexion directe \u00e0 votre musique via Bluetooth.<\/span><span data-ccp-props=\"{&quot;201341983&quot;:0,&quot;335559738&quot;:100,&quot;335559739&quot;:200,&quot;335559740&quot;:276}\">\u00a0<\/span><\/p>\n<p><span data-contrast=\"auto\">Vous pouvez trouver des informations d\u00e9taill\u00e9es sur les g\u00e9n\u00e9rateurs de Cl\u00e9op\u00e2tre.<\/span><a href=\"https:\/\/cleopatra.nl\/fr\/shop\/?_product_categorieen=stoomtechniek-stoomtechniel-prive-shop\" target=\"_blank\" rel=\"noopener\"><span data-contrast=\"none\">ici<\/span><\/a><span data-contrast=\"auto\">.<\/span><span data-ccp-props=\"{&quot;201341983&quot;:0,&quot;335559738&quot;:100,&quot;335559739&quot;:200,&quot;335559740&quot;:276}\">\u00a0<\/span><\/p>\n<p><span data-contrast=\"auto\">Avec cette cabine, le g\u00e9n\u00e9rateur doit \u00eatre plac\u00e9 \u00e0 l'ext\u00e9rieur. Un petit local technique doit \u00eatre situ\u00e9 pr\u00e8s de la cabine.<\/span><span data-ccp-props=\"{&quot;201341983&quot;:0,&quot;335559738&quot;:100,&quot;335559739&quot;:200,&quot;335559740&quot;:276}\"> Veillez \u00e0 ce que les commandes soient plac\u00e9es \u00e0 l'ext\u00e9rieur de la cabine.\u00a0<\/span><\/p>\n<h4>INSTALLATION D'UNE CABINE ET D'UNE TECHNOLOGIE \u00c0 VAPEUR<\/h4>\n<p><span data-contrast=\"auto\">Pour une installation sans souci, Cleopatra peut mesurer la cabine et faire l'inventaire de votre espace. Nous pouvons \u00e9galement installer votre cabine moyennant un suppl\u00e9ment.<\/span><span data-ccp-props=\"{&quot;201341983&quot;:0,&quot;335559738&quot;:100,&quot;335559739&quot;:200,&quot;335559740&quot;:276}\">\u00a0<\/span><\/p>\n<p><span data-contrast=\"auto\">Ces services ne sont disponibles que dans le Benelux.<\/span><span data-ccp-props=\"{&quot;201341983&quot;:0,&quot;335559738&quot;:100,&quot;335559739&quot;:200,&quot;335559740&quot;:276}\">\u00a0<\/span><\/p>\n<p><span data-contrast=\"auto\">Vous voulez en savoir plus ?Alors, jetez un coup d'\u0153il \u00e0<\/span><em><strong><a href=\"https:\/\/cleopatra.nl\/fr\/contact\/\" target=\"_blank\" rel=\"noopener\">contacter<\/a><\/strong><\/em><span data-contrast=\"auto\"><em><strong>\u202f<\/strong><\/em>avec nous.<\/span><span data-ccp-props=\"{&quot;201341983&quot;:0,&quot;335559738&quot;:100,&quot;335559739&quot;:200,&quot;335559740&quot;:276}\">\u00a0<\/span><\/p>","protected":false},"excerpt":{"rendered":"<p><span data-contrast=\"auto\">La Cl\u00e9op\u00e2tre<\/span><b><span data-contrast=\"auto\">cabine de vapeur et de bien-\u00eatre<\/span><\/b><span data-contrast=\"auto\">Hawaii Twin 550 est une cabine de haute qualit\u00e9 qui fait le bonheur des consommateurs depuis plus de 3 d\u00e9cennies. Une cabine qui restera belle, chaleureuse et efficace pendant des ann\u00e9es.<\/span><span data-ccp-props=\"{&quot;201341983&quot;:0,&quot;335559738&quot;:100,&quot;335559739&quot;:200,&quot;335559740&quot;:276}\">\u00a0<\/span><\/p>\n<p><span data-contrast=\"auto\">La cabine de vapeur et de bien-\u00eatre Hawaii Twin 550 est fabriqu\u00e9e en acrylique blanc, ce qui permet de ressentir rapidement et compl\u00e8tement la chaleur et la vapeur. L'acrylique est facile \u00e0 entretenir ; apr\u00e8s 20 ans, votre cabine aura toujours l'air neuve !<\/span><span data-ccp-props=\"{&quot;201341983&quot;:0,&quot;335559738&quot;:100,&quot;335559739&quot;:200,&quot;335559740&quot;:276}\">\u00a0<\/span><\/p>\n<p><span data-contrast=\"auto\">La cabine dispose de deux si\u00e8ges confortables et de dimensions r\u00e9duites :<\/span><span data-ccp-props=\"{&quot;201341983&quot;:0,&quot;335559738&quot;:100,&quot;335559739&quot;:200,&quot;335559740&quot;:276}\">\u00a0<\/span><\/p>\n<p><span data-contrast=\"auto\">Angle d'encastrement : 1270 x 1270 mm<\/span><span data-ccp-props=\"{&quot;201341983&quot;:0,&quot;335559738&quot;:100,&quot;335559739&quot;:200,&quot;335559740&quot;:276}\">\u00a0<\/span><\/p>\n<p><span data-contrast=\"auto\">Installation droite : 1510 x 1070 mm<\/span><span data-ccp-props=\"{&quot;201341983&quot;:0,&quot;335559738&quot;:100,&quot;335559739&quot;:200,&quot;335559740&quot;:276}\">\u00a0<\/span><\/p>\n<p><span data-contrast=\"auto\">Hauteur du filet : 2230 mm<\/span><span data-ccp-props=\"{&quot;201341983&quot;:0,&quot;335559738&quot;:100,&quot;335559739&quot;:200,&quot;335559740&quot;:276}\">\u00a0<\/span><\/p>\n<p><span data-contrast=\"auto\">Les dessins et les informations techniques de la cabine se trouvent au bas de cette description de produit.<\/span><span data-ccp-props=\"{&quot;201341983&quot;:0,&quot;335559738&quot;:100,&quot;335559739&quot;:200,&quot;335559740&quot;:276}\">\u00a0<\/span><\/p>\n<p>&nbsp;<\/p>","protected":false},"featured_media":3577,"template":"","format":"standard","meta":{"_acf_changed":false},"product_brand":[347],"product_cat":[71,82,74],"product_tag":[],"class_list":{"0":"post-3352","1":"product","2":"type-product","3":"status-publish","4":"format-standard","5":"has-post-thumbnail","7":"product_brand-cleopatra","8":"product_cat-shop","9":"product_cat-delta-line","10":"product_cat-douche-stoomcabines","12":"first","13":"onbackorder","14":"taxable","15":"shipping-taxable","16":"purchasable","17":"product-type-simple"},"acf":[],"_links":{"self":[{"href":"https:\/\/cleopatra.nl\/fr\/wp-json\/wp\/v2\/product\/3352","targetHints":{"allow":["GET"]}}],"collection":[{"href":"https:\/\/cleopatra.nl\/fr\/wp-json\/wp\/v2\/product"}],"about":[{"href":"https:\/\/cleopatra.nl\/fr\/wp-json\/wp\/v2\/types\/product"}],"wp:featuredmedia":[{"embeddable":true,"href":"https:\/\/cleopatra.nl\/fr\/wp-json\/wp\/v2\/media\/3577"}],"wp:attachment":[{"href":"https:\/\/cleopatra.nl\/fr\/wp-json\/wp\/v2\/media?parent=3352"}],"wp:term":[{"taxonomy":"product_brand","embeddable":true,"href":"https:\/\/cleopatra.nl\/fr\/wp-json\/wp\/v2\/product_brand?post=3352"},{"taxonomy":"product_cat","embeddable":true,"href":"https:\/\/cleopatra.nl\/fr\/wp-json\/wp\/v2\/product_cat?post=3352"},{"taxonomy":"product_tag","embeddable":true,"href":"https:\/\/cleopatra.nl\/fr\/wp-json\/wp\/v2\/product_tag?post=3352"}],"curies":[{"name":"wp","href":"https:\/\/api.w.org\/{rel}","templated":true}]}}