{"id":3359,"date":"2022-04-27T21:09:00","date_gmt":"2022-04-27T19:09:00","guid":{"rendered":"https:\/\/cleopatra.medialoods.com\/?post_type=product&#038;p=3359"},"modified":"2026-04-26T21:18:59","modified_gmt":"2026-04-26T19:18:59","slug":"verlichtingsset-rails-incl-drukknop","status":"publish","type":"product","link":"https:\/\/cleopatra.nl\/fr\/shop\/verlichtingsset-rails\/","title":{"rendered":"Kit d'\u00e9clairage Rails | avec bouton poussoir"},"content":{"rendered":"<p>Ce kit d'\u00e9clairage LED rails est adapt\u00e9 \u00e0 une utilisation dans le hammam.<\/p>\n<p>&nbsp;<\/p>\n<p><strong>CARACT\u00c9RISTIQUES<\/strong><\/p>\n<ul>\n<li>On\/Off<\/li>\n<li>Rotation automatique des couleurs<\/li>\n<\/ul>\n<p>&nbsp;<\/p>\n<p><strong>\u00c9TENDUE DE LA LIVRAISON<\/strong><\/p>\n<ul>\n<li>Bande LED RGB (5 m\u00e8tres)<\/li>\n<li>Bo\u00eete \u00e9lectronique<\/li>\n<li>Rails en aluminium avec couvercle opale<\/li>\n<\/ul>","protected":false},"excerpt":{"rendered":"<p>Ce kit d'\u00e9clairage LED rails est adapt\u00e9 \u00e0 une utilisation dans le hammam.<\/p>","protected":false},"featured_media":3360,"template":"","format":"standard","meta":{"_acf_changed":false},"product_brand":[347],"product_cat":[71,78,90],"product_tag":[],"class_list":{"0":"post-3359","1":"product","2":"type-product","3":"status-publish","4":"format-standard","5":"has-post-thumbnail","7":"product_brand-cleopatra","8":"product_cat-shop","9":"product_cat-modulair-stoom","10":"product_cat-opties-specificaties","12":"first","13":"instock","14":"taxable","15":"shipping-taxable","16":"purchasable","17":"product-type-simple"},"acf":[],"_links":{"self":[{"href":"https:\/\/cleopatra.nl\/fr\/wp-json\/wp\/v2\/product\/3359","targetHints":{"allow":["GET"]}}],"collection":[{"href":"https:\/\/cleopatra.nl\/fr\/wp-json\/wp\/v2\/product"}],"about":[{"href":"https:\/\/cleopatra.nl\/fr\/wp-json\/wp\/v2\/types\/product"}],"wp:featuredmedia":[{"embeddable":true,"href":"https:\/\/cleopatra.nl\/fr\/wp-json\/wp\/v2\/media\/3360"}],"wp:attachment":[{"href":"https:\/\/cleopatra.nl\/fr\/wp-json\/wp\/v2\/media?parent=3359"}],"wp:term":[{"taxonomy":"product_brand","embeddable":true,"href":"https:\/\/cleopatra.nl\/fr\/wp-json\/wp\/v2\/product_brand?post=3359"},{"taxonomy":"product_cat","embeddable":true,"href":"https:\/\/cleopatra.nl\/fr\/wp-json\/wp\/v2\/product_cat?post=3359"},{"taxonomy":"product_tag","embeddable":true,"href":"https:\/\/cleopatra.nl\/fr\/wp-json\/wp\/v2\/product_tag?post=3359"}],"curies":[{"name":"wp","href":"https:\/\/api.w.org\/{rel}","templated":true}]}}