{"id":3362,"date":"2022-04-27T21:12:18","date_gmt":"2022-04-27T19:12:18","guid":{"rendered":"https:\/\/cleopatra.medialoods.com\/?post_type=product&#038;p=3362"},"modified":"2026-04-26T23:19:41","modified_gmt":"2026-04-26T21:19:41","slug":"verlichtingsset-spots-basic-incl-drukknop","status":"publish","type":"product","link":"https:\/\/cleopatra.nl\/fr\/shop\/verlichtingsset-spots\/","title":{"rendered":"Kit d'\u00e9clairage spots Basic | avec bouton poussoir"},"content":{"rendered":"<p>Cet ensemble d'\u00e9clairage peut \u00eatre command\u00e9 \u00e0 l'aide d'un bouton-poussoir s\u00e9par\u00e9 et peut \u00eatre install\u00e9 dans le bain de vapeur. Fonctions marche\/arr\u00eat et rotation des couleurs.<\/p>\n<ul>\n<li>2 x LED RGB\/spots blancs avec bouton-poussoir.<\/li>\n<li>4 x LED RGB\/spots blancs, bouton-poussoir inclus<\/li>\n<li>6 x spots LED RVB\/blancs avec bouton-poussoir<\/li>\n<\/ul>\n<p>&nbsp;<\/p>\n<p><strong>\u00c9TENDUE DE LA LIVRAISON<\/strong><\/p>\n<ul>\n<li>Spots LED<\/li>\n<li>Bo\u00eete \u00e9lectronique<\/li>\n<li>Bouton poussoir<\/li>\n<\/ul>\n<p>&nbsp;<\/p>\n<p><strong>MANUEL<\/strong><\/p>","protected":false},"excerpt":{"rendered":"<p>Cet ensemble d'\u00e9clairage peut \u00eatre command\u00e9 \u00e0 l'aide d'un bouton-poussoir s\u00e9par\u00e9 et peut \u00eatre install\u00e9 dans le bain de vapeur. Fonctions marche\/arr\u00eat et rotation des couleurs.<\/p>","protected":false},"featured_media":3363,"template":"","format":"standard","meta":{"_acf_changed":false},"product_brand":[347],"product_cat":[71,78,90],"product_tag":[],"class_list":{"0":"post-3362","1":"product","2":"type-product","3":"status-publish","4":"format-standard","5":"has-post-thumbnail","7":"product_brand-cleopatra","8":"product_cat-shop","9":"product_cat-modulair-stoom","10":"product_cat-opties-specificaties","12":"first","13":"instock","14":"taxable","15":"shipping-taxable","16":"purchasable","17":"product-type-simple"},"acf":[],"_links":{"self":[{"href":"https:\/\/cleopatra.nl\/fr\/wp-json\/wp\/v2\/product\/3362","targetHints":{"allow":["GET"]}}],"collection":[{"href":"https:\/\/cleopatra.nl\/fr\/wp-json\/wp\/v2\/product"}],"about":[{"href":"https:\/\/cleopatra.nl\/fr\/wp-json\/wp\/v2\/types\/product"}],"wp:featuredmedia":[{"embeddable":true,"href":"https:\/\/cleopatra.nl\/fr\/wp-json\/wp\/v2\/media\/3363"}],"wp:attachment":[{"href":"https:\/\/cleopatra.nl\/fr\/wp-json\/wp\/v2\/media?parent=3362"}],"wp:term":[{"taxonomy":"product_brand","embeddable":true,"href":"https:\/\/cleopatra.nl\/fr\/wp-json\/wp\/v2\/product_brand?post=3362"},{"taxonomy":"product_cat","embeddable":true,"href":"https:\/\/cleopatra.nl\/fr\/wp-json\/wp\/v2\/product_cat?post=3362"},{"taxonomy":"product_tag","embeddable":true,"href":"https:\/\/cleopatra.nl\/fr\/wp-json\/wp\/v2\/product_tag?post=3362"}],"curies":[{"name":"wp","href":"https:\/\/api.w.org\/{rel}","templated":true}]}}