{"id":3365,"date":"2022-04-27T21:22:09","date_gmt":"2022-04-27T19:22:09","guid":{"rendered":"https:\/\/cleopatra.medialoods.com\/?post_type=product&#038;p=3365"},"modified":"2025-01-02T11:29:53","modified_gmt":"2025-01-02T10:29:53","slug":"u-shape-glass-cabine-2","status":"publish","type":"product","link":"https:\/\/cleopatra.nl\/fr\/shop\/modulair-stoom\/glass-shapes-cabines\/u-shape-glass-cabine\/","title":{"rendered":"Cabine en verre en forme de U"},"content":{"rendered":"<p><span data-contrast=\"auto\">Les lunettes Cleopatra en forme de U<\/span><b><span data-contrast=\"auto\">hammam<\/span><\/b><span data-contrast=\"auto\">et<\/span><b><span data-contrast=\"auto\">cabine de bien-\u00eatre<\/span><\/b><span data-contrast=\"auto\">est une salle de douche, de vapeur et de bien-\u00eatre moderne avec beaucoup de verre et un design minimaliste. La forme en U est plac\u00e9e dans une disposition murale.<\/span><span data-ccp-props=\"{&quot;201341983&quot;:0,&quot;335559738&quot;:100,&quot;335559739&quot;:200,&quot;335559740&quot;:276}\"> Prendre <a href=\"https:\/\/cleopatra.nl\/fr\/contact\/\" target=\"_blank\" rel=\"noopener\">contacter<\/a> Contactez-nous pour plus d'informations.<\/span><\/p>\n<h4><strong><br \/>\nOPTIONS<\/strong><\/h4>\n<p>Couleur des pi\u00e8ces disponible en chrome, aspect acier inoxydable ou noir mat (la couleur standard est\u00a0<strong>Chrome<\/strong>)<\/p>\n<p>La couleur du toit est disponible en blanc ou en couleur RAL (la couleur standard est le blanc).\u00a0<strong>Blanc<\/strong>)<\/p>\n<p>La couleur du verre est disponible en transparent, bronze ou gris (la couleur standard est le noir).\u00a0<strong>Clair<\/strong>)<\/p>\n<p><strong>(D'autres couleurs que le standard peuvent \u00eatre command\u00e9es sur demande).<\/strong><\/p>\n<p>(prix\u00a0<strong>excl.<\/strong>\u00a0placement et conseils sur place).<\/p>\n<h4><strong><br \/>\nCARACT\u00c9RISTIQUES<\/strong><\/h4>\n<p>- Variante murale (en forme de U).<br \/>\n- Panneaux en verre avec profil\u00e9s muraux \u00e9troits, chrom\u00e9s en standard.<br \/>\n- Poign\u00e9e de luxe, charni\u00e8res et clips de sol chrom\u00e9s en standard.<br \/>\n- Des pi\u00e8ces de couleur sont disponibles moyennant un suppl\u00e9ment de prix en aspect acier inoxydable ou en noir mat.<br \/>\n- Conception de la cabine : toit et vitres coupl\u00e9s.<br \/>\n- Couleurs du verre au choix : clair, bronze ou gris.<br \/>\n- Toit plat du bain de vapeur en mat\u00e9riau isolant. Blanc standard (RAL 9016) - Autres couleurs RAL possibles.<\/p>\n<p>&nbsp;<\/p>\n<p><span data-contrast=\"auto\">Vous choisissez le<strong>\u202f<a href=\"https:\/\/cleopatra.nl\/fr\/shop\/?_product_categorieen=stoomtechniek-stoomtechniel-prive-shop\" target=\"_blank\" rel=\"noopener\">g\u00e9n\u00e9rateur de vapeur <\/a><\/strong><\/span><span data-contrast=\"auto\"><strong>\u202f<\/strong>(avec les fonctions de bien-\u00eatre associ\u00e9es), les bancs, la douche, l'\u00e9clairage et toutes les autres options pour que vous puissiez concevoir une cabine qui r\u00e9ponde parfaitement \u00e0 vos besoins.<\/span><span data-ccp-props=\"{&quot;201341983&quot;:0,&quot;335559738&quot;:100,&quot;335559739&quot;:200,&quot;335559740&quot;:276}\">\u00a0<\/span><\/p>\n<p><span data-contrast=\"auto\">Vous voulez voir la cabine en verre Cleopatra en forme de U ? Vous pouvez le faire dans notre<\/span><a href=\"https:\/\/cleopatra.nl\/fr\/contact\/\" target=\"_blank\" rel=\"noopener\"><span data-contrast=\"none\">salle d'exposition<\/span><\/a><span data-contrast=\"auto\">\u00e0 Zaandam.<\/span><\/p>\n<h4><strong><\/p>\n<p>DIMENSIONS ET VERSIONS DES CABINES DE VAPEUR ET DE BIEN-\u00caTRE<\/strong><\/h4>\n<p><span data-contrast=\"auto\">La cabine en verre est disponible dans les dimensions souhait\u00e9es jusqu'\u00e0 un maximum de 1800 x 1200 mm. La hauteur ext\u00e9rieure standard de la cabine est de 2250 mm ; d'autres dimensions sont possibles sur demande.<\/span><span data-ccp-props=\"{&quot;201341983&quot;:0,&quot;335559738&quot;:100,&quot;335559739&quot;:200,&quot;335559740&quot;:276}\"> Il existe deux versions de cabines en U : la premi\u00e8re est ouverte en haut (le toit est directement reli\u00e9 \u00e0 la vitre), tandis que la seconde ne relie pas le toit et la vitre. Dans cette derni\u00e8re version, une imposte doit \u00eatre plac\u00e9e au-dessus de la vitre (voir l'illustration du produit).<\/span><\/p>\n<h4><strong><\/p>\n<p>G\u00c9N\u00c9RATEUR DE VAPEUR ET DE BIEN-\u00caTRE\u00a0<\/strong><\/h4>\n<p><span data-contrast=\"auto\">Cleopatra fabrique ses propres g\u00e9n\u00e9rateurs dans son usine aux Pays-Bas. Pour l'utilisateur priv\u00e9, nous proposons trois mod\u00e8les de g\u00e9n\u00e9rateurs externes : <a href=\"https:\/\/cleopatra.nl\/fr\/shop\/?_product_categorieen=stoomtechniek-stoomtechniel-prive-shop\" target=\"_blank\" rel=\"noopener\">cliquez ici<\/a>\u00a0<\/span><\/p>\n<p><span data-contrast=\"auto\">Outre un g\u00e9n\u00e9rateur externe, Cleopatra dispose \u00e9galement d'un g\u00e9n\u00e9rateur de vapeur interne, le Backwall. Ce dernier est <\/span>un syst\u00e8me esth\u00e9tique permettant de placer le g\u00e9n\u00e9rateur dans ou contre la paroi de la cabine. Un g\u00e9n\u00e9rateur situ\u00e9 \u00e0 l'ext\u00e9rieur de la cabine permet de gagner de la place \u00e0 l'int\u00e9rieur de la cabine, mais n\u00e9cessite un petit local technique \u00e0 proximit\u00e9 de la cabine. <a href=\"https:\/\/cleopatra.nl\/fr\/shop\/?_product_categorieen=stoomtechniek-stoomtechniek-prive\" target=\"_blank\" rel=\"noopener\">Cliquez ici<\/a> pour plus d'informations sur Backwall.<\/p>\n<h4><strong><\/p>\n<p>INSTALLATION D'UNE CABINE DE VAPEUR ET DE BIEN-\u00caTRE\u00a0<\/strong><\/h4>\n<p><span data-contrast=\"auto\">Pour une installation sans souci, Cleopatra peut mesurer la cabine et faire l'inventaire de votre espace. Nous pouvons \u00e9galement installer votre cabine en verre moyennant un prix suppl\u00e9mentaire.<\/span><span data-ccp-props=\"{&quot;201341983&quot;:0,&quot;335559738&quot;:100,&quot;335559739&quot;:200,&quot;335559740&quot;:276}\">\u00a0<\/span><\/p>\n<p><span data-contrast=\"auto\">Ces services ne sont disponibles que dans le Benelux.<\/span><span data-ccp-props=\"{&quot;201341983&quot;:0,&quot;335559738&quot;:100,&quot;335559739&quot;:200,&quot;335559740&quot;:276}\">\u00a0<\/span><\/p>\n<p><span data-contrast=\"auto\">Vous voulez en savoir plus ?Alors, jetez un coup d'\u0153il \u00e0<a href=\"https:\/\/cleopatra.nl\/fr\/contact\/\" target=\"_blank\" rel=\"noopener\"><em>\u202f<\/em><\/a><\/span><a href=\"https:\/\/cleopatra.nl\/fr\/contact\/\" target=\"_blank\" rel=\"noopener\"><strong><em>contacter<\/em><\/strong><\/a><span data-contrast=\"auto\"><strong>\u202f<\/strong>avec nous.<\/span><span data-ccp-props=\"{&quot;201341983&quot;:0,&quot;335559738&quot;:100,&quot;335559739&quot;:200,&quot;335559740&quot;:276}\">\u00a0<\/span><\/p>\n<h4><strong><\/p>\n<p>BANCS ET SI\u00c8GES<\/strong><span data-ccp-props=\"{&quot;201341983&quot;:0,&quot;335559738&quot;:100,&quot;335559739&quot;:200,&quot;335559740&quot;:276}\">\u00a0<\/span><\/h4>\n<p><span data-contrast=\"auto\">Avec une cabine en verre, vous pouvez choisir entre des bancs souples, des bancs \u00e0 carreler ou des bancs en acrylique.\u00a0<\/span><\/p>\n<h4><strong><br \/>\n<\/strong><strong>AUTRES OPTIONS DE CABINE<\/strong><\/h4>\n<p>Soupape d'a\u00e9ration.Un composant indispensable pour obtenir une bonne qualit\u00e9 de vapeur.<\/p>\n<p>Eclairage du toit de votre hammam : choix de la lumi\u00e8re blanche ou de la lumi\u00e8re color\u00e9e.<\/p>\n<p>Pomme de douche : une douche merveilleuse ! Votre douche de t\u00eate de marque Hansgrohe est install\u00e9e directement dans le toit de votre douche \u00e0 vapeur.<\/p>\n<p>Enceintes de bain de vapeur : mont\u00e9es dans le toit du bain de vapeur ; faites entrer votre musique dans le bain de vapeur !<\/p>\n<p>Il existe de nombreuses possibilit\u00e9s de personnaliser votre cabine. C'est pourquoi nous sommes heureux de vous conseiller dans notre salle d'exposition \u00e0 Zaandam. Vous pouvez \u00e9galement nous appeler : +31 (0)75 647 8200 ou nous envoyer un e-mail :<strong><em>\u202f<a href=\"mailto:sa***@*******ra.nl\" data-original-string=\"j9TwDJh56KDuzwk9Riww4Q==9f1wA8R6PUvYOzoO0Gg\/aEwrWJm\/ooCce9T2y1mm9v4WzM=\" title=\"Ce contact a \u00e9t\u00e9 encod\u00e9 par Anti-Spam by CleanTalk. Cliquez pour d\u00e9coder. Pour terminer le d\u00e9codage, assurez-vous que JavaScript est activ\u00e9 dans votre navigateur.\"><span \n                data-original-string='8LYi1CJfRIvPo4yT0H+5Yw==9f1xFEWm9xgJxpoa6sg546ZQQwYSzjjzvPF1MEP1Gv9cRs='\n                class='apbct-email-encoder'\n                title='Ce contact a \u00e9t\u00e9 encod\u00e9 par Anti-Spam by CleanTalk. Cliquez pour d\u00e9coder. Pour terminer le d\u00e9codage, assurez-vous que JavaScript est activ\u00e9 dans votre navigateur.'>sa<span class=\"apbct-blur\">***<\/span>@<span class=\"apbct-blur\">*******<\/span>ra.co.uk<\/span><\/a>\u00a0<\/em><\/strong><\/p>","protected":false},"excerpt":{"rendered":"<p>Les lunettes Cleopatra en forme de U<strong>hammam<\/strong>et<strong>cabine de bien-\u00eatre<\/strong>est une salle de douche, de vapeur et de bien-\u00eatre moderne avec beaucoup de verre et un design minimaliste. La forme en U est plac\u00e9e dans une disposition murale. Prendre <a href=\"https:\/\/cleopatra.nl\/fr\/contact\/\" target=\"_blank\" rel=\"noopener\">contacter<\/a> Contactez-nous pour plus d'informations.<\/p>","protected":false},"featured_media":3367,"template":"","format":"standard","meta":{"_acf_changed":false},"product_brand":[],"product_cat":[89,78,71],"product_tag":[],"class_list":{"0":"post-3365","1":"product","2":"type-product","3":"status-publish","4":"format-standard","5":"has-post-thumbnail","7":"product_cat-glass-shapes-cabines","8":"product_cat-modulair-stoom","9":"product_cat-shop","11":"first","12":"onbackorder","13":"taxable","14":"shipping-taxable","15":"purchasable","16":"product-type-simple"},"acf":[],"_links":{"self":[{"href":"https:\/\/cleopatra.nl\/fr\/wp-json\/wp\/v2\/product\/3365","targetHints":{"allow":["GET"]}}],"collection":[{"href":"https:\/\/cleopatra.nl\/fr\/wp-json\/wp\/v2\/product"}],"about":[{"href":"https:\/\/cleopatra.nl\/fr\/wp-json\/wp\/v2\/types\/product"}],"wp:featuredmedia":[{"embeddable":true,"href":"https:\/\/cleopatra.nl\/fr\/wp-json\/wp\/v2\/media\/3367"}],"wp:attachment":[{"href":"https:\/\/cleopatra.nl\/fr\/wp-json\/wp\/v2\/media?parent=3365"}],"wp:term":[{"taxonomy":"product_brand","embeddable":true,"href":"https:\/\/cleopatra.nl\/fr\/wp-json\/wp\/v2\/product_brand?post=3365"},{"taxonomy":"product_cat","embeddable":true,"href":"https:\/\/cleopatra.nl\/fr\/wp-json\/wp\/v2\/product_cat?post=3365"},{"taxonomy":"product_tag","embeddable":true,"href":"https:\/\/cleopatra.nl\/fr\/wp-json\/wp\/v2\/product_tag?post=3365"}],"curies":[{"name":"wp","href":"https:\/\/api.w.org\/{rel}","templated":true}]}}