{"id":3373,"date":"2022-04-27T21:25:17","date_gmt":"2022-04-27T19:25:17","guid":{"rendered":"https:\/\/cleopatra.medialoods.com\/?post_type=product&#038;p=3373"},"modified":"2026-04-27T14:35:43","modified_gmt":"2026-04-27T12:35:43","slug":"stoombad-venster-m1","status":"publish","type":"product","link":"https:\/\/cleopatra.nl\/fr\/shop\/modulair-stoom\/stoom-deuren-vensters\/stoomvenster-m1\/","title":{"rendered":"Fen\u00eatre du bain de vapeur M1"},"content":{"rendered":"<p><span data-contrast=\"auto\">La Cl\u00e9op\u00e2tre<\/span><b><span data-contrast=\"auto\">Fen\u00eatre du bain de vapeur<\/span><\/b><span data-contrast=\"auto\">M1 est sp\u00e9cialement con\u00e7u pour \u00eatre utilis\u00e9 dans les hammams priv\u00e9s ou professionnels. L'ajout d'une fen\u00eatre dans le hammam augmente la transparence et cr\u00e9e un effet spatial.<\/span><span data-ccp-props=\"{&quot;201341983&quot;:0,&quot;335559738&quot;:100,&quot;335559739&quot;:200,&quot;335559740&quot;:276}\">\u00a0<\/span><\/p>\n<p><span data-contrast=\"auto\">La fen\u00eatre du hammam M1 est \u00e9quip\u00e9e d'un verre de s\u00e9curit\u00e9 de 8 mm.<\/span><span data-ccp-props=\"{&quot;201341983&quot;:0,&quot;335559738&quot;:100,&quot;335559739&quot;:200,&quot;335559740&quot;:276}\">\u00a0<\/span><\/p>\n<p><span data-contrast=\"auto\">Les fen\u00eatres peuvent \u00eatre mont\u00e9es aussi bien horizontalement que verticalement et sont disponibles dans les 4 tailles suivantes :<\/span><span data-ccp-props=\"{&quot;201341983&quot;:0,&quot;335559738&quot;:100,&quot;335559739&quot;:200,&quot;335559740&quot;:276}\">\u00a0<\/span><\/p>\n<p><span data-contrast=\"auto\">500 x 1000 mm<\/span><span data-ccp-props=\"{&quot;201341983&quot;:0,&quot;335559738&quot;:100,&quot;335559739&quot;:200,&quot;335559740&quot;:276}\">\u00a0<\/span><\/p>\n<p><span data-contrast=\"auto\">500 x 1350 mm<\/span><span data-ccp-props=\"{&quot;201341983&quot;:0,&quot;335559738&quot;:100,&quot;335559739&quot;:200,&quot;335559740&quot;:276}\">\u00a0<\/span><\/p>\n<p><span data-contrast=\"auto\">500 x 1500 mm<\/span><span data-ccp-props=\"{&quot;201341983&quot;:0,&quot;335559738&quot;:100,&quot;335559739&quot;:200,&quot;335559740&quot;:276}\">\u00a0<\/span><\/p>\n<p><span data-contrast=\"auto\">500 x 2050 mm<\/span><span data-ccp-props=\"{&quot;201341983&quot;:0,&quot;335559738&quot;:100,&quot;335559739&quot;:200,&quot;335559740&quot;:276}\">\u00a0<\/span><\/p>\n<p><span data-contrast=\"auto\">Il existe \u00e9galement un certain nombre d'options pour la couleur du verre :<\/span><span data-ccp-props=\"{&quot;201341983&quot;:0,&quot;335559738&quot;:100,&quot;335559739&quot;:200,&quot;335559740&quot;:276}\">\u00a0<\/span><\/p>\n<ul>\n<li><span data-contrast=\"auto\">Transparent<\/span><span data-ccp-props=\"{&quot;201341983&quot;:0,&quot;335559738&quot;:100,&quot;335559739&quot;:200,&quot;335559740&quot;:276}\">\u00a0<\/span><\/li>\n<li><span data-contrast=\"auto\">Bronze<\/span><span data-ccp-props=\"{&quot;201341983&quot;:0,&quot;335559738&quot;:100,&quot;335559739&quot;:200,&quot;335559740&quot;:276}\">\u00a0<\/span><\/li>\n<li><span data-contrast=\"auto\">Gris<\/span><span data-ccp-props=\"{&quot;201341983&quot;:0,&quot;335559738&quot;:100,&quot;335559739&quot;:200,&quot;335559740&quot;:276}\">\u00a0<\/span><\/li>\n<\/ul>\n<p><strong>(D'autres couleurs que le standard peuvent \u00eatre command\u00e9es sur demande).<\/strong><\/p>\n<p>(prix\u00a0<strong>excl.<\/strong>\u00a0placement et conseils sur place).<\/p>\n<p><span data-contrast=\"auto\">Avez-vous des questions ? Alors n'h\u00e9sitez pas \u00e0<\/span><a href=\"https:\/\/cleopatra.nl\/fr\/contact\/\" target=\"_blank\" rel=\"noopener\"><span data-contrast=\"none\">contacter<\/span><\/a><span data-contrast=\"auto\">avec nous !<\/span><span data-ccp-props=\"{&quot;201341983&quot;:0,&quot;335559738&quot;:100,&quot;335559739&quot;:200,&quot;335559740&quot;:276}\">\u00a0<\/span><\/p>\n<p><span data-contrast=\"auto\">Voulez-vous voir ce produit ? Vous \u00eates les bienvenus dans notre<\/span><a href=\"https:\/\/cleopatra.nl\/fr\/contact\/\" target=\"_blank\" rel=\"noopener\"><span data-contrast=\"none\">salle d'exposition<\/span><\/a><span data-contrast=\"auto\">\u00e0 Zaandam !<\/span><\/p>\n<p>&nbsp;<\/p>\n<p><strong>MANUEL<\/strong><\/p>\n<p>T\u00e9l\u00e9charger ici <a href=\"https:\/\/cleopatra.nl\/wp-content\/uploads\/90118601-M1-venster-nl-en-de.pdf\">le manuel<\/a><\/p>","protected":false},"excerpt":{"rendered":"<p><span data-contrast=\"auto\">La Cl\u00e9op\u00e2tre<\/span><b><span data-contrast=\"auto\">Fen\u00eatre du bain de vapeur<\/span><\/b><span data-contrast=\"auto\">M1 est sp\u00e9cialement con\u00e7u pour \u00eatre utilis\u00e9 dans les hammams priv\u00e9s ou professionnels. L'ajout d'une fen\u00eatre dans le hammam augmente la transparence et cr\u00e9e un effet spatial.<\/span><span data-ccp-props=\"{&quot;201341983&quot;:0,&quot;335559738&quot;:100,&quot;335559739&quot;:200,&quot;335559740&quot;:276}\">\u00a0<\/span><\/p>","protected":false},"featured_media":3375,"template":"","format":"standard","meta":{"_acf_changed":false},"product_brand":[347],"product_cat":[92,78,71],"product_tag":[],"class_list":{"0":"post-3373","1":"product","2":"type-product","3":"status-publish","4":"format-standard","5":"has-post-thumbnail","7":"product_brand-cleopatra","8":"product_cat-stoom-deuren-vensters","9":"product_cat-modulair-stoom","10":"product_cat-shop","12":"first","13":"instock","14":"taxable","15":"shipping-taxable","16":"purchasable","17":"product-type-simple"},"acf":[],"_links":{"self":[{"href":"https:\/\/cleopatra.nl\/fr\/wp-json\/wp\/v2\/product\/3373","targetHints":{"allow":["GET"]}}],"collection":[{"href":"https:\/\/cleopatra.nl\/fr\/wp-json\/wp\/v2\/product"}],"about":[{"href":"https:\/\/cleopatra.nl\/fr\/wp-json\/wp\/v2\/types\/product"}],"wp:featuredmedia":[{"embeddable":true,"href":"https:\/\/cleopatra.nl\/fr\/wp-json\/wp\/v2\/media\/3375"}],"wp:attachment":[{"href":"https:\/\/cleopatra.nl\/fr\/wp-json\/wp\/v2\/media?parent=3373"}],"wp:term":[{"taxonomy":"product_brand","embeddable":true,"href":"https:\/\/cleopatra.nl\/fr\/wp-json\/wp\/v2\/product_brand?post=3373"},{"taxonomy":"product_cat","embeddable":true,"href":"https:\/\/cleopatra.nl\/fr\/wp-json\/wp\/v2\/product_cat?post=3373"},{"taxonomy":"product_tag","embeddable":true,"href":"https:\/\/cleopatra.nl\/fr\/wp-json\/wp\/v2\/product_tag?post=3373"}],"curies":[{"name":"wp","href":"https:\/\/api.w.org\/{rel}","templated":true}]}}