{"id":3607,"date":"2022-05-01T14:34:51","date_gmt":"2022-05-01T12:34:51","guid":{"rendered":"https:\/\/cleopatra.medialoods.com\/?post_type=product&#038;p=3607"},"modified":"2026-04-26T21:18:56","modified_gmt":"2026-04-26T19:18:56","slug":"sauna-emmer-grijs","status":"publish","type":"product","link":"https:\/\/cleopatra.nl\/fr\/shop\/sauna-accessoires\/emmers-lepels\/sauna-emmer-grijs\/","title":{"rendered":"Seau \u00e0 sauna gris"},"content":{"rendered":"<p><strong>Seau \u00e0 sauna noir<\/strong><\/p>\n<ul>\n<li>Seau \u00e0 sauna en aluminium<\/li>\n<li>Capacit\u00e9 de 6,5 litres<\/li>\n<\/ul>","protected":false},"excerpt":{"rendered":"<p>Seau \u00e0 sauna noir Seau \u00e0 sauna en aluminium Capacit\u00e9 6,5 litres<\/p>","protected":false},"featured_media":3608,"template":"","format":"standard","meta":{"_acf_changed":false},"product_brand":[347],"product_cat":[94,71,79],"product_tag":[212],"class_list":{"0":"post-3607","1":"product","2":"type-product","3":"status-publish","4":"format-standard","5":"has-post-thumbnail","7":"product_brand-cleopatra","8":"product_cat-emmers-lepels","9":"product_cat-shop","10":"product_cat-sauna-accessoires","11":"product_tag-sauna-emmer","13":"first","14":"instock","15":"taxable","16":"shipping-taxable","17":"purchasable","18":"product-type-simple"},"acf":[],"_links":{"self":[{"href":"https:\/\/cleopatra.nl\/fr\/wp-json\/wp\/v2\/product\/3607","targetHints":{"allow":["GET"]}}],"collection":[{"href":"https:\/\/cleopatra.nl\/fr\/wp-json\/wp\/v2\/product"}],"about":[{"href":"https:\/\/cleopatra.nl\/fr\/wp-json\/wp\/v2\/types\/product"}],"wp:featuredmedia":[{"embeddable":true,"href":"https:\/\/cleopatra.nl\/fr\/wp-json\/wp\/v2\/media\/3608"}],"wp:attachment":[{"href":"https:\/\/cleopatra.nl\/fr\/wp-json\/wp\/v2\/media?parent=3607"}],"wp:term":[{"taxonomy":"product_brand","embeddable":true,"href":"https:\/\/cleopatra.nl\/fr\/wp-json\/wp\/v2\/product_brand?post=3607"},{"taxonomy":"product_cat","embeddable":true,"href":"https:\/\/cleopatra.nl\/fr\/wp-json\/wp\/v2\/product_cat?post=3607"},{"taxonomy":"product_tag","embeddable":true,"href":"https:\/\/cleopatra.nl\/fr\/wp-json\/wp\/v2\/product_tag?post=3607"}],"curies":[{"name":"wp","href":"https:\/\/api.w.org\/{rel}","templated":true}]}}