{"id":3609,"date":"2022-05-01T14:36:11","date_gmt":"2022-05-01T12:36:11","guid":{"rendered":"https:\/\/cleopatra.medialoods.com\/?post_type=product&#038;p=3609"},"modified":"2026-04-26T21:18:56","modified_gmt":"2026-04-26T19:18:56","slug":"sauna-lepel-zwart","status":"publish","type":"product","link":"https:\/\/cleopatra.nl\/fr\/shop\/sauna-accessoires\/emmers-lepels\/sauna-lepel-zwart\/","title":{"rendered":"Cuill\u00e8re \u00e0 sauna noire"},"content":{"rendered":"<p>Cuill\u00e8re \u00e0 sauna noire<\/p>\n<ul>\n<li>Cuill\u00e8re en aluminium avec manche en bois<\/li>\n<li>Longueur 46 cm<\/li>\n<\/ul>","protected":false},"excerpt":{"rendered":"<p>Cuill\u00e8re \u00e0 sauna noire Cuill\u00e8re en aluminium avec manche en bois Longueur 46 cm<\/p>","protected":false},"featured_media":3716,"template":"","format":"standard","meta":{"_acf_changed":false},"product_brand":[347],"product_cat":[94,71,79],"product_tag":[213],"class_list":{"0":"post-3609","1":"product","2":"type-product","3":"status-publish","4":"format-standard","5":"has-post-thumbnail","7":"product_brand-cleopatra","8":"product_cat-emmers-lepels","9":"product_cat-shop","10":"product_cat-sauna-accessoires","11":"product_tag-sauna-lepel","13":"first","14":"instock","15":"taxable","16":"shipping-taxable","17":"purchasable","18":"product-type-simple"},"acf":[],"_links":{"self":[{"href":"https:\/\/cleopatra.nl\/fr\/wp-json\/wp\/v2\/product\/3609","targetHints":{"allow":["GET"]}}],"collection":[{"href":"https:\/\/cleopatra.nl\/fr\/wp-json\/wp\/v2\/product"}],"about":[{"href":"https:\/\/cleopatra.nl\/fr\/wp-json\/wp\/v2\/types\/product"}],"wp:featuredmedia":[{"embeddable":true,"href":"https:\/\/cleopatra.nl\/fr\/wp-json\/wp\/v2\/media\/3716"}],"wp:attachment":[{"href":"https:\/\/cleopatra.nl\/fr\/wp-json\/wp\/v2\/media?parent=3609"}],"wp:term":[{"taxonomy":"product_brand","embeddable":true,"href":"https:\/\/cleopatra.nl\/fr\/wp-json\/wp\/v2\/product_brand?post=3609"},{"taxonomy":"product_cat","embeddable":true,"href":"https:\/\/cleopatra.nl\/fr\/wp-json\/wp\/v2\/product_cat?post=3609"},{"taxonomy":"product_tag","embeddable":true,"href":"https:\/\/cleopatra.nl\/fr\/wp-json\/wp\/v2\/product_tag?post=3609"}],"curies":[{"name":"wp","href":"https:\/\/api.w.org\/{rel}","templated":true}]}}