{"id":3966,"date":"2022-05-18T15:39:05","date_gmt":"2022-05-18T13:39:05","guid":{"rendered":"https:\/\/cleopatra.nl\/?post_type=product&#038;p=3966"},"modified":"2026-04-26T21:18:54","modified_gmt":"2026-04-26T19:18:54","slug":"infrarood-cabine-140-140x140cm","status":"publish","type":"product","link":"https:\/\/cleopatra.nl\/fr\/shop\/cleo-ir-cabine-model-200-kopie\/","title":{"rendered":"Cabine infrarouge 140 | 140x140cm"},"content":{"rendered":"<p>Belle cabine infrarouge conviviale pour 2 personnes. Gr\u00e2ce \u00e0 ses dimensions compactes, cette cabine infrarouge peut \u00eatre plac\u00e9e dans presque toutes les pi\u00e8ces : chambre \u00e0 coucher, salle de sport, etc. Visitez le site <a href=\"https:\/\/cleopatra.nl\/fr\/contact\/\" target=\"_blank\" rel=\"noopener\">contacter<\/a> Contactez-nous pour plus d'informations.<\/p>\n<p><strong><br \/>\nCOULEUR DU BOIS<\/strong><br \/>\nVersion Aspen - 84001300<br \/>\nVersion Aspen HT - 84001350<br \/>\nVersion Aspen HT fonc\u00e9 - 84001360<\/p>\n<p><strong><br \/>\nVERSION STANDARD<\/strong><br \/>\n- Radiateurs infrarouges (gradables) : 4 pi\u00e8ces (dos et mollets) - 4 x 500W<br \/>\n- Panneau tactile<br \/>\n- \u00c9clairage couleur RVB (avec changement de couleur automatique)<br \/>\n- Cadre de porte et bordure en aluminium anthracite<\/p>\n<p><strong><br \/>\nOPTIONNEL<\/strong><br \/>\n- Coussin de si\u00e8ge<br \/>\n- Module musical Bluetooth avec haut-parleur<br \/>\n- Radiateurs suppl\u00e9mentaires (2 pcs) - 2 x 500W<\/p>\n<p><strong><br \/>\nDIMENSIONS<\/strong><br \/>\n1400 x 1400 mm<\/p>\n<p><strong><br \/>\nPLUS D'INFORMATIONS\u00a0<\/strong><\/p>\n<p><a href=\"https:\/\/cleopatra.nl\/fr\/infrarood-cabines\/over-infraroodsaunas\/?_gl=1*npjp3w*_up*MQ..*_ga*NTQ5OTIxNjc0LjE3MTI1MDUzMDU.*_ga_GNYGLDV3HQ*MTcxMjUwOTY0NS4yLjAuMTcxMjUwOTY0NS4wLjAuMA..\">Avantages de l'infrarouge<\/a><\/p>\n<p>&nbsp;<\/p>\n<p><b>CATALOGUE<\/b><\/p>\n<p>Pour le catalogue <a href=\"https:\/\/cleopatra.nl\/wp-content\/uploads\/CLEOPATRA-SAUNA-INFRAROOD-2023-NL.pdf\" target=\"_blank\" rel=\"noopener\">cliquez ici<\/a>.<\/p>\n<p>&nbsp;<\/p>","protected":false},"excerpt":{"rendered":"<p>Belle cabine infrarouge conviviale pour 2 personnes. Gr\u00e2ce \u00e0 ses dimensions compactes, cette cabine infrarouge peut \u00eatre plac\u00e9e dans presque toutes les pi\u00e8ces : chambre \u00e0 coucher, salle de sport, etc. Visitez le site <a href=\"https:\/\/cleopatra.nl\/fr\/contact\/\" target=\"_blank\" rel=\"noopener\">contacter<\/a> Contactez-nous pour plus d'informations.<\/p>","protected":false},"featured_media":3997,"template":"","format":"standard","meta":{"_acf_changed":false},"product_brand":[347],"product_cat":[71,236,274],"product_tag":[],"class_list":{"0":"post-3966","1":"product","2":"type-product","3":"status-publish","4":"format-standard","5":"has-post-thumbnail","7":"product_brand-cleopatra","8":"product_cat-shop","9":"product_cat-infrarood-cabine","10":"product_cat-infrarood-cabines","12":"first","13":"onbackorder","14":"taxable","15":"shipping-taxable","16":"purchasable","17":"product-type-simple"},"acf":[],"_links":{"self":[{"href":"https:\/\/cleopatra.nl\/fr\/wp-json\/wp\/v2\/product\/3966","targetHints":{"allow":["GET"]}}],"collection":[{"href":"https:\/\/cleopatra.nl\/fr\/wp-json\/wp\/v2\/product"}],"about":[{"href":"https:\/\/cleopatra.nl\/fr\/wp-json\/wp\/v2\/types\/product"}],"wp:featuredmedia":[{"embeddable":true,"href":"https:\/\/cleopatra.nl\/fr\/wp-json\/wp\/v2\/media\/3997"}],"wp:attachment":[{"href":"https:\/\/cleopatra.nl\/fr\/wp-json\/wp\/v2\/media?parent=3966"}],"wp:term":[{"taxonomy":"product_brand","embeddable":true,"href":"https:\/\/cleopatra.nl\/fr\/wp-json\/wp\/v2\/product_brand?post=3966"},{"taxonomy":"product_cat","embeddable":true,"href":"https:\/\/cleopatra.nl\/fr\/wp-json\/wp\/v2\/product_cat?post=3966"},{"taxonomy":"product_tag","embeddable":true,"href":"https:\/\/cleopatra.nl\/fr\/wp-json\/wp\/v2\/product_tag?post=3966"}],"curies":[{"name":"wp","href":"https:\/\/api.w.org\/{rel}","templated":true}]}}