{"id":6457,"date":"2024-01-05T12:45:27","date_gmt":"2024-01-05T11:45:27","guid":{"rendered":"https:\/\/cleopatra.nl\/?post_type=product&#038;p=6457"},"modified":"2026-04-26T21:18:58","modified_gmt":"2026-04-26T19:18:58","slug":"stoombad-melk-5-liter-eucamint-original","status":"publish","type":"product","link":"https:\/\/cleopatra.nl\/fr\/shop\/bad-sauna-stoombad-geuren\/stoombad-melk-5-liter-eucamint-original\/","title":{"rendered":"Bain de vapeur Lait | 5 Litres | Eucamint (Original)"},"content":{"rendered":"<h2><strong>Lait de bain de vapeur Cl\u00e9op\u00e2tre<\/strong><\/h2>\n<p>La Cl\u00e9op\u00e2tre\u00a0<strong>lait de bain de vapeur<\/strong> sont des parfums de haute qualit\u00e9 utilis\u00e9s tant par les particuliers que par les professionnels. Les parfums de bain de vapeur sont fabriqu\u00e9s \u00e0 partir d'huile essentielle pure 100% et d'adjuvants sans parfum. Id\u00e9al pour l'aromath\u00e9rapie dans un bain de vapeur ou un hammam. Il s'agit d'un<strong> original<\/strong> Le parfum est une version non dilu\u00e9e, mais aussi une recette prot\u00e9g\u00e9e que Cleopatra commercialise depuis 40 ans. On le remarque tout de suite : il faut moins de parfum pour obtenir un r\u00e9sultat parfait. Le lait ajout\u00e9 donne une substance blanche.<\/p>\n<p>Le lait Eucamint est un parfum plus intense que l'eucalyptus, gr\u00e2ce \u00e0 l'ajout d'un soup\u00e7on de menthe. Id\u00e9al pour changer ou pour les vrais amateurs.<\/p>\n<p>Le lait est fourni dans un tonneau de 5 litres.<\/p>\n<p>Dosage : Diluer avec de l'eau (1 part de parfum pour 5 parts d'eau).<\/p>\n<p>Dur\u00e9e de conservation : 12 mois.<\/p>","protected":false},"excerpt":{"rendered":"<p>La Cl\u00e9op\u00e2tre\u00a0<strong>lait de bain de vapeur<\/strong> sont des parfums de haute qualit\u00e9 utilis\u00e9s tant par les particuliers que par les professionnels. Les parfums de bain de vapeur sont fabriqu\u00e9s \u00e0 partir d'huile essentielle pure 100% et d'adjuvants sans parfum. Id\u00e9al pour l'aromath\u00e9rapie dans un bain de vapeur ou un hammam. Il s'agit d'un<strong> original<\/strong> Le parfum est une version non dilu\u00e9e, mais aussi une recette prot\u00e9g\u00e9e que Cleopatra commercialise depuis 40 ans. On le remarque tout de suite : il faut moins de parfum pour obtenir un r\u00e9sultat parfait. Le lait ajout\u00e9 donne une substance blanche.<\/p>","protected":false},"featured_media":3175,"template":"","format":"standard","meta":{"_acf_changed":false},"product_brand":[347],"product_cat":[77,71],"product_tag":[],"class_list":{"0":"post-6457","1":"product","2":"type-product","3":"status-publish","4":"format-standard","5":"has-post-thumbnail","7":"product_brand-cleopatra","8":"product_cat-bad-sauna-stoombad-geuren","9":"product_cat-shop","11":"first","12":"instock","13":"sale","14":"taxable","15":"shipping-taxable","16":"purchasable","17":"product-type-simple"},"acf":[],"_links":{"self":[{"href":"https:\/\/cleopatra.nl\/fr\/wp-json\/wp\/v2\/product\/6457","targetHints":{"allow":["GET"]}}],"collection":[{"href":"https:\/\/cleopatra.nl\/fr\/wp-json\/wp\/v2\/product"}],"about":[{"href":"https:\/\/cleopatra.nl\/fr\/wp-json\/wp\/v2\/types\/product"}],"wp:featuredmedia":[{"embeddable":true,"href":"https:\/\/cleopatra.nl\/fr\/wp-json\/wp\/v2\/media\/3175"}],"wp:attachment":[{"href":"https:\/\/cleopatra.nl\/fr\/wp-json\/wp\/v2\/media?parent=6457"}],"wp:term":[{"taxonomy":"product_brand","embeddable":true,"href":"https:\/\/cleopatra.nl\/fr\/wp-json\/wp\/v2\/product_brand?post=6457"},{"taxonomy":"product_cat","embeddable":true,"href":"https:\/\/cleopatra.nl\/fr\/wp-json\/wp\/v2\/product_cat?post=6457"},{"taxonomy":"product_tag","embeddable":true,"href":"https:\/\/cleopatra.nl\/fr\/wp-json\/wp\/v2\/product_tag?post=6457"}],"curies":[{"name":"wp","href":"https:\/\/api.w.org\/{rel}","templated":true}]}}