{"id":6733,"date":"2024-04-06T11:55:49","date_gmt":"2024-04-06T09:55:49","guid":{"rendered":"https:\/\/cleopatra.nl\/?post_type=product&#038;p=6733"},"modified":"2026-04-26T21:18:56","modified_gmt":"2026-04-26T19:18:56","slug":"sauna-opgietmiddel-5-liter-rozemarijn","status":"publish","type":"product","link":"https:\/\/cleopatra.nl\/fr\/shop\/bad-sauna-stoombad-geuren\/sauna-opgietmiddel-5-liter-rozemarijn\/","title":{"rendered":"D\u00e9tergent pour sauna | 5 litres | Romarin"},"content":{"rendered":"<h4>CLEOPATRA SAUNA LIQUIDE | ROMARIN ORIGINAL<\/h4>\n<p>La Cl\u00e9op\u00e2tre<strong>\u00a0sauna moyen<\/strong> se compose d'herbes et d'huiles essentielles soigneusement s\u00e9lectionn\u00e9es. La serpilli\u00e8re pour sauna est parfaite pour l'aromath\u00e9rapie dans les saunas priv\u00e9s ou professionnels. Les parfums sont frais et ont un effet vivifiant sur les voies respiratoires. Il s'agit d'un parfum Cleopatra original, vendu depuis 40 ans dans le pays et \u00e0 l'\u00e9tranger.<\/p>\n<p>Les parfums sont livr\u00e9s sous forme de concentr\u00e9 \u00e0 verser. Cela signifie que vous pouvez les diluer avec de l'eau jusqu'\u00e0 ce que vous obteniez la puissance de parfum souhait\u00e9e.<\/p>\n<p>Outre le parfum d'eucalyptus, cette gamme comprend \u00e9galement l'eucalyptus, le pin et la lavande.<\/p>\n<p>Le liquide est fourni dans un tonneau de 5 litres.<\/p>\n<p>Dosage : Vous devez m\u00e9langer une dose de \"parfum de sauna\" avec 15 doses d'eau. Vous pouvez verser soigneusement le m\u00e9lange sur les pierres de l'appareil de chauffage en petites quantit\u00e9s.<\/p>","protected":false},"excerpt":{"rendered":"<p>La Cl\u00e9op\u00e2tre<strong>\u00a0sauna moyen<\/strong> se compose d'herbes et d'huiles essentielles soigneusement s\u00e9lectionn\u00e9es. La serpilli\u00e8re pour sauna est parfaite pour l'aromath\u00e9rapie dans les saunas priv\u00e9s ou professionnels. Les parfums sont frais et ont un effet vivifiant sur les voies respiratoires. Il s'agit d'un parfum Cleopatra original, vendu depuis 40 ans dans le pays et \u00e0 l'\u00e9tranger.<\/p>","protected":false},"featured_media":3171,"template":"","format":"standard","meta":{"_acf_changed":false},"product_brand":[347],"product_cat":[77,71],"product_tag":[],"class_list":{"0":"post-6733","1":"product","2":"type-product","3":"status-publish","4":"format-standard","5":"has-post-thumbnail","7":"product_brand-cleopatra","8":"product_cat-bad-sauna-stoombad-geuren","9":"product_cat-shop","11":"first","12":"instock","13":"sale","14":"taxable","15":"shipping-taxable","16":"purchasable","17":"product-type-simple"},"acf":[],"_links":{"self":[{"href":"https:\/\/cleopatra.nl\/fr\/wp-json\/wp\/v2\/product\/6733","targetHints":{"allow":["GET"]}}],"collection":[{"href":"https:\/\/cleopatra.nl\/fr\/wp-json\/wp\/v2\/product"}],"about":[{"href":"https:\/\/cleopatra.nl\/fr\/wp-json\/wp\/v2\/types\/product"}],"wp:featuredmedia":[{"embeddable":true,"href":"https:\/\/cleopatra.nl\/fr\/wp-json\/wp\/v2\/media\/3171"}],"wp:attachment":[{"href":"https:\/\/cleopatra.nl\/fr\/wp-json\/wp\/v2\/media?parent=6733"}],"wp:term":[{"taxonomy":"product_brand","embeddable":true,"href":"https:\/\/cleopatra.nl\/fr\/wp-json\/wp\/v2\/product_brand?post=6733"},{"taxonomy":"product_cat","embeddable":true,"href":"https:\/\/cleopatra.nl\/fr\/wp-json\/wp\/v2\/product_cat?post=6733"},{"taxonomy":"product_tag","embeddable":true,"href":"https:\/\/cleopatra.nl\/fr\/wp-json\/wp\/v2\/product_tag?post=6733"}],"curies":[{"name":"wp","href":"https:\/\/api.w.org\/{rel}","templated":true}]}}