{"id":6745,"date":"2024-04-06T14:40:19","date_gmt":"2024-04-06T12:40:19","guid":{"rendered":"https:\/\/cleopatra.nl\/?post_type=product&#038;p=6745"},"modified":"2026-04-27T13:40:56","modified_gmt":"2026-04-27T11:40:56","slug":"backwall-steam-one-2","status":"publish","type":"product","link":"https:\/\/cleopatra.nl\/fr\/shop\/backwall-steam-one\/","title":{"rendered":"Backwall Steam One"},"content":{"rendered":"<h3><strong>TECHNOLOGIE DE LA VAPEUR INTERNE<\/strong><\/h3>\n<p>Le Cleopatra BackWall Steam One est un syst\u00e8me facile \u00e0 installer, qui permet de mettre en place un syst\u00e8me d'isolation thermique. <strong>g\u00e9n\u00e9rateur de vapeur ou de bien-\u00eatre dans le hammam<\/strong>\u00a0peuvent \u00eatre mont\u00e9s.<\/p>\n<p>Le BackWall se compose d'un cadre ajustable en aluminium o\u00f9 tous les composants de vapeur sont pr\u00e9assembl\u00e9s. Apr\u00e8s le raccordement \u00e0 l'eau et \u00e0 l'\u00e9lectricit\u00e9, le BackWall est pr\u00eat \u00e0 \u00eatre carrel\u00e9. Le BackWall peut \u00eatre plac\u00e9 contre ou au ras du mur. De cette mani\u00e8re, le g\u00e9n\u00e9rateur de vapeur est enti\u00e8rement int\u00e9gr\u00e9 dans votre hammam. Le BackWall est \u00e9quip\u00e9 d'un panneau de service esth\u00e9tique pour une \u00e9tanch\u00e9it\u00e9 optimale ; il est \u00e9galement dot\u00e9 d'une plaque de recouvrement en verre. Ce panneau en verre est disponible en blanc, gris ou anthracite.<\/p>\n<p>Les dessins et d'autres informations sur le Cleopatra BackWall Steam sont disponibles dans la brochure BackWall au bas de cette description de produit.<\/p>\n<p>Souhaitez-vous \u00e9galement une douche dans votre cabine ? Alors, la douche et vapeur BackWall est parfaite pour vous. Cliquez sur\u00a0<a href=\"https:\/\/cleopatra.nl\/fr\/stoomtechniek\/backwall-steam\/\">ici<\/a>\u00a0pour plus d'informations.<\/p>\n<h4><strong><br \/>\nG\u00c9N\u00c9RATEUR DE VAPEUR<\/strong><\/h4>\n<p>Le site\u00a0<a href=\"https:\/\/cleopatra.nl\/fr\/cleopatra-stoomgenerator-cleo-steam-one.html\/\">Cleo Steam One<\/a>: Offre toutes les fonctions attendues d'un g\u00e9n\u00e9rateur de vapeur moderne. Fiable, simple et facile \u00e0 entretenir. Que pouvez-vous attendre de la Steam One ?<\/p>\n<ul>\n<li>Processus de vapeur bien contr\u00f4l\u00e9 au moyen d'un capteur de temp\u00e9rature et d'un capteur de s\u00e9curit\u00e9.  D\u00e8s que la temp\u00e9rature atteint 48 degr\u00e9s Celsius, la production de vapeur s'arr\u00eate. Lorsque la temp\u00e9rature a de nouveau baiss\u00e9, la production de vapeur reprend.<\/li>\n<li>Bouton tactile facile \u00e0 utiliser qui permet de contr\u00f4ler les fonctions suivantes : marche\/arr\u00eat de la vapeur, marche\/arr\u00eat de la lumi\u00e8re blanche, marche\/arr\u00eat du parfum (si un diffuseur de parfum a \u00e9galement \u00e9t\u00e9 command\u00e9). La commande peut \u00eatre plac\u00e9e \u00e0 l'int\u00e9rieur ou \u00e0 l'ext\u00e9rieur du bain de vapeur.<\/li>\n<\/ul>\n<h4><strong><br \/>\nNOTES<\/strong><\/h4>\n<ul>\n<li>La puissance requise est calcul\u00e9e comme suit : Longueur de la cabine X largeur x hauteur x 1,25 = kW (puissance) n\u00e9cessaire.<\/li>\n<li>Nous supposons ici que la cabine est isol\u00e9e conform\u00e9ment \u00e0 la r\u00e9glementation et que sa hauteur int\u00e9rieure est de 220 cm maximum.<\/li>\n<li>A partir de 4,5 kW, un courant de puissance (400V) est n\u00e9cessaire.<\/li>\n<\/ul>\n<h4><strong><br \/>\nMANUEL<\/strong><\/h4>\n<p>Cliquez ici : <a href=\"https:\/\/cleopatra.nl\/wp-content\/uploads\/Backwall-installatie-handleiding-2022-r03-90548850-web.pdf\">Vapeur d'eau\u00a0<\/a><\/p>","protected":false},"excerpt":{"rendered":"<p>Le Cleopatra BackWall Steam One est un syst\u00e8me facile \u00e0 installer, qui permet de mettre en place un syst\u00e8me d'isolation thermique. <strong>g\u00e9n\u00e9rateur de vapeur ou de bien-\u00eatre dans le hammam<\/strong>\u00a0peuvent \u00eatre mont\u00e9s.<\/p>","protected":false},"featured_media":6806,"template":"","format":"standard","meta":{"_acf_changed":false},"product_brand":[347],"product_cat":[71,99,80],"product_tag":[],"class_list":{"0":"post-6745","1":"product","2":"type-product","3":"status-publish","4":"format-standard","5":"has-post-thumbnail","7":"product_brand-cleopatra","8":"product_cat-shop","9":"product_cat-stoomtechniek-stoomtechniek-prive","10":"product_cat-stoomtechniek-prive","12":"first","13":"instock","14":"taxable","15":"shipping-taxable","16":"purchasable","17":"product-type-simple"},"acf":[],"_links":{"self":[{"href":"https:\/\/cleopatra.nl\/fr\/wp-json\/wp\/v2\/product\/6745","targetHints":{"allow":["GET"]}}],"collection":[{"href":"https:\/\/cleopatra.nl\/fr\/wp-json\/wp\/v2\/product"}],"about":[{"href":"https:\/\/cleopatra.nl\/fr\/wp-json\/wp\/v2\/types\/product"}],"wp:featuredmedia":[{"embeddable":true,"href":"https:\/\/cleopatra.nl\/fr\/wp-json\/wp\/v2\/media\/6806"}],"wp:attachment":[{"href":"https:\/\/cleopatra.nl\/fr\/wp-json\/wp\/v2\/media?parent=6745"}],"wp:term":[{"taxonomy":"product_brand","embeddable":true,"href":"https:\/\/cleopatra.nl\/fr\/wp-json\/wp\/v2\/product_brand?post=6745"},{"taxonomy":"product_cat","embeddable":true,"href":"https:\/\/cleopatra.nl\/fr\/wp-json\/wp\/v2\/product_cat?post=6745"},{"taxonomy":"product_tag","embeddable":true,"href":"https:\/\/cleopatra.nl\/fr\/wp-json\/wp\/v2\/product_tag?post=6745"}],"curies":[{"name":"wp","href":"https:\/\/api.w.org\/{rel}","templated":true}]}}