{"id":6763,"date":"2024-04-07T14:53:35","date_gmt":"2024-04-07T12:53:35","guid":{"rendered":"https:\/\/cleopatra.nl\/?post_type=product&#038;p=6763"},"modified":"2026-04-27T09:54:22","modified_gmt":"2026-04-27T07:54:22","slug":"wellpool-soft-425-190x80cm-191","status":"publish","type":"product","link":"https:\/\/cleopatra.nl\/fr\/shop\/ligbaden-whirlpools\/wellpool-ligbaden\/wellpool-soft-425-190x80cm\/","title":{"rendered":"WellPool Soft 425 | 190x80cm"},"content":{"rendered":"<h4>WELLPOOL SOFT 425 | 190 x 80 cm<\/h4>\n<p>Le site<strong>\u00a0Cleopatra<\/strong>\u00a0<b>bain<\/b>\u00a0WellPool<sup>TM<\/sup>\u00a0Soft est une baignoire belle et moderne en acrylique blanc avec des coins l\u00e9g\u00e8rement arrondis. D\u00e9velopp\u00e9e par le grand designer Robert Bronwasser, la baignoire WellPool est non seulement belle mais aussi tr\u00e8s confortable et durable.<\/p>\n<p>Vous voulez voir ou exp\u00e9rimenter ce bain ?  Vous \u00eates les bienvenus au Cleopatra\u00a0<a title=\"salle d&#039;exposition cleopatra\" href=\"https:\/\/cleopatra.nl\/fr\/contact\/\" target=\"_blank\" rel=\"noopener\">salle d'exposition<\/a> \u00e0 Zaandam !<\/p>\n<p>&nbsp;<\/p>\n<p><strong>DIMENSIONS DE LA BAIGNOIRE<\/strong><\/p>\n<p>Le site\u00a0<b>bain<\/b>\u00a0WellPool<sup>TM<\/sup>\u00a0Soft est disponible en cinq tailles :<\/p>\n<ul>\n<li>406 : 1600 x 750 mm (dimension de la base 1150 mm ; profondeur 510 mm)<\/li>\n<li>402 : 1700 x 750 mm (dimension du fond 1150 mm ; profondeur 510 mm)<\/li>\n<li>420 : 1800 x 800 mm (dimension du fond 1290 mm ; profondeur 510 mm)<\/li>\n<li>425 : 1900 x 800 mm (dimension du fond 1350 mm ; profondeur 510 mm)<\/li>\n<\/ul>\n<p>Au bas de cette description de produit, vous trouverez les dessins et les instructions de montage de la baignoire.<\/p>\n<p>La salle de bain est \u00e9quip\u00e9e d'un ensemble de baignoires.<\/p>\n<p>Le trop-plein\/la vidange doit \u00eatre command\u00e9(e) s\u00e9par\u00e9ment (voir Produits correspondants).<\/p>\n<p>Sur cette baignoire de haute qualit\u00e9, il est possible d'installer un robinet de bord de baignoire et une combinaison de douche. Esth\u00e9tique et \u00e9vite l'installation dans les murs.<\/p>\n<p>&nbsp;<\/p>\n<p><strong>QUALIT\u00c9 DU BAIN<\/strong><\/p>\n<p>La qualit\u00e9 du bain est primordiale chez Cleopatra. Votre bain restera beau et blanc pendant des ann\u00e9es, gr\u00e2ce \u00e0 :<\/p>\n<ul>\n<li>La couche de 5 mm d'acrylique pur, \u00e9galement sur les bords de la baignoire et les<\/li>\n<li>Le renforcement robuste du fond de la piscine.<\/li>\n<\/ul>\n<p>&nbsp;<\/p>\n<p><strong>ACCESSOIRES DE BAIN<\/strong><\/p>\n<ul>\n<li><em>Combinaison de d\u00e9bordement et de vidange Cleoplus.<\/em> Produit de haute qualit\u00e9 en finition chrom\u00e9e.<\/li>\n<\/ul>\n<ul>\n<li><em>Combinaison de Cleofill.<\/em> Produit de haute qualit\u00e9 en finition chrom\u00e9e. Au lieu d'un robinet, la baignoire est remplie par une combinaison de trop-plein.<\/li>\n<\/ul>\n<ul>\n<li><em>Robinets de baignoire.<\/em>\u00a0M\u00e9langeurs de baignoire de haute qualit\u00e9 de Hansgrohe avec un choix de plusieurs mod\u00e8les. La finition standard est le chrome, mais d'autres finitions sont \u00e9galement possibles. Les m\u00e9langeurs de bord de baignoire sont install\u00e9s sur votre baignoire dans notre usine, votre baignoire est donc pr\u00eate \u00e0 \u00eatre install\u00e9e !<\/li>\n<\/ul>\n<ul>\n<li><em>Poign\u00e9e.<\/em>\u00a0Poign\u00e9e de belle forme en chrome. Vous pouvez ainsi entrer et sortir du bain plus facilement et en toute s\u00e9curit\u00e9 !<\/li>\n<\/ul>\n<ul>\n<li><em>Lumi\u00e8re color\u00e9e.<\/em>\u00a0\u00c9clairage de la baignoire de haute qualit\u00e9 comprenant deux lampes LED et une commande plac\u00e9e sur le rebord de la baignoire.<\/li>\n<\/ul>\n<ul>\n<li><em>Coussin de nuque.<\/em>\u00a0Coussin confortable qui s'adapte \u00e0 la forme de votre t\u00eate. Indispensable pour le plaisir du bain.<\/li>\n<\/ul>\n<ul>\n<li><em>Huiles de bain.<\/em>\u00a0Soigne la peau, sans danger pour l'acrylique du bain, et disponible en 7 d\u00e9licieux parfums.<\/li>\n<\/ul>\n<p>&nbsp;<\/p>\n<p><strong>SYST\u00c8ME HYDROMASSEUR<\/strong><\/p>\n<p>Un syst\u00e8me d'hydromassage de haute qualit\u00e9 rend votre bain encore plus agr\u00e9able.<\/p>","protected":false},"excerpt":{"rendered":"<p>Le site<strong>\u00a0Cleopatra<\/strong>\u00a0<b>bain<\/b>\u00a0WellPool Soft est une baignoire \u00e9tonnante et moderne en acrylique blanc aux angles l\u00e9g\u00e8rement arrondis. D\u00e9velopp\u00e9e par le designer Robert Bronwasser, la baignoire WellPool n'est pas seulement belle, elle est aussi tr\u00e8s confortable et durable.<\/p>","protected":false},"featured_media":3571,"template":"","format":"standard","meta":{"_acf_changed":false},"product_brand":[347],"product_cat":[86,76,71],"product_tag":[],"class_list":{"0":"post-6763","1":"product","2":"type-product","3":"status-publish","4":"format-standard","5":"has-post-thumbnail","7":"product_brand-cleopatra","8":"product_cat-wellpool-ligbaden","9":"product_cat-ligbaden-whirlpools","10":"product_cat-shop","12":"first","13":"instock","14":"taxable","15":"shipping-taxable","16":"purchasable","17":"product-type-simple"},"acf":[],"_links":{"self":[{"href":"https:\/\/cleopatra.nl\/fr\/wp-json\/wp\/v2\/product\/6763","targetHints":{"allow":["GET"]}}],"collection":[{"href":"https:\/\/cleopatra.nl\/fr\/wp-json\/wp\/v2\/product"}],"about":[{"href":"https:\/\/cleopatra.nl\/fr\/wp-json\/wp\/v2\/types\/product"}],"wp:featuredmedia":[{"embeddable":true,"href":"https:\/\/cleopatra.nl\/fr\/wp-json\/wp\/v2\/media\/3571"}],"wp:attachment":[{"href":"https:\/\/cleopatra.nl\/fr\/wp-json\/wp\/v2\/media?parent=6763"}],"wp:term":[{"taxonomy":"product_brand","embeddable":true,"href":"https:\/\/cleopatra.nl\/fr\/wp-json\/wp\/v2\/product_brand?post=6763"},{"taxonomy":"product_cat","embeddable":true,"href":"https:\/\/cleopatra.nl\/fr\/wp-json\/wp\/v2\/product_cat?post=6763"},{"taxonomy":"product_tag","embeddable":true,"href":"https:\/\/cleopatra.nl\/fr\/wp-json\/wp\/v2\/product_tag?post=6763"}],"curies":[{"name":"wp","href":"https:\/\/api.w.org\/{rel}","templated":true}]}}