{"id":6804,"date":"2024-04-08T17:36:51","date_gmt":"2024-04-08T15:36:51","guid":{"rendered":"https:\/\/cleopatra.nl\/?post_type=product&#038;p=6804"},"modified":"2026-04-26T21:18:54","modified_gmt":"2026-04-26T19:18:54","slug":"infrarood-bench-comfort-one-2","status":"publish","type":"product","link":"https:\/\/cleopatra.nl\/fr\/shop\/infrarood-bench-comfort-one\/","title":{"rendered":"Banc infrarouge Comfort | One"},"content":{"rendered":"<p>Le banc infrarouge est applicable dans une cabine infrarouge. Les commandes et les \u00e9metteurs infrarouges sont int\u00e9gr\u00e9s dans le banc. Prendre <a href=\"https:\/\/cleopatra.nl\/fr\/contact\/\" target=\"_blank\" rel=\"noopener\">contacter<\/a> Contactez-nous pour plus d'informations.<\/p>\n<p><strong><br \/>\nVERSION DE BASE<\/strong><\/p>\n<p>Choix de trois couleurs :<br \/>\n27621000 Canap\u00e9 infrarouge | ONE | Espen LIGHT<br \/>\n27621010 Canap\u00e9 infrarouge | ONE | Espen HT MEDIUM<br \/>\n27621020 Canap\u00e9 infrarouge | ONE | Espen HT DARK<\/p>\n<p>- Comprend le panneau de contr\u00f4le ONE<br \/>\n- Y compris un radiateur de 500 watts<\/p>\n<p><strong><br \/>\nCARACT\u00c9RISTIQUES<\/strong><\/p>\n<p>Dimensions 800 x 740 x 1150 mm<br \/>\nNombre de personnes 1<br \/>\nPuissance 1 x 500 watts<br \/>\nTension de raccordement 240V<br \/>\nPoids 80 kg<\/p>\n<p><strong><br \/>\nPLUS D'INFORMATIONS\u00a0<\/strong><\/p>\n<p><a href=\"https:\/\/cleopatra.nl\/fr\/infrarood-cabines\/over-infraroodsaunas\/?_gl=1*npjp3w*_up*MQ..*_ga*NTQ5OTIxNjc0LjE3MTI1MDUzMDU.*_ga_GNYGLDV3HQ*MTcxMjUwOTY0NS4yLjAuMTcxMjUwOTY0NS4wLjAuMA..\">Avantages de l'infrarouge<\/a><\/p>\n<p><strong><br \/>\nCATALOGUE<\/strong><\/p>\n<p>Pour le catalogue <a href=\"https:\/\/cleopatra.nl\/wp-content\/uploads\/CLEOPATRA-SAUNA-INFRAROOD-2023-NL.pdf\" target=\"_blank\" rel=\"noopener\">cliquez ici<\/a>.<\/p>\n<p>&nbsp;<\/p>\n<p>&nbsp;<\/p>","protected":false},"excerpt":{"rendered":"<p>Le banc infrarouge est applicable dans une cabine infrarouge. Les commandes et les \u00e9metteurs infrarouges sont int\u00e9gr\u00e9s dans le banc. Prendre <a href=\"https:\/\/cleopatra.nl\/fr\/contact\/\" target=\"_blank\" rel=\"noopener\">contacter<\/a> Contactez-nous pour plus d'informations.<\/p>","protected":false},"featured_media":6353,"template":"","format":"standard","meta":{"_acf_changed":false},"product_brand":[347],"product_cat":[71,236,241],"product_tag":[],"class_list":{"0":"post-6804","1":"product","2":"type-product","3":"status-publish","4":"format-standard","5":"has-post-thumbnail","7":"product_brand-cleopatra","8":"product_cat-shop","9":"product_cat-infrarood-cabine","10":"product_cat-infrarood-modules","12":"first","13":"onbackorder","14":"taxable","15":"shipping-taxable","16":"purchasable","17":"product-type-simple"},"acf":[],"_links":{"self":[{"href":"https:\/\/cleopatra.nl\/fr\/wp-json\/wp\/v2\/product\/6804","targetHints":{"allow":["GET"]}}],"collection":[{"href":"https:\/\/cleopatra.nl\/fr\/wp-json\/wp\/v2\/product"}],"about":[{"href":"https:\/\/cleopatra.nl\/fr\/wp-json\/wp\/v2\/types\/product"}],"wp:featuredmedia":[{"embeddable":true,"href":"https:\/\/cleopatra.nl\/fr\/wp-json\/wp\/v2\/media\/6353"}],"wp:attachment":[{"href":"https:\/\/cleopatra.nl\/fr\/wp-json\/wp\/v2\/media?parent=6804"}],"wp:term":[{"taxonomy":"product_brand","embeddable":true,"href":"https:\/\/cleopatra.nl\/fr\/wp-json\/wp\/v2\/product_brand?post=6804"},{"taxonomy":"product_cat","embeddable":true,"href":"https:\/\/cleopatra.nl\/fr\/wp-json\/wp\/v2\/product_cat?post=6804"},{"taxonomy":"product_tag","embeddable":true,"href":"https:\/\/cleopatra.nl\/fr\/wp-json\/wp\/v2\/product_tag?post=6804"}],"curies":[{"name":"wp","href":"https:\/\/api.w.org\/{rel}","templated":true}]}}