{"id":6814,"date":"2024-04-09T16:30:28","date_gmt":"2024-04-09T14:30:28","guid":{"rendered":"https:\/\/cleopatra.nl\/?post_type=product&#038;p=6814"},"modified":"2026-04-26T21:18:59","modified_gmt":"2026-04-26T19:18:59","slug":"wellness-shower-6-verbruiker-2","status":"publish","type":"product","link":"https:\/\/cleopatra.nl\/fr\/shop\/wellness-shower-6-verbruiker\/","title":{"rendered":"Douche de bien-\u00eatre | Basic 6"},"content":{"rendered":"<h3>DOUCHE BIEN-\u00caTRE | BASIC 6<\/h3>\n<p>&nbsp;<\/p>\n<div id=\"text_block-17-2375\" class=\"ct-text-block archive_text_section_text\">\n<p>La douche Wellness peut \u00eatre raccord\u00e9e \u00e0 diff\u00e9rentes marques de robinets et de douches. La commande Shower Deluxe permet d'activer les diff\u00e9rentes douches. Le nombre de douches d\u00e9termine le nombre d'utilisateurs dont vous avez besoin sur la Wellness Shower. Si vous pr\u00e9f\u00e9rez une douche de toit et des douches lat\u00e9rales, 4 utilisateurs suffisent. Si vous souhaitez contr\u00f4ler plusieurs douches (douchette, douchette lat\u00e9rale et douchette de toit), il est pr\u00e9f\u00e9rable d'opter pour 6 ou 8 utilisateurs. Assurez-vous que la pression et la quantit\u00e9 d'eau (d\u00e9bit) sont connues \u00e0 l'avance et que la gestion de l'eau est r\u00e9gl\u00e9e en cons\u00e9quence. La douche Wellness n\u00e9cessite toujours une vanne thermostatique s\u00e9par\u00e9e.<\/p>\n<p>Voir le <strong>vid\u00e9o<\/strong> De la douche de bien-\u00eatre : <a href=\"https:\/\/cleopatra.nl\/fr\/wellness-shower\/wellness-shower\/\" target=\"_blank\" rel=\"noopener\">cliquez ici<\/a><\/p>\n<p><b><br \/>\nFONCTION D'\u00c9CHAUFFEMENT<\/b><\/p>\n<p>Cette fonction permet de rincer le syst\u00e8me de canalisations pendant 60 secondes, en \u00e9vacuant l'eau froide contenue dans les canalisations.<\/p>\n<p><b>FAN<\/b><br \/>\nLe ventilateur est int\u00e9gr\u00e9 dans un tube et raccord\u00e9 \u00e0 la commande de la douche Wellness, ce qui permet de contr\u00f4ler automatiquement l'extraction de la condensation sur l'\u00e9cran.<\/p>\n<p><b>L'EAU FROIDE<\/b><\/p>\n<p>Cette fonction fournit instantan\u00e9ment de l'eau froide par l'interm\u00e9diaire de l'une des douches connect\u00e9es. Vous pouvez ainsi profiter imm\u00e9diatement d'une merveilleuse douche froide.<\/p>\n<\/div>\n<div id=\"text_block-20-2375\" class=\"ct-text-block archive_text_section_text\"><b>AUTRES FONCTIONS<\/b><br \/>\nLes douches suivantes peuvent \u00eatre command\u00e9es par l'\u00e9cran.<br \/>\n- Douche de toit (jusqu'\u00e0 4 types de jets)<br \/>\n- Douche lat\u00e9rale (gauche s\u00e9par\u00e9e de la droite)<br \/>\n- Douche \u00e0 main<\/div>\n<div><\/div>\n<div class=\"ct-text-block archive_text_section_text\"><b>TH\u00c9RAPIE DES COULEURS<\/b><br \/>\nDes spots d'\u00e9clairage pour le toit ou une bande LED pour le mur, une niche ou sous un banc. Ces \u00e9clairages sont faciles \u00e0 commander via le contr\u00f4leur Shower Deluxe. Rotation automatique des couleurs, gradation et mode lumi\u00e8re blanche.<\/div>\n<div><\/div>\n<div class=\"ct-text-block archive_text_section_text\"><b>MODULE SON<\/b><br \/>\n\u00c9coutez votre musique pr\u00e9f\u00e9r\u00e9e sous la douche. Il suffit de se connecter via Bluetooth et de contr\u00f4ler le volume, la lecture et la s\u00e9lection des pistes via l'\u00e9cran. Les enceintes sont \u00e9tanches et peuvent \u00eatre plac\u00e9es dans le toit.<\/div>\n<div><\/div>\n<div class=\"ct-text-block archive_text_section_text\"><b>DOUCHEDAK<\/b><br \/>\nDans le toit de la douche, les diff\u00e9rentes options peuvent \u00eatre mont\u00e9es en usine. Le toit peut \u00e9galement \u00eatre fourni en diff\u00e9rentes couleurs RAL. Le toit est livr\u00e9 avec des bandes de finition et du mat\u00e9riel d'assemblage.<\/div>\n<div><\/div>\n<div><strong>LIVRAISON<\/strong><\/div>\n<div>- Afficheur avec bo\u00eetier d'installation<\/div>\n<div>- Douche de bien-\u00eatre bloc de connexion 4 utilisateurs<\/div>\n<div>- Bo\u00eete \u00e9lectronique<\/div>\n<p>ATTENTION : Pour l'Aquafun Wellness Shower Basic, vous devez pr\u00e9voir votre propre robinetterie (robinet thermostatique, douche de toit, etc.).<\/p>\n<p><strong><br \/>\nBROCHURE<\/strong><\/p>\n<div>Pour plus d'informations <a href=\"https:\/\/cleopatra.nl\/wp-content\/uploads\/CLEOPATRA-WELLNESS-SHOWER-NL.pdf\">t\u00e9l\u00e9charger la brochure.<\/a><\/div>\n<p><strong><br \/>\nMANUEL<\/strong><\/p>","protected":false},"excerpt":{"rendered":"<p>La douche Wellness peut \u00eatre raccord\u00e9e \u00e0 diff\u00e9rentes marques de robinets et de douches. La commande Shower Deluxe permet d'activer les diff\u00e9rentes douches. Le nombre de douches d\u00e9termine le nombre d'utilisateurs de la douche Wellness. Voir les <strong>vid\u00e9o<\/strong> De la douche de bien-\u00eatre : <a href=\"https:\/\/cleopatra.nl\/fr\/wellness-shower\/wellness-shower\/\" target=\"_blank\" rel=\"noopener\">cliquez ici<\/a><\/p>","protected":false},"featured_media":6372,"template":"","format":"standard","meta":{"_acf_changed":false},"product_brand":[347],"product_cat":[71,275],"product_tag":[],"class_list":{"0":"post-6814","1":"product","2":"type-product","3":"status-publish","4":"format-standard","5":"has-post-thumbnail","7":"product_brand-cleopatra","8":"product_cat-shop","9":"product_cat-wellness-shower","11":"first","12":"instock","13":"taxable","14":"shipping-taxable","15":"purchasable","16":"product-type-simple"},"acf":[],"_links":{"self":[{"href":"https:\/\/cleopatra.nl\/fr\/wp-json\/wp\/v2\/product\/6814","targetHints":{"allow":["GET"]}}],"collection":[{"href":"https:\/\/cleopatra.nl\/fr\/wp-json\/wp\/v2\/product"}],"about":[{"href":"https:\/\/cleopatra.nl\/fr\/wp-json\/wp\/v2\/types\/product"}],"wp:featuredmedia":[{"embeddable":true,"href":"https:\/\/cleopatra.nl\/fr\/wp-json\/wp\/v2\/media\/6372"}],"wp:attachment":[{"href":"https:\/\/cleopatra.nl\/fr\/wp-json\/wp\/v2\/media?parent=6814"}],"wp:term":[{"taxonomy":"product_brand","embeddable":true,"href":"https:\/\/cleopatra.nl\/fr\/wp-json\/wp\/v2\/product_brand?post=6814"},{"taxonomy":"product_cat","embeddable":true,"href":"https:\/\/cleopatra.nl\/fr\/wp-json\/wp\/v2\/product_cat?post=6814"},{"taxonomy":"product_tag","embeddable":true,"href":"https:\/\/cleopatra.nl\/fr\/wp-json\/wp\/v2\/product_tag?post=6814"}],"curies":[{"name":"wp","href":"https:\/\/api.w.org\/{rel}","templated":true}]}}