{"id":6830,"date":"2024-04-10T16:28:15","date_gmt":"2024-04-10T14:28:15","guid":{"rendered":"https:\/\/cleopatra.nl\/?post_type=product&#038;p=6830"},"modified":"2026-04-26T22:29:53","modified_gmt":"2026-04-26T20:29:53","slug":"stoominlaat-glas-compleet","status":"publish","type":"product","link":"https:\/\/cleopatra.nl\/fr\/shop\/modulair-stoom\/opties-specificaties\/stoominlaat-glas-compleet\/","title":{"rendered":"Verre d'entr\u00e9e de vapeur | complet"},"content":{"rendered":"<p>Cette prise de vapeur est en verre de s\u00e9curit\u00e9 et r\u00e9siste aux temp\u00e9ratures \u00e9lev\u00e9es. Disponible en trois couleurs standard : blanc RAL 9016, gris RAL 7042, anthracite 7021. D'autres couleurs sont disponibles sur demande et moyennant un suppl\u00e9ment de prix. Cette entr\u00e9e de vapeur offre une protection efficace contre les br\u00fblures et l'inattention.<\/p>\n<p>&nbsp;<\/p>\n<h4>MISE EN \u0152UVRE<\/h4>\n<p>Le verre d'admission de la vapeur est compos\u00e9 de<\/p>\n<ul>\n<li>Plaque de verre arri\u00e8re<\/li>\n<li>Plaque de verre pour<\/li>\n<li>Kit de fixation<\/li>\n<\/ul>\n<p>&nbsp;<\/p>\n<p><strong>MANUEL<\/strong><\/p>\n<p>Plus d'informations sur la <a href=\"https:\/\/cleopatra.nl\/wp-content\/uploads\/90955420-Stoominlaat-glas.pdf\">verre d'entr\u00e9e de vapeur<\/a><\/p>\n<p>&nbsp;<\/p>\n<p><strong>CARACT\u00c9RISTIQUES<\/strong><\/p>\n<p>Het direct blootstellen van de stoominlaat in een stoomcabine is geen goed idee\u2014dat is vragen om ongelukken. Het afschermen van de stoominlaat met een glasplaat is daarom niet alleen slim, maar eigenlijk noodzakelijk.<\/p>\n<p><strong>Voorkomen van verbranding<\/strong><br \/>\nDe stoom die uit de generator komt, kan extreem heet zijn. Direct contact kan leiden tot ernstige brandwonden. Een glasplaat fungeert als fysieke barri\u00e8re, zodat gebruikers niet per ongeluk in aanraking komen met de hete stoomstroom.<\/p>\n<p><strong>Gelijkmatige verspreiding van stoom<\/strong><br \/>\nWanneer de stoom tegen een glasplaat wordt geleid, wordt deze eerst \u201cgebroken\u201d en verspreid. Hierdoor komt de stoom minder geconcentreerd de cabine in en wordt de temperatuur gelijkmatiger verdeeld. Dit verhoogt het comfort aanzienlijk.<\/p>\n<p><strong>Verbeterde veiligheid in gebruik<\/strong><br \/>\nIn een vochtige en vaak gladde omgeving zoals een stoomcabine is de kans groter dat iemand uitglijdt of zich onbedoeld tegen onderdelen stoot. Een afgeschermde stoominlaat vermindert het risico op direct contact met hete onderdelen.<\/p>\n<p><strong>Bescherming van componenten<\/strong><br \/>\nDe glasplaat beschermt ook de technische onderdelen van de stoominlaat tegen vuil, kalkaanslag en directe waterbelasting. Dit helpt om de levensduur van het systeem te verlengen en storingen te voorkomen.<\/p>\n<p><strong>Hygi\u00ebnischer en makkelijker schoon te maken<\/strong><br \/>\nEen gladde glasplaat is eenvoudiger schoon te houden dan een open inlaat met technische onderdelen. Dit draagt bij aan een betere hygi\u00ebne in de cabine.<\/p>\n<p>Kortom, het plaatsen van een glasplaat voor de stoominlaat verhoogt de veiligheid, verbetert het comfort en draagt bij aan een duurzamere en hygi\u00ebnischere werking van de stoomcabine.<\/p>","protected":false},"excerpt":{"rendered":"<p>Cette prise de vapeur est en verre de s\u00e9curit\u00e9 et r\u00e9siste aux temp\u00e9ratures \u00e9lev\u00e9es. Disponible en trois couleurs standard : blanc RAL 9016, gris RAL 7042, anthracite 7021. D'autres couleurs sont disponibles sur demande et moyennant un suppl\u00e9ment de prix. Cette entr\u00e9e de vapeur offre une protection efficace contre les br\u00fblures et l'inattention.<\/p>","protected":false},"featured_media":6163,"template":"","format":"standard","meta":{"_acf_changed":false},"product_brand":[347],"product_cat":[90,78,71],"product_tag":[],"class_list":{"0":"post-6830","1":"product","2":"type-product","3":"status-publish","4":"format-standard","5":"has-post-thumbnail","7":"product_brand-cleopatra","8":"product_cat-opties-specificaties","9":"product_cat-modulair-stoom","10":"product_cat-shop","12":"first","13":"instock","14":"taxable","15":"shipping-taxable","16":"purchasable","17":"product-type-simple"},"acf":[],"_links":{"self":[{"href":"https:\/\/cleopatra.nl\/fr\/wp-json\/wp\/v2\/product\/6830","targetHints":{"allow":["GET"]}}],"collection":[{"href":"https:\/\/cleopatra.nl\/fr\/wp-json\/wp\/v2\/product"}],"about":[{"href":"https:\/\/cleopatra.nl\/fr\/wp-json\/wp\/v2\/types\/product"}],"wp:featuredmedia":[{"embeddable":true,"href":"https:\/\/cleopatra.nl\/fr\/wp-json\/wp\/v2\/media\/6163"}],"wp:attachment":[{"href":"https:\/\/cleopatra.nl\/fr\/wp-json\/wp\/v2\/media?parent=6830"}],"wp:term":[{"taxonomy":"product_brand","embeddable":true,"href":"https:\/\/cleopatra.nl\/fr\/wp-json\/wp\/v2\/product_brand?post=6830"},{"taxonomy":"product_cat","embeddable":true,"href":"https:\/\/cleopatra.nl\/fr\/wp-json\/wp\/v2\/product_cat?post=6830"},{"taxonomy":"product_tag","embeddable":true,"href":"https:\/\/cleopatra.nl\/fr\/wp-json\/wp\/v2\/product_tag?post=6830"}],"curies":[{"name":"wp","href":"https:\/\/api.w.org\/{rel}","templated":true}]}}