{"id":6832,"date":"2024-04-10T17:07:20","date_gmt":"2024-04-10T15:07:20","guid":{"rendered":"https:\/\/cleopatra.nl\/?post_type=product&#038;p=6832"},"modified":"2026-04-26T22:31:11","modified_gmt":"2026-04-26T20:31:11","slug":"stoominlaat-kunststof-compleet","status":"publish","type":"product","link":"https:\/\/cleopatra.nl\/fr\/shop\/stoominlaat-kunststof-compleet\/","title":{"rendered":"Entr\u00e9e de vapeur en plastique | compl\u00e8te"},"content":{"rendered":"<p>Cette entr\u00e9e de vapeur se compose d'une pi\u00e8ce encastr\u00e9e en plastique avec un raccord en cuivre de 28 mm.<\/p>\n<p>&nbsp;<\/p>\n<p><strong>\u00c9TENDUE DE LA LIVRAISON<\/strong><\/p>\n<ul>\n<li>Couvercle de vapeur en plastique (blanc, gris ou anthracite)<\/li>\n<li>Cuivre encastr\u00e9 28 mm<\/li>\n<\/ul>\n<p>&nbsp;<\/p>\n<p><strong>MANUEL<\/strong><\/p>\n<p>Se r\u00e9f\u00e9rer au g\u00e9n\u00e9rateur de vapeur concern\u00e9 pour savoir comment les pi\u00e8ces int\u00e9gr\u00e9es doivent \u00eatre trait\u00e9es.<\/p>","protected":false},"excerpt":{"rendered":"<p>Cette entr\u00e9e de vapeur se compose d'une pi\u00e8ce encastr\u00e9e en plastique avec un raccord en cuivre de 28 mm.<\/p>","protected":false},"featured_media":6833,"template":"","format":"standard","meta":{"_acf_changed":false},"product_brand":[347],"product_cat":[71,78,90],"product_tag":[],"class_list":{"0":"post-6832","1":"product","2":"type-product","3":"status-publish","4":"format-standard","5":"has-post-thumbnail","7":"product_brand-cleopatra","8":"product_cat-shop","9":"product_cat-modulair-stoom","10":"product_cat-opties-specificaties","12":"first","13":"instock","14":"taxable","15":"shipping-taxable","16":"purchasable","17":"product-type-simple"},"acf":[],"_links":{"self":[{"href":"https:\/\/cleopatra.nl\/fr\/wp-json\/wp\/v2\/product\/6832","targetHints":{"allow":["GET"]}}],"collection":[{"href":"https:\/\/cleopatra.nl\/fr\/wp-json\/wp\/v2\/product"}],"about":[{"href":"https:\/\/cleopatra.nl\/fr\/wp-json\/wp\/v2\/types\/product"}],"wp:featuredmedia":[{"embeddable":true,"href":"https:\/\/cleopatra.nl\/fr\/wp-json\/wp\/v2\/media\/6833"}],"wp:attachment":[{"href":"https:\/\/cleopatra.nl\/fr\/wp-json\/wp\/v2\/media?parent=6832"}],"wp:term":[{"taxonomy":"product_brand","embeddable":true,"href":"https:\/\/cleopatra.nl\/fr\/wp-json\/wp\/v2\/product_brand?post=6832"},{"taxonomy":"product_cat","embeddable":true,"href":"https:\/\/cleopatra.nl\/fr\/wp-json\/wp\/v2\/product_cat?post=6832"},{"taxonomy":"product_tag","embeddable":true,"href":"https:\/\/cleopatra.nl\/fr\/wp-json\/wp\/v2\/product_tag?post=6832"}],"curies":[{"name":"wp","href":"https:\/\/api.w.org\/{rel}","templated":true}]}}