{"id":6876,"date":"2024-04-13T13:43:17","date_gmt":"2024-04-13T11:43:17","guid":{"rendered":"https:\/\/cleopatra.nl\/?post_type=product&#038;p=6876"},"modified":"2026-04-26T21:18:57","modified_gmt":"2026-04-26T19:18:57","slug":"serano-line-200x160cm-201","status":"publish","type":"product","link":"https:\/\/cleopatra.nl\/fr\/shop\/saunas\/serano-line-200x160cm\/","title":{"rendered":"Ligne Serano | 200x160cm"},"content":{"rendered":"<h3><strong>SERANO LINE SAUNA | 200x160cm<\/strong><\/h3>\n<div class=\"category-description\">\n<p>Le site\u00a0<strong>Sauna Cl\u00e9op\u00e2tre<\/strong>\u00a0Serano est un sauna saisissant. L'utilisation de beaucoup de verre sur la fa\u00e7ade permet au sauna de s'int\u00e9grer \u00e0 votre int\u00e9rieur. Plusieurs d\u00e9tails rendent le sauna Serano particuli\u00e8rement \u00e9l\u00e9gant : les larges bancs, les dossiers et le support du po\u00eale, le contraste entre les bancs et les murs. Les bois utilis\u00e9s pour cette ligne ont \u00e9t\u00e9 soigneusement s\u00e9lectionn\u00e9s ; le sauna est chauff\u00e9 par un po\u00eale mural ou au sol. Facile \u00e0 utiliser et tr\u00e8s fiable, il vous donnera des ann\u00e9es de plaisir. Le sauna est disponible en cinq tailles standard. Des dimensions personnalis\u00e9es sont \u00e9galement possibles ; veuillez contacter\u00a0<a title=\"contacter Cl\u00e9op\u00e2tre\" href=\"https:\/\/cleopatra.nl\/fr\/contact-cleopatra\/\" target=\"_blank\" rel=\"noopener noreferrer\">contacter<\/a>\u00a0Contactez-nous pour plus d'informations.<\/p>\n<\/div>\n<p>Via le\u00a0<strong>sauna\u00a0<a href=\"https:\/\/cleopatra.nl\/fr\/configurator\/?type=serano-line#configurator_child_categories\">visualiseur<\/a><\/strong>\u00a0vous pouvez assembler les diff\u00e9rents types de bois.<\/p>\n<p>&nbsp;<\/p>\n<div class=\"category-description\">\n<p>Les saunas Cleopatra sont produits dans notre propre usine. Le bois, le verre et les autres mat\u00e9riaux utilis\u00e9s dans les saunas sont s\u00e9lectionn\u00e9s avec le plus grand soin. Une garantie de cinq ans s'applique aux mat\u00e9riaux du sauna et une garantie de deux ans au po\u00eale du sauna. Le site\u00a0<strong>sauna<\/strong>\u00a0est livr\u00e9 avec tout le mat\u00e9riel de montage n\u00e9cessaire \u00e0 l'installation. Nous nous chargeons volontiers de l'installation (prix de l'installation sur demande). Vous voulez voir et tester les saunas Cleopatra ? N'h\u00e9sitez pas \u00e0 nous rendre visite dans notre\u00a0<a title=\"Salle d&#039;exposition Cleopatra\" href=\"https:\/\/cleopatra.nl\/fr\/cleopatra-showroom\/\" target=\"_blank\" rel=\"noopener noreferrer\">salle d'exposition<\/a>\u00a0Zaandam pour voir nos magnifiques saunas (infrarouges) et discuter de vos projets. Dans notre zone d'essai, vous pouvez tester un sauna (infrarouge) en toute tranquillit\u00e9.<\/p>\n<\/div>\n<p>&nbsp;<\/p>\n<h4><strong>NOTE<\/strong><\/h4>\n<p>Il s'agit d'un sauna \u00e0 panneaux facile \u00e0 assembler. Veuillez noter que les c\u00f4t\u00e9s et l'arri\u00e8re doivent \u00eatre finis : il s'agit d'une cabine encastr\u00e9e. Pour les cabines de sauna ind\u00e9pendantes, vous pouvez opter pour les cabines de sauna solides de Cleopatra.<\/p>\n<p>&nbsp;<\/p>\n<h4><strong>TRAVAIL SUR COMMANDE<\/strong><\/h4>\n<p>Des dimensions sur mesure sont \u00e9galement possibles. <a title=\"contacter Cl\u00e9op\u00e2tre\" href=\"https:\/\/cleopatra.nl\/fr\/contact-cleopatra\/\" target=\"_blank\" rel=\"noopener noreferrer\">contacter<\/a> contactez-nous pour plus d'informations. Vous pouvez \u00e9galement nous envoyer un dessin par e-mail avec les dimensions et le design du sauna que vous souhaitez.<\/p>\n<p>&nbsp;<\/p>\n<h4><strong>USINE DE SAUNAS CLEOPATRA<\/strong><\/h4>\n<p>Les saunas Cleopatra sont produits dans notre propre usine. Le bois, le verre et les autres mat\u00e9riaux utilis\u00e9s dans les saunas sont s\u00e9lectionn\u00e9s avec le plus grand soin. Une garantie de cinq ans s'applique aux mat\u00e9riaux du sauna et une garantie de deux ans au po\u00eale du sauna. Le site\u00a0<strong>sauna<\/strong>\u00a0est livr\u00e9 avec tout le mat\u00e9riel de montage n\u00e9cessaire \u00e0 l'installation. Nous nous chargeons volontiers de l'installation (prix de l'installation sur demande). Vous voulez voir et tester les saunas Cleopatra ? N'h\u00e9sitez pas \u00e0 nous rendre visite dans notre\u00a0<a title=\"Salle d&#039;exposition Cleopatra\" href=\"https:\/\/cleopatra.nl\/fr\/cleopatra-showroom\/\" target=\"_blank\" rel=\"noopener noreferrer\">salle d'exposition<\/a>\u00a0Zaandam pour voir nos magnifiques saunas (infrarouges) et discuter de vos projets. Dans notre zone d'essai, vous pouvez tester un sauna (infrarouge) en toute tranquillit\u00e9.<\/p>\n<p>&nbsp;<\/p>\n<h4><strong>PLUS D'INFORMATIONS<\/strong><\/h4>\n<p>Cliquez ici pour le <a href=\"https:\/\/cleopatra.nl\/fr\/configurator\/serano-line\/\">Configurateur de ligne Serano<\/a><\/p>\n<p>Cliquez ici pour plus d'informations <a href=\"https:\/\/cleopatra.nl\/fr\/saunas\/serano-line\/\">Sauna Serano line<\/a><\/p>\n<p>&nbsp;<\/p>\n<h4><strong>LISTE DE CONTR\u00d4LE POUR L'INSTALLATION DU SAUNA<\/strong><\/h4>\n<p>&nbsp;<\/p>\n<p>SALLE DE TECHNOLOGIE<\/p>\n<p>N'oubliez pas que le bo\u00eetier de relais et les commandes du sauna et de la cabine infrarouge doivent toujours rester accessibles. Placez-les dans un local technique ou, par exemple, derri\u00e8re une trappe de service situ\u00e9e sur le dessus de la cabine.<\/p>\n<p>SOL ET DRAINAGE<\/p>\n<p>Une petite cavit\u00e9 est m\u00e9nag\u00e9e sous la porte du sauna pour faire entrer l'air. Ne placez pas de siphon dans une salle de sauna ; la chaleur ass\u00e8che le siphon. Veillez \u00e0 ce que le sol soit de niveau ; un sol in\u00e9gal entra\u00eene des \u00e9carts de dimensions.<\/p>\n<p>Dispositions techniques requises<\/p>\n<p>Les \u00e9quipements techniques varient d'un sauna \u00e0 l'autre et d'une cabine infrarouge \u00e0 l'autre. Au moment du devis ou de la commande, tous les \u00e9quipements n\u00e9cessaires sont sp\u00e9cifi\u00e9s.<\/p>\n<p>L'APPROVISIONNEMENT EN \u00c9LECTRICIT\u00c9<\/p>\n<p>Calcul de la puissance du po\u00eale du sauna : longueur de la cabine x largeur x hauteur x 1,25.<\/p>\n<p>Pour un po\u00eale de sauna jusqu'\u00e0 3,6 kW, une connexion de 230 V est suffisante. A partir de 4,5 kW, 400V ou 2 x 230V sont n\u00e9cessaires. En fonction du po\u00eale et de l'\u00e9clairage choisis, il faut d\u00e9terminer si l'\u00e9clairage est command\u00e9 par le po\u00eale du sauna ou si une deuxi\u00e8me alimentation \u00e9lectrique est n\u00e9cessaire pour l'\u00e9clairage. Un interrupteur d'isolement doit toujours \u00eatre pr\u00e9sent. Nous vous conseillons volontiers \u00e0 ce sujet.<\/p>\n<p>L'HYGI\u00c8NE ET L'ENTRETIEN<\/p>\n<p>L'utilisation d'une serviette emp\u00eachera les gouttes de sueur de tomber sur vos bancs. Pour pr\u00e9server votre po\u00eale : dans le cadre d'une utilisation priv\u00e9e r\u00e9guli\u00e8re, remplacez vos pierres de sauna tous les deux ans, ne les enfoncez pas dans le po\u00eale et n'en placez pas une pile en hauteur sur le po\u00eale.<\/p>\n<p>GARANTIE<\/p>\n<p>Dans le cadre d'une utilisation priv\u00e9e normale, 2 ans pour la cabine, \u00e0 l'exception des portes\/fen\u00eatres en verre et des lampes. Le po\u00eale du sauna et l'\u00e9lectronique 2 ans, sauf les \u00e9l\u00e9ments chauffants, car leur dur\u00e9e de vie d\u00e9pend fortement de la fa\u00e7on dont le po\u00eale est manipul\u00e9.<\/p>\n<p>&nbsp;<\/p>\n<h4>MANUEL<\/h4>\n<p>Cliquez ici <a href=\"https:\/\/cleopatra.nl\/wp-content\/uploads\/Montage-instructies-Sauna-90548862.pdf?_gl=1*1ybeje3*_up*MQ..*_ga*MTcyNjU2ODEyMC4xNzEyNTA0OTEw*_ga_GNYGLDV3HQ*MTcxMjUwNDkwNy4xLjAuMTcxMjUwNDkwNy4wLjAuMA..\">Manuel d'installation du sauna<\/a><\/p>\n<p>&nbsp;<\/p>","protected":false},"excerpt":{"rendered":"<p>SERANO LINE SAUNA | 200x160cm De\u00a0Cleopatra sauna\u00a0Serano, is een markante sauna. Door het gebruik van veel glas aan de voorzijde wordt de sauna een geheel met uw interieur. Meerdere details maken de Serano sauna bijzonder elegant: brede banken, rugleuningen en saunakachelrek, het contrast tussen de banken en de wanden. Voor deze sauna lijn zijn de [&hellip;]<\/p>\n","protected":false},"featured_media":6313,"template":"","format":"standard","meta":{"_acf_changed":false},"product_brand":[347],"product_cat":[271,278],"product_tag":[],"class_list":{"0":"post-6876","1":"product","2":"type-product","3":"status-publish","4":"format-standard","5":"has-post-thumbnail","7":"product_brand-cleopatra","8":"product_cat-saunas","9":"product_cat-serano-line","11":"first","12":"onbackorder","13":"taxable","14":"shipping-taxable","15":"purchasable","16":"product-type-simple"},"acf":[],"_links":{"self":[{"href":"https:\/\/cleopatra.nl\/fr\/wp-json\/wp\/v2\/product\/6876","targetHints":{"allow":["GET"]}}],"collection":[{"href":"https:\/\/cleopatra.nl\/fr\/wp-json\/wp\/v2\/product"}],"about":[{"href":"https:\/\/cleopatra.nl\/fr\/wp-json\/wp\/v2\/types\/product"}],"wp:featuredmedia":[{"embeddable":true,"href":"https:\/\/cleopatra.nl\/fr\/wp-json\/wp\/v2\/media\/6313"}],"wp:attachment":[{"href":"https:\/\/cleopatra.nl\/fr\/wp-json\/wp\/v2\/media?parent=6876"}],"wp:term":[{"taxonomy":"product_brand","embeddable":true,"href":"https:\/\/cleopatra.nl\/fr\/wp-json\/wp\/v2\/product_brand?post=6876"},{"taxonomy":"product_cat","embeddable":true,"href":"https:\/\/cleopatra.nl\/fr\/wp-json\/wp\/v2\/product_cat?post=6876"},{"taxonomy":"product_tag","embeddable":true,"href":"https:\/\/cleopatra.nl\/fr\/wp-json\/wp\/v2\/product_tag?post=6876"}],"curies":[{"name":"wp","href":"https:\/\/api.w.org\/{rel}","templated":true}]}}