{"id":6893,"date":"2024-04-13T14:55:56","date_gmt":"2024-04-13T12:55:56","guid":{"rendered":"https:\/\/cleopatra.nl\/?post_type=product&#038;p=6893"},"modified":"2026-04-26T21:18:53","modified_gmt":"2026-04-26T19:18:53","slug":"cleo-vital-pro-2","status":"publish","type":"product","link":"https:\/\/cleopatra.nl\/fr\/shop\/stoomtechniek-professioneel\/cleo-vital-pro\/","title":{"rendered":"Cleo Vital Pro"},"content":{"rendered":"<p>Le Cleo Vital pro, successeur du Cleo Basic pro, est un g\u00e9n\u00e9rateur professionnel dont les composants sont pratiquement les m\u00eames que ceux du Cleo Basic, mais dont les commandes et les capacit\u00e9s ont \u00e9t\u00e9 modifi\u00e9es. Gr\u00e2ce \u00e0 la nouvelle commande<br \/>\nLa maintenance et l'ajustement des param\u00e8tres sont devenus plus faciles. Le g\u00e9n\u00e9rateur Vital Pro peut \u00e9galement \u00eatre \u00e9quip\u00e9 d'un \u00e9cran tactile externe. Avec ce g\u00e9n\u00e9rateur de vapeur, vous pouvez compter sur un excellent processus de cuisson \u00e0 la vapeur, une longue dur\u00e9e de vie et un entretien facile.<\/p>\n<p><strong><br \/>\nAVANTAGES DU PRINCIPE DE L'\u00c9LECTRODE<\/strong><\/p>\n<ul>\n<li>Chauffage rapide<\/li>\n<li>Parties fines de la vapeur<\/li>\n<li>\u00c9conomie d'\u00e9nergie<\/li>\n<li>Adapt\u00e9 \u00e0 une utilisation intensive<\/li>\n<\/ul>\n<p><strong><br \/>\nCARACT\u00c9RISTIQUES<\/strong><\/p>\n<ul>\n<li>Bo\u00eetier en acier inoxydable<\/li>\n<li>Facile \u00e0 utiliser<\/li>\n<li>Peu d'entretien<\/li>\n<li>LED de message d'erreur<\/li>\n<li>De 4 kg\/h \u00e0 45 kg\/h<\/li>\n<\/ul>\n<p><strong><br \/>\nCARACT\u00c9RISTIQUES DE BASE<\/strong><\/p>\n<ul>\n<li>Vapeur on\/off<\/li>\n<li>Dosage des odeurs on\/off<\/li>\n<li>Allumage\/extinction de l'\u00e9clairage<\/li>\n<li>R\u00e9glage de la temp\u00e9rature par potentiom\u00e8tre<\/li>\n<\/ul>\n<h4><strong><br \/>\nOPTIONS<\/strong><\/h4>\n<p><strong><br \/>\nCONTR\u00d4LE DU CLIMAT<\/strong><br \/>\nLe climat d'un hammam est diff\u00e9rent dans presque toutes les situations ; il d\u00e9pend non seulement de la taille de la cabine, mais aussi de la qualit\u00e9 de l'air.<br \/>\nmais aussi de l'humidit\u00e9 et de la temp\u00e9rature de la pi\u00e8ce. Pour cr\u00e9er un bain de vapeur optimal, vous pouvez<br \/>\nLes options ci-dessous constituent un bon compl\u00e9ment.<\/p>\n<p><strong>Vapeur d'eau<\/strong><br \/>\nDe l'air froid est ajout\u00e9 \u00e0 la vapeur pour faciliter le processus de vaporisation. Cela permet d'obtenir une<br \/>\ncondensation dans le bain de vapeur, ce qui cr\u00e9e un climat agr\u00e9able. De plus, la vapeur est plus loin dans la cabine<br \/>\nsouffl\u00e9 dans.<\/p>\n<p><strong>Contr\u00f4le de la temp\u00e9rature<\/strong><br \/>\nSi la temp\u00e9rature du bain de vapeur augmente rapidement jusqu'\u00e0 la temp\u00e9rature maximale r\u00e9gl\u00e9e, le g\u00e9n\u00e9rateur s'\u00e9teint.<br \/>\nLe climatiseur s'\u00e9teint, ce qui peut entra\u00eener une vaporisation irr\u00e9guli\u00e8re. Le climatiseur s'\u00e9teint au-del\u00e0 de la valeur r\u00e9gl\u00e9e.<br \/>\net utilise un ventilateur pour s'assurer que la temp\u00e9rature tombe en dessous de la temp\u00e9rature souhait\u00e9e. Ce syst\u00e8me<br \/>\nle g\u00e9n\u00e9rateur de vapeur se met en marche plus t\u00f4t et am\u00e8ne \u00e0 nouveau de la vapeur dans la cabine.<\/p>\n<p><strong>UltraSteam<\/strong><br \/>\nSi les bains de vapeur sont utilis\u00e9s en continu et que le point de condensation est \u00e9lev\u00e9, la vapeur visible sera moins importante.<br \/>\ndans la cabine. Le g\u00e9n\u00e9rateur Ultrasteam souffle un brouillard froid dans l'habitacle, abaissant le point de condensation.<br \/>\nce qui produit d'\u00e9pais nuages de vapeur. En plus de cet effet, l'utilisation de l'Ultrasteam abaisse temporairement la temp\u00e9rature.<br \/>\ndans la cabine, ce qui permet \u00e0 la vapeur d'eau de p\u00e9n\u00e9trer rapidement.<br \/>\nId\u00e9al \u00e9galement en combinaison avec la fonction Press for Steam, pour cr\u00e9er un bain de vapeur plein d'ar\u00f4mes agr\u00e9ables.<br \/>\ncr\u00e9er des nuages de vapeur \u00e0 la bonne temp\u00e9rature.<\/p>\n<p><strong><br \/>\nHYGI\u00c8NE<\/strong><\/p>\n<p><strong>Syst\u00e8me Clean Aqua (CAS)<\/strong><br \/>\nLe syst\u00e8me Clean Aqua permet de rincer les si\u00e8ges du bain de vapeur \u00e0 l'aide d'une buse.<br \/>\navec de l'eau. La cabine est alors pr\u00eate pour l'utilisateur suivant. Au bout d'un certain temps, le<br \/>\nle syst\u00e8me s'active automatiquement.<\/p>\n<p><strong><br \/>\nDOSAGE DU PARFUM<\/strong><\/p>\n<p><strong>Module multi-fragrances<\/strong><br \/>\nOutre le module \u00e0 parfum unique, il est \u00e9galement possible d'appliquer un module \u00e0 odeurs multiples. S'il y a<br \/>\nont besoin de changer r\u00e9guli\u00e8rement de parfum, cette option est facile \u00e0 utiliser (jusqu'\u00e0 3 parfums).<br \/>\nFacile \u00e0 r\u00e9gler via le panneau de commande externe, l'intensit\u00e9 et le choix du parfum.<\/p>\n<p><strong><br \/>\n\u00c9CONOMISER L'\u00c9NERGIE<\/strong><\/p>\n<p>C'est l'un des d\u00e9fis les plus importants de notre \u00e9poque : \u00e9conomiser l'\u00e9nergie. Tirer le meilleur parti du client<br \/>\nd'un bain de vapeur apaisant, tout en permettant au bain de vapeur de ne fonctionner qu'en cas de besoin. Pour r\u00e9aliser ce<br \/>\nPour ce faire, Cleopatra a d\u00e9velopp\u00e9 un certain nombre d'options d'\u00e9pargne.<br \/>\nGr\u00e2ce \u00e0 la fonction de veille et de pr\u00e9chauffage Cleopatra, vous \u00e9conomisez sur les co\u00fbts d'\u00e9nergie, sans avoir \u00e0 vous soucier de la qualit\u00e9 de l'air.<br \/>\nde devoir faire des compromis sur le confort et la qualit\u00e9 du processus de cuisson \u00e0 la vapeur.<\/p>\n<p><strong>Presser pour obtenir de la vapeur<\/strong><br \/>\nSi le bain de vapeur doit \u00eatre allum\u00e9 et \u00e9teint \u00e0 des heures irr\u00e9guli\u00e8res, le Press for Steam est une solution id\u00e9ale. Les<br \/>\nLe g\u00e9n\u00e9rateur de vapeur reste en veille \u00e0 une temp\u00e9rature de base ; en appuyant sur un bouton \u00e0 l'ext\u00e9rieur de la cabine, on obtient<br \/>\nle g\u00e9n\u00e9rateur sort du mode veille et d\u00e9marre imm\u00e9diatement la production de vapeur. Id\u00e9al pour les h\u00f4tels et les lieux o\u00f9<br \/>\nle nombre de visiteurs fluctue. Outre la consommation d'\u00e9nergie, cela permet \u00e9galement d'\u00e9conomiser sur la maintenance des g\u00e9n\u00e9rateurs.<\/p>\n<p><strong>Contr\u00f4le de la temp\u00e9rature<\/strong><\/p>\n<p>Pour r\u00e9g\u00e9n\u00e9rer la chaleur, la climatisation est une option id\u00e9ale. Au lieu de perdre de la chaleur par une bouche d'a\u00e9ration, elle veille \u00e0 ce que de l'air chaud soit encore souffl\u00e9 dans l'habitacle. Cela garantit une r\u00e9partition uniforme de la temp\u00e9rature dans l'habitacle.<\/p>\n<p><strong><br \/>\nMUSIQUE<\/strong><\/p>\n<p>Module Bluetooth<br \/>\nOutre la possibilit\u00e9 d'int\u00e9grer des haut-parleurs dans un bain de vapeur, il est \u00e9galement possible d'utiliser un module Bluetooth.<br \/>\n\u00e9couter de la musique. Il suffit de se connecter via un t\u00e9l\u00e9phone ou une tablette pour profiter de la musique d\u00e9sir\u00e9e.<br \/>\nmusique pr\u00e9f\u00e9r\u00e9e<\/p>\n<p><strong><br \/>\nPUISSANCE<\/strong><\/p>\n<ul>\n<li>11 mod\u00e8les de 4 kg\/h \u00e0 45 kg\/h<\/li>\n<\/ul>\n<p><strong><br \/>\nMANUEL<\/strong><\/p>\n<p>T\u00e9l\u00e9charger le <a href=\"https:\/\/cleopatra.nl\/wp-content\/uploads\/CLEOPATRA-VITAL-ELITE-PR-2024-DE-ENG-NL-90549014.pdf\">Manuel Elite pro<\/a><\/p>\n<p>&nbsp;<\/p>\n<h4>CATALOGUE<\/h4>\n<p>Pour le catalogue <a href=\"https:\/\/cleopatra.nl\/wp-content\/uploads\/BROCHURE-PROF-STOOM-2023-NL.pdf\" target=\"_blank\" rel=\"noopener\">cliquez ici<\/a>.<\/p>","protected":false},"excerpt":{"rendered":"<p>Le Cleo Vital pro, le successeur du Cleo Basic pro, est un g\u00e9n\u00e9rateur professionnel avec presque les m\u00eames composants que le Cleo Basic, mais avec de nouvelles commandes et capacit\u00e9s. Avec la nouvelle commande<br \/>\nLa maintenance et l'ajustement des param\u00e8tres sont devenus plus faciles. Le g\u00e9n\u00e9rateur Vital Pro peut \u00e9galement \u00eatre \u00e9quip\u00e9 d'un \u00e9cran tactile externe. Avec ce g\u00e9n\u00e9rateur de vapeur, vous pouvez<br \/>\ncomptez sur une excellente cuisson \u00e0 la vapeur, une longue dur\u00e9e de vie et un entretien facile.<\/p>","protected":false},"featured_media":6088,"template":"","format":"standard","meta":{"_acf_changed":false},"product_brand":[347],"product_cat":[81,71],"product_tag":[],"class_list":{"0":"post-6893","1":"product","2":"type-product","3":"status-publish","4":"format-standard","5":"has-post-thumbnail","7":"product_brand-cleopatra","8":"product_cat-stoomtechniek-professioneel","9":"product_cat-shop","11":"first","12":"instock","13":"taxable","14":"shipping-taxable","15":"purchasable","16":"product-type-simple"},"acf":[],"_links":{"self":[{"href":"https:\/\/cleopatra.nl\/fr\/wp-json\/wp\/v2\/product\/6893","targetHints":{"allow":["GET"]}}],"collection":[{"href":"https:\/\/cleopatra.nl\/fr\/wp-json\/wp\/v2\/product"}],"about":[{"href":"https:\/\/cleopatra.nl\/fr\/wp-json\/wp\/v2\/types\/product"}],"wp:featuredmedia":[{"embeddable":true,"href":"https:\/\/cleopatra.nl\/fr\/wp-json\/wp\/v2\/media\/6088"}],"wp:attachment":[{"href":"https:\/\/cleopatra.nl\/fr\/wp-json\/wp\/v2\/media?parent=6893"}],"wp:term":[{"taxonomy":"product_brand","embeddable":true,"href":"https:\/\/cleopatra.nl\/fr\/wp-json\/wp\/v2\/product_brand?post=6893"},{"taxonomy":"product_cat","embeddable":true,"href":"https:\/\/cleopatra.nl\/fr\/wp-json\/wp\/v2\/product_cat?post=6893"},{"taxonomy":"product_tag","embeddable":true,"href":"https:\/\/cleopatra.nl\/fr\/wp-json\/wp\/v2\/product_tag?post=6893"}],"curies":[{"name":"wp","href":"https:\/\/api.w.org\/{rel}","templated":true}]}}