{"id":6904,"date":"2024-04-14T11:38:03","date_gmt":"2024-04-14T09:38:03","guid":{"rendered":"https:\/\/cleopatra.nl\/?post_type=product&#038;p=6904"},"modified":"2026-04-26T21:18:56","modified_gmt":"2026-04-26T19:18:56","slug":"oregon-twin-pro-awc-2","status":"publish","type":"product","link":"https:\/\/cleopatra.nl\/fr\/shop\/oregon-twin-pro-awc\/","title":{"rendered":"Oregon Twin Pro | AWC"},"content":{"rendered":"<p>Cabine de bien-\u00eatre compacte et enti\u00e8rement automatis\u00e9e pour une utilisation professionnelle dans les piscines publiques, les parcs de vacances et les spas priv\u00e9s. Prendre <a href=\"https:\/\/cleopatra.nl\/fr\/contact\/\" target=\"_blank\" rel=\"noopener\">contacter<\/a> Contactez-nous pour plus d'informations.<\/p>\n<p><strong><br \/>\nCARACT\u00c9RISTIQUES<\/strong><\/p>\n<p>- Cabine int\u00e9gr\u00e9e en acrylique<br \/>\n- Cabine pour 2 personnes<br \/>\n- 2 places<br \/>\n- \u00c9quip\u00e9 d'un g\u00e9n\u00e9rateur de vapeur<br \/>\n- G\u00e9n\u00e9rateur de vapeur externe 3 kW. Le g\u00e9n\u00e9rateur de vapeur doit \u00eatre plac\u00e9 \u00e0 l'ext\u00e9rieur<br \/>\n- Y compris la hotte \u00e0 vapeur<br \/>\n- En option : presse pour la vapeur (contr\u00f4le de veille), terminal de paiement ou go\u00fbteur<\/p>\n<p><strong>COULEUR DU VERRE<\/strong><br \/>\n- Couleur du verre transparent, bronze ou gris fum\u00e9<\/p>\n<p><strong>SENS DE ROTATION DE LA PORTE<\/strong><br \/>\n- Les charni\u00e8res s'ouvrent vers l'avant \u00e0 droite ou \u00e0 gauche.<\/p>\n<p>Les cabines Delta line pro (cabines de bien-\u00eatre automatis\u00e9es) sont utilis\u00e9es depuis de nombreuses ann\u00e9es dans des piscines publiques, des parcs de vacances et des centres de remise en forme. Les cabines sont parfaitement hygi\u00e9niques gr\u00e2ce \u00e0 l'utilisation d'acrylique sanitaire et sont en outre renforc\u00e9es par du polyester, ce qui rend le produit extr\u00eamement durable.<\/p>\n<p>Ces cabines sont automatis\u00e9es et peuvent \u00eatre activ\u00e9es par l'introduction d'une pi\u00e8ce de monnaie, d'un bouton-poussoir ou d'un terminal de paiement. Elles sont id\u00e9ales si vous souhaitez offrir un service suppl\u00e9mentaire \u00e0 vos clients sans que l'installation soit en service toute la journ\u00e9e. Gr\u00e2ce \u00e0 un terminal de paiement, qui accepte un large \u00e9ventail de m\u00e9thodes de paiement, l'utilisateur peut simplement d\u00e9marrer la session. Gr\u00e2ce \u00e0 un syst\u00e8me de gestion de bureau, les recettes et l'utilisation peuvent \u00eatre facilement contr\u00f4l\u00e9es \u00e0 distance.<\/p>\n<h4>\nCABINES DE BIEN-\u00caTRE AUTOMATIS\u00c9ES<\/h4>\n<p>Les cabines de bien-\u00eatre automatis\u00e9es (AWC) passent par plusieurs \u00e9tapes afin que l'utilisateur puisse b\u00e9n\u00e9ficier d'une exp\u00e9rience optimale. Les \u00e9tapes, les composants et les horaires de la s\u00e9ance sont faciles \u00e0 d\u00e9finir. L'activation de la s\u00e9ance de vapeur se fait par un bouton-poussoir, un monnayeur ou un terminal de paiement (par pin ou t\u00e9l\u00e9phone). Ces cabines sont id\u00e9ales pour les piscines publiques, les parcs de vacances, etc. qui souhaitent offrir au client final un confort et un bien-\u00eatre suppl\u00e9mentaires sans avoir besoin d'un personnel permanent. Les paiements effectu\u00e9s via le terminal de paiement sont imm\u00e9diatement visibles, ce qui permet d'\u00eatre \u00e0 jour d'un point de vue administratif.<\/p>\n<p><strong><br \/>\nEXEMPLE DE PROCESSUS<\/strong><\/p>\n<p>S\u00e9ance d'activation : -&gt; vapeur -&gt; chromoth\u00e9rapie -&gt; aromath\u00e9rapie -&gt; douche -&gt; d\u00e9sinfection -&gt; fin de la s\u00e9ance.<\/p>\n<p><strong><br \/>\nACTIVER LA SESSION VAPEUR<\/strong><\/p>\n<p>Chaque version peut \u00eatre activ\u00e9e \u00e0 l'aide des trois m\u00e9thodes ci-dessous. Ces m\u00e9thodes sont pr\u00e9sent\u00e9es en option avec les cabines et doivent \u00eatre command\u00e9es s\u00e9par\u00e9ment.<br \/>\n- Appuyer pour obtenir de la vapeur<br \/>\n- Sonde de monnaie avec relais<br \/>\n- Terminal de paiement Nayax avec t\u00e9l\u00e9m\u00e9trie<\/p>\n<p><strong><br \/>\nCARACT\u00c9RISTIQUES<\/strong><\/p>\n<p>- Cabines en acrylique : renforc\u00e9es par du polyester<br \/>\n- 4 dimensions<br \/>\n- Verre de 8 mm clair, bronze ou gris<br \/>\n- Cadre de porte aluminium blanc<br \/>\n- S\u00e9ance de vapeur r\u00e9glable<\/p>\n<p>-Charni\u00e8res de porte \u00e0 l'avant \u00e0 gauche ou \u00e0 droite<br \/>\n- Drainage inclus<br \/>\n- Y compris la hotte \u00e0 vapeur<br \/>\n- Technologie de la vapeur externe<br \/>\n- Bouton-poussoir, accepteur de pi\u00e8ces ou terminal de paiement<\/p>\n<h3><strong><br \/>\nDELTA LINE VERSIONS PRO<\/strong><\/h3>\n<h4><strong><br \/>\nMISE EN \u0152UVRE ESSENTIELLE<\/strong><\/h4>\n<p><strong>CAB<\/strong><br \/>\n- Cabine en acrylique de haute qualit\u00e9 renforc\u00e9e par du polyester.<br \/>\n- Porte dans le cadre (blanc) - verre transparent.<br \/>\n- Drainage.<br \/>\n- Ventilation.<br \/>\n- Bo\u00eete de protection contre la vapeur avec autocollant d'avertissement<\/p>\n<p><strong>\u00c9CLAIRAGE<\/strong><br \/>\n- Eclairage LED blanc (2 pi\u00e8ces).<\/p>\n<p><strong>STOOM<\/strong><br \/>\n- G\u00e9n\u00e9rateur de vapeur \u00e0 \u00e9lectrodes Vital pro (3 kW - Colorado Twin uniquement = 4,5 kW)<br \/>\n- Aromath\u00e9rapie (dosage automatique 1 parfum)<\/p>\n<h4><strong><br \/>\nVERSION CONFORT<\/strong><\/h4>\n<p><strong>CAB<\/strong><br \/>\n- Cabine en acrylique de haute qualit\u00e9 renforc\u00e9e par du polyester.<br \/>\n- Porte dans le cadre (blanc) - verre transparent.<br \/>\n- Drainage.<br \/>\n- Ventilation.<br \/>\n- Bo\u00eete de protection contre la vapeur avec autocollant d'avertissement<\/p>\n<p><strong>\u00c9CLAIRAGE<\/strong><br \/>\n- Couleur de l'\u00e9clairage LED (2 pi\u00e8ces).<\/p>\n<p><strong>STOOM<\/strong><br \/>\n- G\u00e9n\u00e9rateur de vapeur \u00e0 \u00e9lectrodes Vital pro (3 kW - Colorado Twin 4,5 kW uniquement)<br \/>\n- Aromath\u00e9rapie (dosage automatique 1 parfum)<\/p>\n<p><strong>DOUCHE<\/strong><br \/>\n- Douche de toit 240 mm.<\/p>\n<p><strong>DESINFECTION<\/strong><br \/>\n- Syst\u00e8me Clean Aqua avec 2 buses<\/p>\n<h4>\nEX\u00c9CUTION COMPL\u00c8TE<\/h4>\n<p><strong>CAB<\/strong><br \/>\n- Cabine en acrylique de haute qualit\u00e9 renforc\u00e9e par du polyester.<br \/>\n- Porte dans le cadre (blanc) - verre transparent.<br \/>\n- Drainage.<br \/>\n- Ventilation.<br \/>\n- Bo\u00eete de protection contre la vapeur avec autocollant d'avertissement<\/p>\n<p><strong>\u00c9CLAIRAGE<\/strong><br \/>\n- Couleur de l'\u00e9clairage LED (2 pi\u00e8ces).<\/p>\n<p><strong>STOOM<\/strong><br \/>\n- G\u00e9n\u00e9rateur de vapeur \u00e0 \u00e9lectrodes Vital pro<br \/>\n(3 kW - Colorado Twin 4,5 kW uniquement)<br \/>\n- Aromath\u00e9rapie (dosage automatique de 2 parfums)<\/p>\n<p><strong>DOUCHE<\/strong><br \/>\n- Douche de toit 240 mm.<\/p>\n<p><strong>DESINFECTION<\/strong><br \/>\n- Syst\u00e8me Clean Aqua avec 2 buses<\/p>\n<p><strong>MUSIQUE<\/strong><br \/>\n- 2 haut-parleurs \u00e0 connecter \u00e0 la source sonore<\/p>\n<p><strong>CONTR\u00d4LE DU CLIMAT<\/strong><br \/>\n- Contr\u00f4le de la temp\u00e9rature par ventilateur<\/p>\n<h4>\nCATALOGUE<\/h4>\n<p>Plus d'informations et <a href=\"https:\/\/cleopatra.nl\/fr\/stoombaden\/delta-line-pro\/\">t\u00e9l\u00e9charger le catalogue<\/a><\/p>","protected":false},"excerpt":{"rendered":"<p>Cabine de bien-\u00eatre compacte et enti\u00e8rement automatis\u00e9e pour une utilisation professionnelle dans les piscines publiques, les parcs de vacances et les spas priv\u00e9s. Prendre <a href=\"https:\/\/cleopatra.nl\/fr\/contact\/\" target=\"_blank\" rel=\"noopener\">contacter<\/a> Contactez-nous pour plus d'informations.<\/p>","protected":false},"featured_media":6212,"template":"","format":"standard","meta":{"_acf_changed":false},"product_brand":[347],"product_cat":[71,281,280],"product_tag":[],"class_list":{"0":"post-6904","1":"product","2":"type-product","3":"status-publish","4":"format-standard","5":"has-post-thumbnail","7":"product_brand-cleopatra","8":"product_cat-shop","9":"product_cat-automated-wellness-cabines","10":"product_cat-delta-line-pro","12":"first","13":"onbackorder","14":"taxable","15":"shipping-taxable","16":"purchasable","17":"product-type-simple"},"acf":[],"_links":{"self":[{"href":"https:\/\/cleopatra.nl\/fr\/wp-json\/wp\/v2\/product\/6904","targetHints":{"allow":["GET"]}}],"collection":[{"href":"https:\/\/cleopatra.nl\/fr\/wp-json\/wp\/v2\/product"}],"about":[{"href":"https:\/\/cleopatra.nl\/fr\/wp-json\/wp\/v2\/types\/product"}],"wp:featuredmedia":[{"embeddable":true,"href":"https:\/\/cleopatra.nl\/fr\/wp-json\/wp\/v2\/media\/6212"}],"wp:attachment":[{"href":"https:\/\/cleopatra.nl\/fr\/wp-json\/wp\/v2\/media?parent=6904"}],"wp:term":[{"taxonomy":"product_brand","embeddable":true,"href":"https:\/\/cleopatra.nl\/fr\/wp-json\/wp\/v2\/product_brand?post=6904"},{"taxonomy":"product_cat","embeddable":true,"href":"https:\/\/cleopatra.nl\/fr\/wp-json\/wp\/v2\/product_cat?post=6904"},{"taxonomy":"product_tag","embeddable":true,"href":"https:\/\/cleopatra.nl\/fr\/wp-json\/wp\/v2\/product_tag?post=6904"}],"curies":[{"name":"wp","href":"https:\/\/api.w.org\/{rel}","templated":true}]}}