{"id":6917,"date":"2024-04-14T16:25:51","date_gmt":"2024-04-14T14:25:51","guid":{"rendered":"https:\/\/cleopatra.nl\/?post_type=product&#038;p=6917"},"modified":"2026-04-26T21:19:00","modified_gmt":"2026-04-26T19:19:00","slug":"zeta-line-model-5","status":"publish","type":"product","link":"https:\/\/cleopatra.nl\/fr\/shop\/zeta-line-model-4\/","title":{"rendered":"Ligne Zeta | mod\u00e8le 4"},"content":{"rendered":"<h3>MOD\u00c8LE DE LIGNE Z\u00caTA 4<\/h3>\n<p>&nbsp;<\/p>\n<p>Cabines encastr\u00e9es confortables fabriqu\u00e9es \u00e0 partir de panneaux isolants de haute qualit\u00e9, disponibles en diff\u00e9rentes couleurs et finitions. Les si\u00e8ges sont en acrylique, un plastique qui absorbe peu de chaleur et se nettoie facilement. Ces cabines n\u00e9cessitent peu d'entretien et conservent leur aspect luxueux pendant des ann\u00e9es. Gr\u00e2ce \u00e0 leur structure modulaire, les cabines peuvent \u00eatre personnalis\u00e9es si n\u00e9cessaire. Prendre <a href=\"https:\/\/cleopatra.nl\/fr\/contact\/\" target=\"_blank\" rel=\"noopener\">contacter<\/a> Contactez-nous pour plus d'informations.<\/p>\n<p>- Cabine en panneaux isolants et si\u00e8ge(s) en acrylique.<br \/>\n- Les murs, le toit et le si\u00e8ge sont enti\u00e8rement termin\u00e9s.<br \/>\n- 4 mod\u00e8les ; disponibles en 3 versions.<br \/>\n- Verre de 8 mm clair, bronze ou gris.<br \/>\n- Cadre de porte en aluminium blanc ou couleur RAL (suppl\u00e9ment).<br \/>\n- La porte pivote sur les charni\u00e8res avant \u00e0 gauche ou \u00e0 droite.<br \/>\n- Comprend un robinet thermostatique, une douchette et une barre coulissante.<br \/>\n- Cabine \u00e0 placer sur un sol fini.<br \/>\n- Technologie de vapeur externe.<\/p>\n<p>&nbsp;<\/p>\n<p><strong>MISE EN \u0152UVRE<\/strong><\/p>\n<p>&nbsp;<\/p>\n<p><strong>ZETA ESSENTIEL<\/strong><\/p>\n<p>CAB<br \/>\n- Cabine en panneaux isolants de haute qualit\u00e9.<br \/>\n- Porte dans le cadre (blanc) - verre transparent.<br \/>\n- Ventilation.<\/p>\n<p>DOUCHE<br \/>\n- Robinet thermostatique (1 fonction).<br \/>\n- Douchette et barre coulissante.<\/p>\n<p>\u00c9CLAIRAGE<br \/>\n- Eclairage LED blanc (2 pi\u00e8ces).<\/p>\n<p>STOOM<br \/>\n- Steam One g\u00e9n\u00e9rateur de vapeur avec commandes<br \/>\n- Aromath\u00e9rapie (dosage automatique 1 parfum).<br \/>\n- Entr\u00e9e de vapeur en plastique blanc, gris ou noir.<\/p>\n<p>&nbsp;<\/p>\n<p><strong>ZETA DELUXE<\/strong><\/p>\n<p>CAB<br \/>\n- Cabine en panneaux isolants de haute qualit\u00e9.<br \/>\n- Porte dans le cadre (blanc) - verre transparent.<br \/>\n- Ventilation.<\/p>\n<p>DOUCHE<br \/>\n- Robinet thermostatique (2 fonctions).<br \/>\n- Douchette et barre coulissante.<br \/>\n- Douche de toit 240 mm.<\/p>\n<p>\u00c9CLAIRAGE<br \/>\n- Couleur de l'\u00e9clairage LED (2 pi\u00e8ces).<\/p>\n<p>STOOM<br \/>\n- G\u00e9n\u00e9rateur de vapeur Steam Smart avec commandes<br \/>\n- Aromath\u00e9rapie (dosage automatique 1 parfum).<br \/>\n- Entr\u00e9e de vapeur en plastique blanc, gris ou noir.<\/p>\n<p>&nbsp;<\/p>\n<p><strong>ZETA EXCLUSIF<\/strong><\/p>\n<p>CAB<br \/>\n- Cabine en panneaux isolants de haute qualit\u00e9.<br \/>\n- Porte dans le cadre (blanc) - verre transparent.<br \/>\n- Ventilation.<\/p>\n<p>DOUCHE<br \/>\n- Robinet thermostatique (3 fonctions).<br \/>\n- Douchette et barre coulissante.<br \/>\n- Douche de toit 300 mm.<br \/>\n- Douche lat\u00e9rale graisse corporelle (6 pi\u00e8ces).<\/p>\n<p>\u00c9CLAIRAGE<br \/>\n- Couleur de l'\u00e9clairage LED (2 pi\u00e8ces).<\/p>\n<p>STOOM<br \/>\n- G\u00e9n\u00e9rateur de vapeur Steam Deluxe avec commandes<br \/>\n- Aromath\u00e9rapie (dosage automatique de 2 parfums).<br \/>\n- Entr\u00e9e de vapeur en plastique blanc, gris ou noir.<\/p>\n<p>MUSIQUE<br \/>\n- Module Bluetooth comprenant 2 haut-parleurs.<\/p>\n<p>&nbsp;<\/p>\n<p><strong>FEN\u00caTRE OPTIONNELLE<\/strong><\/p>\n<p>- 2050 x 500 mm | 2109 40 03<br \/>\n- 2050 x 1000 mm | 2109 40 10<\/p>\n<p>- 2050 x 1250 mm | 2109 40 15<\/p>\n<p>- 2050 x 1500 mm | 2109 40 20<\/p>\n<p>&nbsp;<\/p>\n<p><strong>TOIT ET SI\u00c8GE EN OPTION EN COULEUR RAL<\/strong><\/p>\n<p>Suppl\u00e9ment pour la couleur 2109 50 05<\/p>\n<p>&nbsp;<\/p>\n<p><strong>CATALOGUE<\/strong><\/p>\n<p>T\u00e9l\u00e9charger le <a href=\"https:\/\/cleopatra.nl\/wp-content\/uploads\/CLEOPATRA-STOOM-2023-NL.pdf\">catalogue<\/a><\/p>","protected":false},"excerpt":{"rendered":"<p>Cabines encastr\u00e9es confortables fabriqu\u00e9es \u00e0 partir de panneaux isolants de haute qualit\u00e9, disponibles en diff\u00e9rentes couleurs et finitions. Les si\u00e8ges sont en acrylique, un plastique qui absorbe peu de chaleur et se nettoie facilement. Ces cabines n\u00e9cessitent peu d'entretien et conservent leur aspect luxueux pendant des ann\u00e9es. Gr\u00e2ce \u00e0 leur structure modulaire, les cabines peuvent \u00eatre personnalis\u00e9es si n\u00e9cessaire. Prendre <a href=\"https:\/\/cleopatra.nl\/fr\/contact\/\" target=\"_blank\" rel=\"noopener\">contacter<\/a> Contactez-nous pour plus d'informations.<\/p>","protected":false},"featured_media":6151,"template":"","format":"standard","meta":{"_acf_changed":false},"product_brand":[347],"product_cat":[71,74,282],"product_tag":[],"class_list":{"0":"post-6917","1":"product","2":"type-product","3":"status-publish","4":"format-standard","5":"has-post-thumbnail","7":"product_brand-cleopatra","8":"product_cat-shop","9":"product_cat-douche-stoomcabines","10":"product_cat-zeta-line","12":"first","13":"onbackorder","14":"taxable","15":"shipping-taxable","16":"purchasable","17":"product-type-simple"},"acf":[],"_links":{"self":[{"href":"https:\/\/cleopatra.nl\/fr\/wp-json\/wp\/v2\/product\/6917","targetHints":{"allow":["GET"]}}],"collection":[{"href":"https:\/\/cleopatra.nl\/fr\/wp-json\/wp\/v2\/product"}],"about":[{"href":"https:\/\/cleopatra.nl\/fr\/wp-json\/wp\/v2\/types\/product"}],"wp:featuredmedia":[{"embeddable":true,"href":"https:\/\/cleopatra.nl\/fr\/wp-json\/wp\/v2\/media\/6151"}],"wp:attachment":[{"href":"https:\/\/cleopatra.nl\/fr\/wp-json\/wp\/v2\/media?parent=6917"}],"wp:term":[{"taxonomy":"product_brand","embeddable":true,"href":"https:\/\/cleopatra.nl\/fr\/wp-json\/wp\/v2\/product_brand?post=6917"},{"taxonomy":"product_cat","embeddable":true,"href":"https:\/\/cleopatra.nl\/fr\/wp-json\/wp\/v2\/product_cat?post=6917"},{"taxonomy":"product_tag","embeddable":true,"href":"https:\/\/cleopatra.nl\/fr\/wp-json\/wp\/v2\/product_tag?post=6917"}],"curies":[{"name":"wp","href":"https:\/\/api.w.org\/{rel}","templated":true}]}}