{"id":7000,"date":"2024-06-05T09:22:00","date_gmt":"2024-06-05T07:22:00","guid":{"rendered":"https:\/\/cleopatra.nl\/?post_type=product&#038;p=7000"},"modified":"2025-09-18T15:04:50","modified_gmt":"2025-09-18T13:04:50","slug":"hg-isiflexb-doucheslang-160-cm-chr","status":"publish","type":"product","link":"https:\/\/cleopatra.nl\/fr\/spare-parts\/hg-isiflexb-doucheslang-160-cm-chr\/","title":{"rendered":"Flexible de douche Isiflex B | Hansgrohe | 160 cm chrome"},"content":{"rendered":"<p>FLEXIBLE DE DOUCHE ISIFLEX 160 CM<\/p>\n<p>flexible de douche en plastique de haute qualit\u00e9<br \/>\npochette en plastique facile \u00e0 nettoyer<br \/>\nlongueur : 1,60 m<br \/>\npivotant du c\u00f4t\u00e9 de la douche pour \u00e9viter que le tuyau de douche ne se torde<br \/>\navec protection contre les courbures<\/p>","protected":false},"excerpt":{"rendered":"<p>Vous voulez savoir comment remplacer ce produit ? <a href=\"https:\/\/cleopatra.nl\/wp-content\/uploads\/28276000.pdf\" target=\"_blank\" rel=\"noopener\">Cliquez ensuite sur le manuel de service<\/a><\/p>","protected":false},"featured_media":7001,"template":"","format":"standard","meta":{"_acf_changed":false},"product_brand":[],"product_cat":[60,112,103],"product_tag":[],"class_list":{"0":"post-7000","1":"product","2":"type-product","3":"status-publish","4":"format-standard","5":"has-post-thumbnail","7":"product_cat-spare-parts","8":"product_cat-kraan-onderdelen","9":"product_cat-stoomcabine-onderdelen","11":"first","12":"instock","13":"taxable","14":"shipping-taxable","15":"purchasable","16":"product-type-simple"},"acf":[],"_links":{"self":[{"href":"https:\/\/cleopatra.nl\/fr\/wp-json\/wp\/v2\/product\/7000","targetHints":{"allow":["GET"]}}],"collection":[{"href":"https:\/\/cleopatra.nl\/fr\/wp-json\/wp\/v2\/product"}],"about":[{"href":"https:\/\/cleopatra.nl\/fr\/wp-json\/wp\/v2\/types\/product"}],"wp:featuredmedia":[{"embeddable":true,"href":"https:\/\/cleopatra.nl\/fr\/wp-json\/wp\/v2\/media\/7001"}],"wp:attachment":[{"href":"https:\/\/cleopatra.nl\/fr\/wp-json\/wp\/v2\/media?parent=7000"}],"wp:term":[{"taxonomy":"product_brand","embeddable":true,"href":"https:\/\/cleopatra.nl\/fr\/wp-json\/wp\/v2\/product_brand?post=7000"},{"taxonomy":"product_cat","embeddable":true,"href":"https:\/\/cleopatra.nl\/fr\/wp-json\/wp\/v2\/product_cat?post=7000"},{"taxonomy":"product_tag","embeddable":true,"href":"https:\/\/cleopatra.nl\/fr\/wp-json\/wp\/v2\/product_tag?post=7000"}],"curies":[{"name":"wp","href":"https:\/\/api.w.org\/{rel}","templated":true}]}}