{"id":7139,"date":"2024-06-21T11:28:53","date_gmt":"2024-06-21T09:28:53","guid":{"rendered":"https:\/\/cleopatra.nl\/?post_type=product&#038;p=7139"},"modified":"2025-09-22T11:01:19","modified_gmt":"2025-09-22T09:01:19","slug":"ph-magneetlijst-m6-transparant","status":"publish","type":"product","link":"https:\/\/cleopatra.nl\/fr\/uncategorized\/ph-magneetlijst-m6-transparant\/","title":{"rendered":"Bande magn\u00e9tique M6 porte | transparente"},"content":{"rendered":"<p>Ces bandes magn\u00e9tiques sont destin\u00e9es aux types de portes, y compris les portes M6 et les portes en verre sans profil.<\/p>\n<p>Le paquet comprend 2 cadres magn\u00e9tiques<\/p>","protected":false},"excerpt":{"rendered":"<p>Vous voulez savoir comment remplacer ce produit ? <a href=\"https:\/\/cleopatra.nl\/wp-content\/uploads\/98575000.pdf\" target=\"_blank\" rel=\"noopener\">Cliquez ensuite sur le manuel de service<\/a><\/p>","protected":false},"featured_media":7140,"template":"","format":"standard","meta":{"_acf_changed":false},"product_brand":[],"product_cat":[60,111,103],"product_tag":[],"class_list":{"0":"post-7139","1":"product","2":"type-product","3":"status-publish","4":"format-standard","5":"has-post-thumbnail","7":"product_cat-spare-parts","8":"product_cat-deuronderdelen","9":"product_cat-stoomcabine-onderdelen","11":"first","12":"instock","13":"taxable","14":"shipping-taxable","15":"purchasable","16":"product-type-simple"},"acf":[],"_links":{"self":[{"href":"https:\/\/cleopatra.nl\/fr\/wp-json\/wp\/v2\/product\/7139","targetHints":{"allow":["GET"]}}],"collection":[{"href":"https:\/\/cleopatra.nl\/fr\/wp-json\/wp\/v2\/product"}],"about":[{"href":"https:\/\/cleopatra.nl\/fr\/wp-json\/wp\/v2\/types\/product"}],"wp:featuredmedia":[{"embeddable":true,"href":"https:\/\/cleopatra.nl\/fr\/wp-json\/wp\/v2\/media\/7140"}],"wp:attachment":[{"href":"https:\/\/cleopatra.nl\/fr\/wp-json\/wp\/v2\/media?parent=7139"}],"wp:term":[{"taxonomy":"product_brand","embeddable":true,"href":"https:\/\/cleopatra.nl\/fr\/wp-json\/wp\/v2\/product_brand?post=7139"},{"taxonomy":"product_cat","embeddable":true,"href":"https:\/\/cleopatra.nl\/fr\/wp-json\/wp\/v2\/product_cat?post=7139"},{"taxonomy":"product_tag","embeddable":true,"href":"https:\/\/cleopatra.nl\/fr\/wp-json\/wp\/v2\/product_tag?post=7139"}],"curies":[{"name":"wp","href":"https:\/\/api.w.org\/{rel}","templated":true}]}}