{"id":7731,"date":"2024-10-09T12:10:46","date_gmt":"2024-10-09T10:10:46","guid":{"rendered":"https:\/\/cleopatra.nl\/?post_type=product&#038;p=7731"},"modified":"2026-04-26T21:18:56","modified_gmt":"2026-04-26T19:18:56","slug":"sauna-barrel-300-300-x-210-x-210-cm-2","status":"publish","type":"product","link":"https:\/\/cleopatra.nl\/fr\/shop\/saunas\/sauna-barrel-300-300-x-210-x-210-cm\/","title":{"rendered":"Tonneau de sauna 300 | 300 x 210 x 210 cm"},"content":{"rendered":"<h3>Sauna Barrel - 300 x 210 x 210 cm<\/h3>\n<p>Derri\u00e8re l'aspect traditionnel de ces saunas en tonneau se cache une merveilleuse exp\u00e9rience de sauna. Les saunas<br \/>\nLa combinaison du travail des ma\u00eetres sauniers, des mat\u00e9riaux de haute qualit\u00e9 et de la technologie de l'air est un atout majeur pour les sauniers.<br \/>\nLe po\u00eale \u00e0 sauna traditionnel chauff\u00e9 au bois offre un climat de sauna particuli\u00e8rement sain. Un po\u00eale<br \/>\nSauna relaxant pour tout le corps.<\/p>\n<p><strong>Durabilit\u00e9 et haute qualit\u00e9<\/strong><br \/>\nBardage en thermo-bois et mat\u00e9riaux int\u00e9rieurs de qualit\u00e9 sup\u00e9rieure, po\u00eale \u00e0 bois traditionnel,<br \/>\nfabriqu\u00e9s par des menuisiers exp\u00e9riment\u00e9s. Avec des ann\u00e9es d'exp\u00e9rience dans la production de saunas, vous \u00eates s\u00fbr d'avoir un produit de qualit\u00e9.<br \/>\nassur\u00e9 d'une exp\u00e9rience unique.<\/p>\n<p><strong>Respect de l'environnement<\/strong><br \/>\nMat\u00e9riaux durables et production efficace avec un minimum de d\u00e9chets.<\/p>\n<p><strong>Dimensions standard<\/strong><br \/>\nLes quatre mod\u00e8les sont disponibles en trois versions.<\/p>\n<p><strong>Facile \u00e0 (re)placer<\/strong><br \/>\nRenforts sp\u00e9ciaux pour le levage par grue, mais aussi pour le d\u00e9placement par chariot \u00e9l\u00e9vateur.<br \/>\nLes barils peuvent \u00eatre plac\u00e9s sur une surface pav\u00e9e.<\/p>\n<p><strong>Avantages<\/strong><br \/>\n- Fabriqu\u00e9 enti\u00e8rement en bois thermoform\u00e9.<br \/>\n- Traitement suppl\u00e9mentaire contre la salet\u00e9 et l'humidit\u00e9, \u00e0 l'int\u00e9rieur comme \u00e0 l'ext\u00e9rieur.<br \/>\n- Avec le souci du d\u00e9tail.<br \/>\n- Toit en bitume enti\u00e8rement recouvert (3 couches).<br \/>\n- Facile \u00e0 installer et \u00e0 entretenir.<br \/>\n- Po\u00eale \u00e0 bois robuste.<br \/>\n- Options suppl\u00e9mentaires pour une exp\u00e9rience unique.<\/p>\n<p><strong>Note<\/strong><br \/>\nSi vous pr\u00e9f\u00e9rez un po\u00eale \u00e9lectrique \u00e0 un po\u00eale \u00e0 bois, sachez que la temp\u00e9rature du po\u00eale \u00e9lectrique est plus \u00e9lev\u00e9e que celle du po\u00eale \u00e0 bois.<br \/>\nLes alimentations \u00e9lectriques requises (400V - 3N) sont disponibles. Pour l'option \u00e9clairage LED, une alimentation \u00e9lectrique de 230V<br \/>\nconnexion ad\u00e9quate.<\/p>\n<p><strong>Le catalogue peut \u00eatre t\u00e9l\u00e9charg\u00e9 ici : <a href=\"https:\/\/cleopatra.nl\/wp-content\/uploads\/CLEOPATRA-SAUNA-BARRELS-2024-web.pdf\">cliquez ici<\/a><\/strong><\/p>\n<h4><\/h4>\n<h4><strong>CARACT\u00c9RISTIQUES<\/strong><\/h4>\n<p><strong>Murs<\/strong><br \/>\nLa cabine est constitu\u00e9e de parois de 40 mm d'\u00e9paisseur, y compris \u00e0 l'avant et \u00e0 l'arri\u00e8re, uniquement thermoform\u00e9es.<br \/>\n\u00c9pic\u00e9a utilis\u00e9. Ce bois est \u00e9tuv\u00e9 sous vide \u00e0 215\u00b0 Celsius, ce qui lui conf\u00e8re la m\u00eame durabilit\u00e9.<br \/>\nen tant que bois dur de classe I, aucun produit chimique n'est utilis\u00e9, contrairement au bois impr\u00e9gn\u00e9.<br \/>\nLe choix a donc \u00e9t\u00e9 fait de laisser l'empreinte \u00e9cologique la plus faible possible, \u00e9galement certifi\u00e9e FSC.<br \/>\nEn d'autres termes, tout le bois utilis\u00e9 provient de for\u00eats bien g\u00e9r\u00e9es en Estonie.<\/p>\n<p><strong>Type de bois<\/strong><br \/>\nLa cabine est enti\u00e8rement construite en bois thermo, y compris le cadre de la porte, la construction en bois et les grilles de plancher.<br \/>\ngarantissent que le sauna est r\u00e9sistant et durable.<\/p>\n<p><strong>Hygi\u00e8ne<\/strong><br \/>\nLes parois int\u00e9rieures et les bancs sont en outre trait\u00e9s avec de la cire pour sauna, ce qui conf\u00e8re \u00e0 la cabine une protection suppl\u00e9mentaire contre l'humidit\u00e9 et la salet\u00e9.<br \/>\nprot\u00e8ge. L'ext\u00e9rieur du sauna est rev\u00eatu de l'huile protectrice Cetol de Sikkens, qui prot\u00e8ge contre la corrosion.<br \/>\ncontre la salet\u00e9 et rend la cabine encore plus durable. Chaque baril est livr\u00e9 avec une bouteille suppl\u00e9mentaire de 1 litre pour le nettoyage de la cabine.<br \/>\nmaintenance annuelle (peut \u00e9galement \u00eatre command\u00e9e s\u00e9par\u00e9ment)<\/p>\n<p><strong>Toiture<\/strong><br \/>\nLa toiture est constitu\u00e9e d'un simple bitume noir, un syst\u00e8me \u00e0 3 couches (premi\u00e8re couche de bitume en rouleau et ensuite<br \/>\n2 couches de sangles), des lattes de pluie ou des nez de goutti\u00e8re sont \u00e9galement fournis pour que le bois reste beau plus longtemps.<\/p>\n<p><strong>Canap\u00e9s<\/strong><br \/>\nLes bancs sont fabriqu\u00e9s en lattes extra-larges de thermo Abachi. Ce type de bois n'est pas conducteur de chaleur,<br \/>\nafin qu'il ne devienne pas trop chaud pour s'y asseoir ou s'y appuyer, nous les traitons \u00e9galement avec de la cire afin qu'ils ne se d\u00e9t\u00e9riorent pas.<br \/>\nles canap\u00e9s restent beaux plus longtemps et ne tirent pas sur les anneaux. Un dossier large et agr\u00e9able est fourni en standard.<br \/>\npour se d\u00e9tendre en s'appuyant sur les bancs. En option, un \u00e9clairage LED RVB peut \u00eatre install\u00e9 sous les bancs.<br \/>\npour ajouter un \u00e9l\u00e9ment atmosph\u00e9rique suppl\u00e9mentaire.<\/p>\n<p><strong>Dimensions<\/strong><br \/>\nLes cabines ont une longueur int\u00e9rieure extra-large de 2,2 m\u00e8tres (types 280 et 300) et de 2,6 m\u00e8tres (pour les types<br \/>\n320 et 340) de mani\u00e8re \u00e0 ce qu'il puisse s'allonger mais aussi s'asseoir confortablement.<\/p>\n<p><strong>Auto-assemblage ou pr\u00e9-assemblage<\/strong><br \/>\nDe s\u00e9rie, l'habitacle est livr\u00e9 en kit, avec un bon manuel et tous les accessoires n\u00e9cessaires.<br \/>\npi\u00e8ces d'assemblage (1 jour de travail \u00e0 2 personnes). Vous pouvez \u00e9galement opter pour une version pr\u00e9fabriqu\u00e9e.<br \/>\ncab pr\u00e9-assembl\u00e9e en usine. Il ne vous reste plus qu'\u00e0 monter la partie ext\u00e9rieure de la chemin\u00e9e et \u00e0 la mettre en place.<br \/>\nplacer les pierres du sauna sur le po\u00eale. Le sauna est alors pr\u00eat en un peu moins d'une heure.<\/p>","protected":false},"excerpt":{"rendered":"<p>Sauna Barrel | 300 x 210 x 210 cm Achter het traditionele uiterlijk van deze barrel sauna\u2019s schuilt een heerlijke sauna ervaring. De combinatie van het vakkundige werk van saunameesters, hoogwaardige materialen en traditionele hout gestookte sauna kachel zorgt voor een uniek gezond saunaklimaat. Een diep ontspannende sauna ervaring voor het hele lichaam. Duurzaamheid &amp; [&hellip;]<\/p>\n","protected":false},"featured_media":7732,"template":"","format":"standard","meta":{"_acf_changed":false},"product_brand":[347],"product_cat":[271,283],"product_tag":[],"class_list":{"0":"post-7731","1":"product","2":"type-product","3":"status-publish","4":"format-standard","5":"has-post-thumbnail","7":"product_brand-cleopatra","8":"product_cat-saunas","9":"product_cat-buitensaunas","11":"first","12":"onbackorder","13":"taxable","14":"shipping-taxable","15":"purchasable","16":"product-type-simple"},"acf":[],"_links":{"self":[{"href":"https:\/\/cleopatra.nl\/fr\/wp-json\/wp\/v2\/product\/7731","targetHints":{"allow":["GET"]}}],"collection":[{"href":"https:\/\/cleopatra.nl\/fr\/wp-json\/wp\/v2\/product"}],"about":[{"href":"https:\/\/cleopatra.nl\/fr\/wp-json\/wp\/v2\/types\/product"}],"wp:featuredmedia":[{"embeddable":true,"href":"https:\/\/cleopatra.nl\/fr\/wp-json\/wp\/v2\/media\/7732"}],"wp:attachment":[{"href":"https:\/\/cleopatra.nl\/fr\/wp-json\/wp\/v2\/media?parent=7731"}],"wp:term":[{"taxonomy":"product_brand","embeddable":true,"href":"https:\/\/cleopatra.nl\/fr\/wp-json\/wp\/v2\/product_brand?post=7731"},{"taxonomy":"product_cat","embeddable":true,"href":"https:\/\/cleopatra.nl\/fr\/wp-json\/wp\/v2\/product_cat?post=7731"},{"taxonomy":"product_tag","embeddable":true,"href":"https:\/\/cleopatra.nl\/fr\/wp-json\/wp\/v2\/product_tag?post=7731"}],"curies":[{"name":"wp","href":"https:\/\/api.w.org\/{rel}","templated":true}]}}