{"id":8162,"date":"2025-01-07T15:28:42","date_gmt":"2025-01-07T14:28:42","guid":{"rendered":"https:\/\/cleopatra.nl\/?post_type=product&#038;p=8162"},"modified":"2026-04-26T21:18:53","modified_gmt":"2026-04-26T19:18:53","slug":"cleopatra-ijsbad-ovaal-160x80x73cm","status":"publish","type":"product","link":"https:\/\/cleopatra.nl\/fr\/shop\/ijsbaden\/cleopatra-ijsbad-ovaal-160x80x73cm\/","title":{"rendered":"Cleopatra Ice bath oval | 160x80x73cm"},"content":{"rendered":"<h4>BAIN DE GLACE POUR UNE R\u00c9CUP\u00c9RATION OPTIMALE<\/h4>\n<p>La th\u00e9rapie par immersion dans le froid n'a jamais \u00e9t\u00e9 aussi simple. Voici le bain de glace Cleopatra, qui refroidit \u00e0 une temp\u00e9rature ambiante de 2 \u00e0 4 \u00b0C en 3 \u00e0 4 heures. Le syst\u00e8me est facile \u00e0 installer et tr\u00e8s convivial. Con\u00e7u pour votre r\u00e9tablissement, le bain de glace Cleopatra offre performance et durabilit\u00e9 sans les inconv\u00e9nients. Gr\u00e2ce \u00e0 son puissant syst\u00e8me de refroidissement, \u00e0 son installation facile et \u00e0 son syst\u00e8me de filtre autonettoyant int\u00e9gr\u00e9, il rend la th\u00e9rapie par immersion dans le froid simple et efficace. Ce bain de glace Cleopatra est synonyme de r\u00e9cup\u00e9ration rafra\u00eechissante l\u00e0 o\u00f9 vous en avez besoin.<\/p>\n<p>Vous pouvez t\u00e9l\u00e9charger la brochure <a href=\"https:\/\/cleopatra.nl\/wp-content\/uploads\/CLEOPATRA-ICE-BATHS-2025.pdf\">ici<\/a> t\u00e9l\u00e9charger.<\/p>\n<h4>PROPRI\u00c9T\u00c9S DU PRODUIT<\/h4>\n<p>- Performance de refroidissement : jusqu'\u00e0 2-4\u00b0C en 3-4 heures \u00e0 temp\u00e9rature ambiante<br \/>\n- Chauffage : jusqu'\u00e0 43\u00b0C en 3-4 heures \u00e0 temp\u00e9rature ambiante<br \/>\n- Pratique : pas besoin de glace<br \/>\n- Polyvalent : convient \u00e0 l'int\u00e9rieur et \u00e0 l'ext\u00e9rieur<br \/>\n- Durable : bo\u00eetier r\u00e9sistant \u00e0 l'usure en acier anodis\u00e9<br \/>\n- Niveau sonore : tr\u00e8s faible niveau sonore<br \/>\n- Auto-nettoyage : syst\u00e8me de filtrage avanc\u00e9<br \/>\n- Facilit\u00e9 d'utilisation : mise en place rapide<br \/>\n- Con\u00e7u et d\u00e9velopp\u00e9 aux Pays-Bas<\/p>\n<h4>EN QUOI CONSISTE CE PRODUIT ?<\/h4>\n<p>Le syst\u00e8me se compose de deux parties :<br \/>\n1. L'unit\u00e9 de refroidissement de 1 CV est construite avec un bo\u00eetier robuste en acier anodis\u00e9 et dispose d'un syst\u00e8me de purification \u00e0 l'ozone, d'une filtration de 20 microns et d'un filtre \u00e0 cheveux. Il est dot\u00e9 d'un \u00e9cran tactile et peut \u00eatre facilement utilis\u00e9.<\/p>\n<p>2. Baignoire gonflable : Elle est fabriqu\u00e9e en Drop stitch, un mat\u00e9riau qui permet de r\u00e9aliser des structures gonflables avec 100% des surfaces planes. Cela les rend beaucoup plus rigides et fermes. Il s'agit d'assembler deux pi\u00e8ces externes de mat\u00e9riau \u00e0 l'aide de milliers de fils fins de polyester \u00e9troitement tiss\u00e9s ensemble. Lorsque vous ajoutez de l'air, les fils sont tendus, ce qui cr\u00e9e une surface ferme.<\/p>\n<h4>COMMENT CELA FONCTIONNE-T-IL ?<\/h4>\n<p>Un bain froid en 4 \u00e9tapes seulement !<br \/>\n1. Gonfler le bain et raccorder les tuyaux au refroidisseur.<br \/>\n2. Remplir la baignoire d'eau<br \/>\n3. Mettre le syst\u00e8me sous tension<br \/>\n4. Refroidir \u00e0 2-4\u00b0C en 3-4 heures (\u00e0 temp\u00e9rature ambiante)<\/p>\n<p>&nbsp;<\/p>\n<h4>L'AUTO-REINING<\/h4>\n<p>Le syst\u00e8me consiste en un nettoyage en trois \u00e9tapes : en filtrant progressivement les particules les plus grosses jusqu'aux plus petites, en \u00e9radiquant les bact\u00e9ries et les virus.<br \/>\n1. Pr\u00e9filtre : il retient les cheveux, les s\u00e9diments et les peluches.<br \/>\n2. Filtre \u00e0 eau : purifie l'eau de la poussi\u00e8re et des petites particules.<br \/>\n3. Ozonateur : appliqu\u00e9 \u00e0 l'eau filtr\u00e9e \u00e0 l'\u00e9tape finale, il tue toutes les bact\u00e9ries et tous les virus.<\/p>\n<h4>PENSEZ-Y !<\/h4>\n<p>Pr\u00eat \u00e0 \u00eatre utilis\u00e9 \u00e0 l'int\u00e9rieur et \u00e0 l'ext\u00e9rieur :<br \/>\nClass\u00e9 IPX4 (\u00e9tanch\u00e9it\u00e9 \u00e0 l'eau et \u00e0 la poussi\u00e8re), le syst\u00e8me Cleopatra Cold Plunge est con\u00e7u pour r\u00e9sister \u00e0 de nombreuses conditions. Vous pouvez le placer sur votre balcon, dans votre jardin ou \u00e0 l'int\u00e9rieur. Son design \u00e9l\u00e9gant et moderne s'adapte \u00e0 tous les int\u00e9rieurs et ext\u00e9rieurs. Profitez des bienfaits de la th\u00e9rapie par immersion dans le froid o\u00f9 que vous soyez !<\/p>\n<p>&nbsp;<\/p>\n<h4>POURQUOI PRENDRE UN BAIN GLAC\u00c9 ?<\/h4>\n<ul>\n<li><strong>R\u00e9cup\u00e9ration optimale<\/strong><br \/>\nLes bains de glace offrent de nombreux avantages pour la sant\u00e9, notamment en mati\u00e8re de r\u00e9cup\u00e9ration et de bien-\u00eatre. Voici quelques-uns de ces effets :<\/li>\n<li><strong>R\u00e9cup\u00e9ration musculaire<\/strong><br \/>\nL'immersion dans l'eau froide aide \u00e0 r\u00e9duire la douleur et l'inflammation musculaires en resserrant les vaisseaux sanguins, ce qui peut contribuer \u00e0 une r\u00e9cup\u00e9ration plus rapide apr\u00e8s un exercice intense ou une activit\u00e9 physique.<\/li>\n<li><strong>R\u00e9duction de l'inflammation<\/strong><br \/>\nLa temp\u00e9rature froide r\u00e9duit l'inflammation des tissus, ce qui peut \u00eatre b\u00e9n\u00e9fique apr\u00e8s une s\u00e9ance d'entra\u00eenement, une blessure ou une intervention chirurgicale, favorisant ainsi une gu\u00e9rison plus rapide.<\/li>\n<li><strong>Am\u00e9lioration de la circulation sanguine<\/strong><br \/>\nL'exposition au froid provoque la contraction des vaisseaux sanguins et leur dilatation \u00e0 la sortie du bain de glace, am\u00e9liorant ainsi le flux sanguin et la circulation, ce qui favorise l'apport de nutriments aux muscles.<\/li>\n<li><strong>R\u00e9duction de la fatigue<\/strong><br \/>\nEn r\u00e9duisant l'accumulation d'acide lactique et en minimisant la fatigue musculaire, les bains de glace peuvent am\u00e9liorer les performances athl\u00e9tiques et permettre une meilleure endurance pendant l'activit\u00e9 physique.<\/li>\n<li><strong>R\u00e9silience mentale<\/strong><br \/>\nLe d\u00e9fi que repr\u00e9sente le fait d'endurer des temp\u00e9ratures froides peut am\u00e9liorer la r\u00e9sistance mentale et la r\u00e9silience, ce qui permet de mieux g\u00e9rer le stress dans d'autres domaines de la vie.<\/li>\n<li><strong>Am\u00e9lioration de l'immunit\u00e9<\/strong><br \/>\nL'immersion r\u00e9guli\u00e8re dans l'eau froide a \u00e9t\u00e9 associ\u00e9e \u00e0 des am\u00e9liorations du syst\u00e8me immunitaire, r\u00e9duisant potentiellement le risque de certaines maladies.<\/li>\n<li><strong>Soulagement de la douleur<\/strong><br \/>\nLes bains de glace peuvent soulager temporairement la douleur en engourdissant les terminaisons nerveuses et en r\u00e9duisant la perception de la douleur dans les muscles et les articulations.<\/li>\n<\/ul>\n<p>&nbsp;<\/p>\n<p>&nbsp;<\/p>\n<h4><strong>SP\u00c9CIFICATIONS TECHNIQUES<\/strong><\/h4>\n<h4>Sp\u00e9cifications du bain de glace :<\/h4>\n<ul>\n<li>Dimensions : 160 x 80 x 73 cm<\/li>\n<li>Mati\u00e8re : tissu \u00e0 points nou\u00e9s (tissu double face)<\/li>\n<li>Gonflable<\/li>\n<li>Comprend : couvercle, pompe \u00e0 main, sac de rangement, kit de r\u00e9paration.<\/li>\n<li>Capacit\u00e9 : 370 litres<\/li>\n<li>Poids (\u00e0 vide) : 16 kg<\/li>\n<\/ul>\n<p>&nbsp;<\/p>\n<h4>Sp\u00e9cifications du refroidisseur :<\/h4>\n<ul>\n<li>Capacit\u00e9 de refroidissement : 1 HP (2500W)<\/li>\n<li>Puissance \u00e9lectrique : 1100W (8.7A)<\/li>\n<li>R\u00e9frig\u00e9rant : R32<\/li>\n<li>Tension de raccordement : 230V - 50\/60Hz<\/li>\n<li>Niveau sonore : 48 dBA<\/li>\n<li>Il est \u00e9galement possible d'augmenter la temp\u00e9rature en hiver pour profiter de l'eau chaude (max. 40 degr\u00e9s Celsius).<\/li>\n<\/ul>\n<p>&nbsp;<\/p>\n<p><em>* tout d\u00e9pend bien s\u00fbr de la temp\u00e9rature ext\u00e9rieure, par exemple de 24 degr\u00e9s Celsius \u00e0 4 degr\u00e9s Celsius.<\/em><\/p>","protected":false},"excerpt":{"rendered":"<p>IJSBAD VOOR OPTIMAAL HERSTEL Koude immersietherapie is nog nooit zo eenvoudig geweest. Maak kennis met de Cleopatra IJsbaden, die bij kamertemperatuur in 3 tot 4 uur afkoelt tot een frisse 2-4 \u00b0 C. Het systeem is eenvoudig in te stellen en zeer gebruiksvriendelijk. Het Cleopatra Ice Bath is ontworpen met uw herstel in gedachten en [&hellip;]<\/p>\n","protected":false},"featured_media":8165,"template":"","format":"standard","meta":{"_acf_changed":false},"product_brand":[347],"product_cat":[295],"product_tag":[],"class_list":{"0":"post-8162","1":"product","2":"type-product","3":"status-publish","4":"format-standard","5":"has-post-thumbnail","7":"product_brand-cleopatra","8":"product_cat-ijsbaden","10":"first","11":"instock","12":"taxable","13":"shipping-taxable","14":"purchasable","15":"product-type-simple"},"acf":[],"_links":{"self":[{"href":"https:\/\/cleopatra.nl\/fr\/wp-json\/wp\/v2\/product\/8162","targetHints":{"allow":["GET"]}}],"collection":[{"href":"https:\/\/cleopatra.nl\/fr\/wp-json\/wp\/v2\/product"}],"about":[{"href":"https:\/\/cleopatra.nl\/fr\/wp-json\/wp\/v2\/types\/product"}],"wp:featuredmedia":[{"embeddable":true,"href":"https:\/\/cleopatra.nl\/fr\/wp-json\/wp\/v2\/media\/8165"}],"wp:attachment":[{"href":"https:\/\/cleopatra.nl\/fr\/wp-json\/wp\/v2\/media?parent=8162"}],"wp:term":[{"taxonomy":"product_brand","embeddable":true,"href":"https:\/\/cleopatra.nl\/fr\/wp-json\/wp\/v2\/product_brand?post=8162"},{"taxonomy":"product_cat","embeddable":true,"href":"https:\/\/cleopatra.nl\/fr\/wp-json\/wp\/v2\/product_cat?post=8162"},{"taxonomy":"product_tag","embeddable":true,"href":"https:\/\/cleopatra.nl\/fr\/wp-json\/wp\/v2\/product_tag?post=8162"}],"curies":[{"name":"wp","href":"https:\/\/api.w.org\/{rel}","templated":true}]}}