{"id":8360,"date":"2025-03-03T11:56:08","date_gmt":"2025-03-03T10:56:08","guid":{"rendered":"https:\/\/cleopatra.nl\/?post_type=product&#038;p=8360"},"modified":"2026-04-26T08:55:42","modified_gmt":"2026-04-26T06:55:42","slug":"registratiekaart","status":"publish","type":"product","link":"https:\/\/cleopatra.nl\/fr\/spare-parts\/analyse-bezoek\/registratiekaart\/","title":{"rendered":"Carte d'enregistrement du consommateur"},"content":{"rendered":"<p>Vous avez un produit Cleopatra dont vous ne connaissez pas l'historique de maintenance ? Et vous n'avez pas d'abonnement de maintenance ? Dans ce cas, n'oubliez pas que nous devons d'abord enregistrer l'installation dans notre syst\u00e8me avant de pouvoir vous aider. L'enregistrement comprend : la recherche de la date de production, du num\u00e9ro de s\u00e9rie et de la version. En outre, nous devons \u00e9valuer, sur la base de photos, si et comment nous pouvons assurer la maintenance de votre produit Cleopatra.<\/p>\n<p>Il se peut que nous ne soyons pas en mesure de le r\u00e9parer pour des raisons techniques ou en raison de l'\u00e2ge du produit.<\/p>\n<p>&nbsp;<\/p>","protected":false},"excerpt":{"rendered":"<p>Heeft u een Cleopatra product waar u de onderhoudsgeschiedenis niet van kent? En heeft u geen onderhoudsabonnement? Hou er dan rekening mee dat we eerst de installatie moeten registeren in ons systeem voordat we u verder kunnen helpen. De registratie omvat: traceren van de productiedatum, serienummer en uitvoering. Daarnaast dienen we op basis van foto&#8217;s [&hellip;]<\/p>\n","protected":false},"featured_media":8247,"template":"","format":"standard","meta":{"_acf_changed":false},"product_brand":[347],"product_cat":[297],"product_tag":[],"class_list":{"0":"post-8360","1":"product","2":"type-product","3":"status-publish","4":"format-standard","5":"has-post-thumbnail","7":"product_brand-cleopatra","8":"product_cat-analyse-bezoek","9":"product_shipping_class-gratis-verzending","11":"first","12":"instock","13":"sold-individually","14":"taxable","15":"shipping-taxable","16":"purchasable","17":"product-type-simple"},"acf":[],"_links":{"self":[{"href":"https:\/\/cleopatra.nl\/fr\/wp-json\/wp\/v2\/product\/8360","targetHints":{"allow":["GET"]}}],"collection":[{"href":"https:\/\/cleopatra.nl\/fr\/wp-json\/wp\/v2\/product"}],"about":[{"href":"https:\/\/cleopatra.nl\/fr\/wp-json\/wp\/v2\/types\/product"}],"wp:featuredmedia":[{"embeddable":true,"href":"https:\/\/cleopatra.nl\/fr\/wp-json\/wp\/v2\/media\/8247"}],"wp:attachment":[{"href":"https:\/\/cleopatra.nl\/fr\/wp-json\/wp\/v2\/media?parent=8360"}],"wp:term":[{"taxonomy":"product_brand","embeddable":true,"href":"https:\/\/cleopatra.nl\/fr\/wp-json\/wp\/v2\/product_brand?post=8360"},{"taxonomy":"product_cat","embeddable":true,"href":"https:\/\/cleopatra.nl\/fr\/wp-json\/wp\/v2\/product_cat?post=8360"},{"taxonomy":"product_tag","embeddable":true,"href":"https:\/\/cleopatra.nl\/fr\/wp-json\/wp\/v2\/product_tag?post=8360"}],"curies":[{"name":"wp","href":"https:\/\/api.w.org\/{rel}","templated":true}]}}