{"id":8402,"date":"2025-03-20T14:46:14","date_gmt":"2025-03-20T13:46:14","guid":{"rendered":"https:\/\/cleopatra.nl\/?post_type=product&#038;p=8402"},"modified":"2026-04-26T21:18:57","modified_gmt":"2026-04-26T19:18:57","slug":"scent-diffuser-cleo-600s","status":"publish","type":"product","link":"https:\/\/cleopatra.nl\/fr\/shop\/aroma-diffuser\/scent-diffuser-cleo-600s\/","title":{"rendered":"Diffuseur de parfum | Cleo600S"},"content":{"rendered":"<p>Ce diffuseur permet de faire \u00e9vaporer les huiles essentielles par un moyen efficace pour les faire p\u00e9n\u00e9trer dans la pi\u00e8ce. Il est silencieux et extr\u00eamement efficace car le dosage peut \u00eatre ajust\u00e9 avec pr\u00e9cision. Il peut \u00eatre utilis\u00e9, par exemple, dans un espace de bureau, \u00e0 la r\u00e9ception, dans les espaces de bien-\u00eatre, etc.<\/p>\n<p>Le diffuseur d'ar\u00f4mes Cleo 600S convient pour des pi\u00e8ces allant jusqu'\u00e0 600 M3 et\/ou 200 M2.<\/p>\n<p>&nbsp;<\/p>\n<p><strong>MANUEL<\/strong><\/p>\n<p>Vous pouvez t\u00e9l\u00e9charger le manuel <strong><a href=\"https:\/\/cleopatra.nl\/wp-content\/uploads\/90549030-Cleopatra-Scent-Diffuser-1.pdf\">t\u00e9l\u00e9charger ici<\/a><\/strong><\/p>\n<p>&nbsp;<\/p>\n<p><strong>CARACT\u00c9RISTIQUES<\/strong><\/p>\n<p>Dimensions : 190 x 23 x 80 mm<\/p>\n<p>Poids : 3 kg<\/p>\n<p>Capacit\u00e9 du flacon : 150 ml<\/p>\n<p>Mat\u00e9riau : m\u00e9tal et acrylique<\/p>\n<p>Couleur : noir<\/p>\n<p>Tension : 12 V<\/p>\n<p>Puissance : 6,5 W<\/p>\n<p>Consommation : 1,8 ml\/h<\/p>\n<p>Fonctionnement : bouton \/ app<\/p>\n<p>&nbsp;<\/p>","protected":false},"excerpt":{"rendered":"<p>Deze diffuser is geschikt om etherische oli\u00ebn via effectieve wijze te verdampen en zo in de ruimte te brengen. Fluisterzacht en uitermate effici\u00ebnt doordat de dosering fijn kan worden ingesteld. Kan gebruikt worden in bijvoorbeeld een kantoorruimte, bij een receptiebalie, wellness ruimtes, etc. De aroma diffuser Cleo 600S is geschikt voor ruimtes: tot 600 M3 [&hellip;]<\/p>\n","protected":false},"featured_media":8406,"template":"","format":"standard","meta":{"_acf_changed":false},"product_brand":[347],"product_cat":[298,330],"product_tag":[],"class_list":{"0":"post-8402","1":"product","2":"type-product","3":"status-publish","4":"format-standard","5":"has-post-thumbnail","7":"product_brand-cleopatra","8":"product_cat-cleopatra-scents","9":"product_cat-scent_diffusers","11":"first","12":"instock","13":"taxable","14":"shipping-taxable","15":"purchasable","16":"product-type-simple"},"acf":[],"_links":{"self":[{"href":"https:\/\/cleopatra.nl\/fr\/wp-json\/wp\/v2\/product\/8402","targetHints":{"allow":["GET"]}}],"collection":[{"href":"https:\/\/cleopatra.nl\/fr\/wp-json\/wp\/v2\/product"}],"about":[{"href":"https:\/\/cleopatra.nl\/fr\/wp-json\/wp\/v2\/types\/product"}],"wp:featuredmedia":[{"embeddable":true,"href":"https:\/\/cleopatra.nl\/fr\/wp-json\/wp\/v2\/media\/8406"}],"wp:attachment":[{"href":"https:\/\/cleopatra.nl\/fr\/wp-json\/wp\/v2\/media?parent=8402"}],"wp:term":[{"taxonomy":"product_brand","embeddable":true,"href":"https:\/\/cleopatra.nl\/fr\/wp-json\/wp\/v2\/product_brand?post=8402"},{"taxonomy":"product_cat","embeddable":true,"href":"https:\/\/cleopatra.nl\/fr\/wp-json\/wp\/v2\/product_cat?post=8402"},{"taxonomy":"product_tag","embeddable":true,"href":"https:\/\/cleopatra.nl\/fr\/wp-json\/wp\/v2\/product_tag?post=8402"}],"curies":[{"name":"wp","href":"https:\/\/api.w.org\/{rel}","templated":true}]}}