{"id":8435,"date":"2025-03-22T17:04:18","date_gmt":"2025-03-22T16:04:18","guid":{"rendered":"https:\/\/cleopatra.nl\/?post_type=product&#038;p=8435"},"modified":"2026-04-26T21:18:55","modified_gmt":"2026-04-26T19:18:55","slug":"kubus-line-classic-xxl-210x575x248-cm","status":"publish","type":"product","link":"https:\/\/cleopatra.nl\/fr\/shop\/saunas\/kubus-line-classic-xxl-210x575x248-cm\/","title":{"rendered":"Cube line Classic XXL | 575x205x248 cm"},"content":{"rendered":"<h3>Cube line Classic XXL | 575x205x248 cm<\/h3>\n<p>Si vous \u00eates \u00e0 la recherche d'un sauna moderne et minimaliste \"pr\u00eat \u00e0 l'emploi\" pour votre jardin, Kubus Classic est exactement ce qu'il vous faut. La combinaison d'un style classique avec de beaux mat\u00e9riaux, un design fonctionnel et le travail expert des ma\u00eetres artisans de Cleopatra garantissent une exp\u00e9rience de sauna de haute qualit\u00e9.<\/p>\n<p>Ajoutez le po\u00eale avec le dispositif unique de climatisation Saunsation et votre sauna se transforme en un sauna 5 en 1 apaisant.<br \/>\nUn spa \u00e0 domicile qui offre une exp\u00e9rience de sauna in\u00e9gal\u00e9e. Lorsque la vapeur est m\u00e9lang\u00e9e \u00e0 de l'air doux et riche en oxyg\u00e8ne, elle devient plus douce, ce qui vous permet de respirer plus facilement. Vous pouvez donc vous d\u00e9tendre tout simplement en profitant de l'exp\u00e9rience classique du sauna \u00e0 vapeur ou choisir entre un sauna \u00e0 ions de sel, un sauna \u00e0 vapeur douce, un sauna de relaxation ou un sauna aromatique.<\/p>\n<p>La fen\u00eatre et la porte sont en aluminium et la porte peut \u00eatre verrouill\u00e9e \u00e0 l'aide d'une cl\u00e9.<\/p>\n<h4><strong>CAPACIT\u00c9<\/strong><\/h4>\n<p>Dimensions ext\u00e9rieures 210x575x248 cm - 3 \u00e0 4 personnes<\/p>\n<p>&nbsp;<\/p>\n<h4><strong>NOTE<\/strong><\/h4>\n<p>Il s'agit d'un sauna pr\u00eat \u00e0 l'emploi, livr\u00e9 enti\u00e8rement assembl\u00e9. Les anneaux de levage sur le dessus de ce sauna ext\u00e9rieur permettent de le placer facilement sur une surface solide. Branchez l'\u00e9lectricit\u00e9 et vous pourrez imm\u00e9diatement profiter d'un magnifique sauna.<\/p>\n<h4><\/h4>\n<h4>CARACT\u00c9RISTIQUES<\/h4>\n<p><strong>Durabilit\u00e9 et haute qualit\u00e9<\/strong><\/p>\n<p>Rev\u00eatements en bois thermoform\u00e9 et mat\u00e9riaux d'int\u00e9rieur de premi\u00e8re qualit\u00e9, solutions technologiques modernes, charpentiers exp\u00e9riment\u00e9s.<\/p>\n<p><strong>Respect de l'environnement<\/strong><br \/>\nMat\u00e9riaux durables et production efficace avec un minimum de d\u00e9chets.<\/p>\n<p><strong>Sur mesure<\/strong><br \/>\nChoix de couleurs, de mat\u00e9riaux, d'options de conception et de caract\u00e9ristiques technologiques. Possibilit\u00e9 de projets sur mesure.<\/p>\n<p><strong>Climat de sauna \u00e9quilibr\u00e9<\/strong><br \/>\nChoix de diff\u00e9rents fours de sauna.<\/p>\n<p><strong>Facile \u00e0 d\u00e9placer<\/strong><br \/>\nCrochets sp\u00e9ciaux pour le levage par grue, mais aussi pour le d\u00e9placement par chariot \u00e9l\u00e9vateur.<\/p>\n<h4><\/h4>\n<h4><strong>PLUS D'INFORMATIONS<\/strong><\/h4>\n<p>Finition ext\u00e9rieure : bois blanc HT avec rev\u00eatement protecteur<br \/>\nRev\u00eatement ext\u00e9rieur : \u00e9pic\u00e9a finement sci\u00e9<br \/>\nCouleur de la porte en verre : claire<br \/>\nType de verre : Double vitrage, tremp\u00e9<br \/>\nInt\u00e9rieur : Whitewood HT<br \/>\nBanc et dossier : Forme en I<br \/>\nBandes LED d'\u00e9clairage derri\u00e8re le dossier et sous la banquette sup\u00e9rieure<br \/>\nRev\u00eatement de sol : Bois<br \/>\nPoutres de base Bois impr\u00e9gn\u00e9<\/p>\n<p>Poids : environ 1250 kg<\/p>\n<h4><\/h4>\n<h4><strong>LISTE DE CONTR\u00d4LE POUR L'INSTALLATION DU SAUNA<\/strong><\/h4>\n<p>&nbsp;<\/p>\n<p>SALLE DE TECHNOLOGIE<\/p>\n<p>Le local technique de ce sauna est accessible de l'ext\u00e9rieur. Veillez \u00e0 ce que le sauna soit branch\u00e9 par du personnel certifi\u00e9.<\/p>\n<p>SOL ET DRAINAGE<\/p>\n<p>Il est imp\u00e9ratif que le sauna soit plac\u00e9 sur un sol solide et ferme. Veillez \u00e0 ce que le sol soit de niveau ; un sol in\u00e9gal peut avoir des cons\u00e9quences n\u00e9gatives \u00e0 l'avenir.<\/p>\n<p>LES INSTALLATIONS TECHNIQUES N\u00c9CESSAIRES<\/p>\n<p>Les \u00e9quipements techniques varient d'un sauna \u00e0 l'autre et d'une cabine infrarouge \u00e0 l'autre. Au moment du devis ou de la commande, tous les \u00e9quipements n\u00e9cessaires sont sp\u00e9cifi\u00e9s.<\/p>\n<p>L'APPROVISIONNEMENT EN \u00c9LECTRICIT\u00c9<\/p>\n<p>Calcul de la puissance du po\u00eale du sauna : longueur de la cabine x largeur x hauteur x 1,25.<\/p>\n<p>Pour un po\u00eale de sauna jusqu'\u00e0 3,6 kW, une connexion de 230 V est suffisante. A partir de 4,5 kW, 400V ou 2 x 230V sont n\u00e9cessaires. En fonction du po\u00eale et de l'\u00e9clairage choisis, il faut d\u00e9terminer si l'\u00e9clairage est command\u00e9 par le po\u00eale du sauna ou si une deuxi\u00e8me alimentation \u00e9lectrique est n\u00e9cessaire pour l'\u00e9clairage. Un interrupteur d'isolement doit toujours \u00eatre pr\u00e9sent. Nous vous conseillons volontiers \u00e0 ce sujet.<\/p>\n<p>L'HYGI\u00c8NE ET L'ENTRETIEN<\/p>\n<p>L'utilisation d'une serviette emp\u00eachera les gouttes de sueur de tomber sur vos bancs. Pour pr\u00e9server votre po\u00eale : dans le cadre d'une utilisation priv\u00e9e r\u00e9guli\u00e8re, remplacez vos pierres de sauna tous les deux ans, ne les enfoncez pas dans le po\u00eale et n'en placez pas une pile en hauteur sur le po\u00eale.<\/p>\n<p>GARANTIE<\/p>\n<p>Dans le cadre d'une utilisation priv\u00e9e normale, 2 ans pour la cabine, \u00e0 l'exception des portes\/fen\u00eatres en verre et des lampes. Le po\u00eale du sauna et l'\u00e9lectronique 2 ans, sauf les \u00e9l\u00e9ments chauffants, car leur dur\u00e9e de vie d\u00e9pend fortement de la fa\u00e7on dont le po\u00eale est manipul\u00e9.<\/p>\n<p>&nbsp;<\/p>\n<p>&nbsp;<\/p>","protected":false},"excerpt":{"rendered":"<p>Kubus line Classic XXL | 575x205x248 cm Als u op zoek bent naar een modern en minimalistisch &#8220;plug-and-play&#8221; saunahuis voor uw achtertuin, dan is Kubus Classic precies wat u nodig hebt. Door de klassieke stijl te combineren met prachtige materialen, functioneel\u00a0 design en het vakkundige werk van de meestervakmensen van Cleopatra, is een hoogwaardige saunabeleving [&hellip;]<\/p>\n","protected":false},"featured_media":8460,"template":"","format":"standard","meta":{"_acf_changed":false},"product_brand":[347],"product_cat":[283],"product_tag":[],"class_list":{"0":"post-8435","1":"product","2":"type-product","3":"status-publish","4":"format-standard","5":"has-post-thumbnail","7":"product_brand-cleopatra","8":"product_cat-buitensaunas","10":"first","11":"onbackorder","12":"taxable","13":"shipping-taxable","14":"purchasable","15":"product-type-simple"},"acf":[],"_links":{"self":[{"href":"https:\/\/cleopatra.nl\/fr\/wp-json\/wp\/v2\/product\/8435","targetHints":{"allow":["GET"]}}],"collection":[{"href":"https:\/\/cleopatra.nl\/fr\/wp-json\/wp\/v2\/product"}],"about":[{"href":"https:\/\/cleopatra.nl\/fr\/wp-json\/wp\/v2\/types\/product"}],"wp:featuredmedia":[{"embeddable":true,"href":"https:\/\/cleopatra.nl\/fr\/wp-json\/wp\/v2\/media\/8460"}],"wp:attachment":[{"href":"https:\/\/cleopatra.nl\/fr\/wp-json\/wp\/v2\/media?parent=8435"}],"wp:term":[{"taxonomy":"product_brand","embeddable":true,"href":"https:\/\/cleopatra.nl\/fr\/wp-json\/wp\/v2\/product_brand?post=8435"},{"taxonomy":"product_cat","embeddable":true,"href":"https:\/\/cleopatra.nl\/fr\/wp-json\/wp\/v2\/product_cat?post=8435"},{"taxonomy":"product_tag","embeddable":true,"href":"https:\/\/cleopatra.nl\/fr\/wp-json\/wp\/v2\/product_tag?post=8435"}],"curies":[{"name":"wp","href":"https:\/\/api.w.org\/{rel}","templated":true}]}}